{"id":2575,"date":"2023-11-08T20:32:18","date_gmt":"2023-11-08T20:32:18","guid":{"rendered":"https:\/\/diaki-experiences.com\/?page_id=2575"},"modified":"2023-11-21T18:48:17","modified_gmt":"2023-11-21T18:48:17","slug":"securite-psychologique","status":"publish","type":"page","link":"https:\/\/diaki-experiences.com\/fr\/securite-psychologique\/","title":{"rendered":"S\u00e9curit\u00e9 psychologique"},"content":{"rendered":"\r\n<h1><b>La s\u00e9curit\u00e9 psychologique va au-del\u00e0 de la simple philosophie;\u00a0<\/b><br \/>c\u2019est une fa\u00e7on d\u2019\u00eatre.\u00a0<\/h1>\r\n<h1>\u00a0<\/h1>\r\n<p>Chez DIAKI, nous sommes guid\u00e9s par la compr\u00e9hension profonde de la s\u00e9curit\u00e9 psychologique telle qu\u2019elle est d\u00e9finie par Amy Edmondson \u2013 la conviction partag\u00e9e qu\u2019une \u00e9quipe est s\u00e9cure pour la prise de risques interpersonnels.\u00a0<\/p>\r\n<p>Il ne s\u2019agit pas seulement d\u2019un concept ; c\u2019est la pierre angulaire de notre engagement \u00e0 cr\u00e9er un environnement o\u00f9 chaque membre de l\u2019\u00e9quipe se sent autoris\u00e9 \u00e0 s\u2019exprimer, \u00e0 prendre des risques et \u00e0 apprendre de ses erreurs sans craindre de cons\u00e9quences n\u00e9gatives.\u00a0<\/p>\r\n<p>Il s\u2019agit de cr\u00e9er un espace o\u00f9 la prise de risque interpersonnelle n\u2019est pas seulement autoris\u00e9e, mais encourag\u00e9e. L\u2019adoption de cette philosophie demande de l\u2019engagement, en particulier lorsqu\u2019il s\u2019agit d\u2019apprendre des erreurs de mani\u00e8re ouverte et transparente, un principe que Mme Edmondson a d\u00e9voil\u00e9 dans le cadre de ses recherches sur les \u00e9quipes tr\u00e8s performantes.<\/p>\r\n<p>Pourtant, reconna\u00eetre ces principes est plus facile \u00e0 dire qu\u2019\u00e0 faire. Cela exige un engagement continu pour favoriser une atmosph\u00e8re o\u00f9 la confiance n\u2019est pas pr\u00e9sum\u00e9e mais gagn\u00e9e, o\u00f9 l\u2019engagement va au-del\u00e0 des mots et se traduit par des actes quotidiens. Il faut \u00eatre conscient de soi pour comprendre les nuances des forces et des d\u00e9fis de chaque membre de l\u2019\u00e9quipe et s\u2019engager \u00e0 cr\u00e9er un lieu de travail o\u00f9 les individus peuvent s\u2019exprimer de mani\u00e8re authentique.<\/p>\r\n<p>En tant qu\u2019anciens combattants et entrepreneurs, nous avons fait l\u2019exp\u00e9rience directe de l\u2019impact du leadership sur la cr\u00e9ation de la confiance, de la collaboration et d\u2019un espace s\u00e9curis\u00e9 permettant aux individus de s\u2019\u00e9panouir.\u00a0<\/p>\r\n<p>Choisir DIAKI, c\u2019est s\u2019engager dans un partenariat qui rel\u00e8ve ces d\u00e9fis, en comprenant que le voyage n\u2019est pas un chemin droit, mais une boucle continue d\u2019apprentissage, de croissance et d\u2019adaptation. Votre collaboration avec nous n\u2019est pas une simple transaction ; c\u2019est un engagement partag\u00e9 pour construire un lieu de travail o\u00f9 la s\u00e9curit\u00e9 psychologique n\u2019est pas seulement un mot \u00e0 la mode, mais une r\u00e9alit\u00e9 v\u00e9cue et o\u00f9 chaque membre de l\u2019\u00e9quipe joue un r\u00f4le vital dans l\u2019accomplissement de la mission. C\u2019est plus qu\u2019un engagement, c\u2019est un voyage partag\u00e9 vers la construction d\u2019un lieu de travail o\u00f9 les forces des individus sont c\u00e9l\u00e9br\u00e9es, o\u00f9 les erreurs sont des opportunit\u00e9s de croissance et o\u00f9 le succ\u00e8s est une r\u00e9ussite collective.\u00a0<\/p>\r\n<p>\u00a0<\/p>\r\n<h1>En nous dotant d\u2019outils robustes, nous donnons \u00e0 notre \u00e9quipe les moyens de fournir une expertise in\u00e9gal\u00e9e pour r\u00e9pondre \u00e0 tous vos besoins en mati\u00e8re de s\u00e9curit\u00e9 psychologique.\u00a0<\/h1>\r\n<p>\u00a0<\/p>\r\n<p><b><img loading=\"lazy\" decoding=\"async\" src=\"https:\/\/diaki-experiences.com\/wp-content\/uploads\/2023\/10\/A-blue-and-yellow-circle-with-text-Description-automatically-generated-300x300.png\" alt=\"\" width=\"38\" height=\"38\" \/> Apprendre ce qu\u2019est la s\u00e9curit\u00e9 psychologique\u00a0\u00a0\u00a0<\/b><\/p>\r\n<p><b><img loading=\"lazy\" decoding=\"async\" src=\"https:\/\/diaki-experiences.com\/wp-content\/uploads\/2023\/10\/A-blue-and-yellow-circle-with-text-Description-automatically-generated-300x300.png\" alt=\"\" width=\"38\" height=\"38\" \/> Mesurer votre niveau de r\u00e9f\u00e9rence<\/b><\/p>\r\n<p><b><img loading=\"lazy\" decoding=\"async\" src=\"https:\/\/diaki-experiences.com\/wp-content\/uploads\/2023\/10\/A-blue-and-yellow-circle-with-text-Description-automatically-generated-300x300.png\" alt=\"\" width=\"38\" height=\"38\" \/> Se d\u00e9velopper en tant qu\u2019\u00e9quipe<\/b>\u00a0<\/p>\r\n<p><b><img loading=\"lazy\" decoding=\"async\" src=\"https:\/\/diaki-experiences.com\/wp-content\/uploads\/2023\/10\/A-blue-and-yellow-circle-with-text-Description-automatically-generated-300x300.png\" alt=\"\" width=\"38\" height=\"38\" \/> ormation au leadership\u00a0<\/b><\/p>\r\n<p>\u00a0<\/p>\r\n<p><img loading=\"lazy\" decoding=\"async\" src=\"https:\/\/diaki-experiences.com\/wp-content\/uploads\/2023\/11\/Slide2.jpg\" alt=\"\" width=\"1280\" height=\"720\" \/><\/p>\r\n<h1><a href=\"https:\/\/diaki-experiences.com\/fr\/mesurer-la-securite-psychologique\/\" target=\"_blank\" rel=\"noopener\">En savoir plus sur la mesure de la s\u00e9curit\u00e9 psychologique\u00a0 <\/a><a href=\"https:\/\/mailchi.mp\/dd6e1ace58cd\/request\" target=\"_blank\" rel=\"noopener\"><img decoding=\"async\" src=\"https:\/\/diaki-experiences.com\/wp-content\/themes\/wp-bootstrap-4-child\/assets\/img\/icons\/interface\/icon-arrow-right-blue.svg\" \/><\/a><\/h1>\r\n<h1><a href=\"https:\/\/diaki-experiences.com\/fr\/atelier-sur-la-securite-psychologique\/\" target=\"_blank\" rel=\"noopener\">D\u00e9couvrez notre atelier sur la s\u00e9curit\u00e9 psychologique\u00a0<\/a><a href=\"https:\/\/mailchi.mp\/dd6e1ace58cd\/request\" target=\"_blank\" rel=\"noopener\"><img decoding=\"async\" src=\"https:\/\/diaki-experiences.com\/wp-content\/themes\/wp-bootstrap-4-child\/assets\/img\/icons\/interface\/icon-arrow-right-blue.svg\" \/><\/a><\/h1>\r\n<p><a href=\"https:\/\/us2.list-manage.com\/survey?u=65079c93661e4c951aa8d34a0&id=bff5d685cf&attribution=false\" target=\"_blank\" rel=\"noopener\"> Obtenir un devis <\/a> <a href=\"https:\/\/app.10to8.com\/book\/vywzvlnluaggeqrvzk\/?staff=250389&prevent-change-staff=true\" target=\"_blank\" rel=\"noopener\"> Fixer un rendez-vous <\/a><\/p>\r\n","protected":false},"excerpt":{"rendered":"<p>La s\u00e9curit\u00e9 psychologique va au-del\u00e0 de la simple philosophie;\u00a0c\u2019est une fa\u00e7on d\u2019\u00eatre.\u00a0 \u00a0 Chez DIAKI, nous sommes guid\u00e9s par la compr\u00e9hension profonde de la s\u00e9curit\u00e9 psychologique telle qu\u2019elle est d\u00e9finie par Amy Edmondson \u2013 la conviction partag\u00e9e qu\u2019une \u00e9quipe est s\u00e9cure pour la prise de risques interpersonnels.\u00a0 Il ne s\u2019agit pas seulement d\u2019un concept ; [&hellip;]<\/p>\n","protected":false},"author":2,"featured_media":2165,"parent":0,"menu_order":0,"comment_status":"closed","ping_status":"closed","template":"","meta":{"_acf_changed":false,"footnotes":""},"class_list":["post-2575","page","type-page","status-publish","has-post-thumbnail","hentry"],"acf":[],"yoast_head":"<!-- This site is optimized with the Yoast SEO plugin v25.2 - https:\/\/yoast.com\/wordpress\/plugins\/seo\/ -->\n<title>S\u00e9curit\u00e9 psychologique - Diaki Experiences<\/title>\n<meta name=\"robots\" content=\"index, follow, max-snippet:-1, max-image-preview:large, max-video-preview:-1\" \/>\n<link rel=\"canonical\" href=\"https:\/\/diaki-experiences.com\/fr\/securite-psychologique\/\" \/>\n<meta property=\"og:locale\" content=\"fr_FR\" \/>\n<meta property=\"og:type\" content=\"article\" \/>\n<meta property=\"og:title\" content=\"S\u00e9curit\u00e9 psychologique - Diaki Experiences\" \/>\n<meta property=\"og:description\" content=\"La s\u00e9curit\u00e9 psychologique va au-del\u00e0 de la simple philosophie;\u00a0c\u2019est une fa\u00e7on d\u2019\u00eatre.\u00a0 \u00a0 Chez DIAKI, nous sommes guid\u00e9s par la compr\u00e9hension profonde de la s\u00e9curit\u00e9 psychologique telle qu\u2019elle est d\u00e9finie par Amy Edmondson \u2013 la conviction partag\u00e9e qu\u2019une \u00e9quipe est s\u00e9cure pour la prise de risques interpersonnels.\u00a0 Il ne s\u2019agit pas seulement d\u2019un concept ; [&hellip;]\" \/>\n<meta property=\"og:url\" content=\"https:\/\/diaki-experiences.com\/fr\/securite-psychologique\/\" \/>\n<meta property=\"og:site_name\" content=\"Diaki Experiences\" \/>\n<meta property=\"article:modified_time\" content=\"2023-11-21T18:48:17+00:00\" \/>\n<meta property=\"og:image\" content=\"https:\/\/diaki-experiences.com\/wp-content\/uploads\/2023\/10\/Copy-of-OBETNEZ-VOTRE-PROFIL-NOVA-ET-4.png\" \/>\n\t<meta property=\"og:image:width\" content=\"940\" \/>\n\t<meta property=\"og:image:height\" content=\"788\" \/>\n\t<meta property=\"og:image:type\" content=\"image\/png\" \/>\n<meta name=\"twitter:card\" content=\"summary_large_image\" \/>\n<meta name=\"twitter:label1\" content=\"Dur\u00e9e de lecture estim\u00e9e\" \/>\n\t<meta name=\"twitter:data1\" content=\"2 minutes\" \/>\n<script type=\"application\/ld+json\" class=\"yoast-schema-graph\">{\"@context\":\"https:\/\/schema.org\",\"@graph\":[{\"@type\":\"WebPage\",\"@id\":\"https:\/\/diaki-experiences.com\/fr\/securite-psychologique\/\",\"url\":\"https:\/\/diaki-experiences.com\/fr\/securite-psychologique\/\",\"name\":\"S\u00e9curit\u00e9 psychologique - Diaki Experiences\",\"isPartOf\":{\"@id\":\"https:\/\/diaki-experiences.com\/#website\"},\"primaryImageOfPage\":{\"@id\":\"https:\/\/diaki-experiences.com\/fr\/securite-psychologique\/#primaryimage\"},\"image\":{\"@id\":\"https:\/\/diaki-experiences.com\/fr\/securite-psychologique\/#primaryimage\"},\"thumbnailUrl\":\"https:\/\/diaki-experiences.com\/wp-content\/uploads\/2023\/10\/Copy-of-OBETNEZ-VOTRE-PROFIL-NOVA-ET-4.png\",\"datePublished\":\"2023-11-08T20:32:18+00:00\",\"dateModified\":\"2023-11-21T18:48:17+00:00\",\"breadcrumb\":{\"@id\":\"https:\/\/diaki-experiences.com\/fr\/securite-psychologique\/#breadcrumb\"},\"inLanguage\":\"fr-FR\",\"potentialAction\":[{\"@type\":\"ReadAction\",\"target\":[\"https:\/\/diaki-experiences.com\/fr\/securite-psychologique\/\"]}]},{\"@type\":\"ImageObject\",\"inLanguage\":\"fr-FR\",\"@id\":\"https:\/\/diaki-experiences.com\/fr\/securite-psychologique\/#primaryimage\",\"url\":\"https:\/\/diaki-experiences.com\/wp-content\/uploads\/2023\/10\/Copy-of-OBETNEZ-VOTRE-PROFIL-NOVA-ET-4.png\",\"contentUrl\":\"https:\/\/diaki-experiences.com\/wp-content\/uploads\/2023\/10\/Copy-of-OBETNEZ-VOTRE-PROFIL-NOVA-ET-4.png\",\"width\":940,\"height\":788},{\"@type\":\"BreadcrumbList\",\"@id\":\"https:\/\/diaki-experiences.com\/fr\/securite-psychologique\/#breadcrumb\",\"itemListElement\":[{\"@type\":\"ListItem\",\"position\":1,\"name\":\"Home\",\"item\":\"https:\/\/diaki-experiences.com\/fr\/\"},{\"@type\":\"ListItem\",\"position\":2,\"name\":\"S\u00e9curit\u00e9 psychologique\"}]},{\"@type\":\"WebSite\",\"@id\":\"https:\/\/diaki-experiences.com\/#website\",\"url\":\"https:\/\/diaki-experiences.com\/\",\"name\":\"Diaki Experiences\",\"description\":\"\",\"potentialAction\":[{\"@type\":\"SearchAction\",\"target\":{\"@type\":\"EntryPoint\",\"urlTemplate\":\"https:\/\/diaki-experiences.com\/?s={search_term_string}\"},\"query-input\":{\"@type\":\"PropertyValueSpecification\",\"valueRequired\":true,\"valueName\":\"search_term_string\"}}],\"inLanguage\":\"fr-FR\"}]}<\/script>\n<!-- \/ Yoast SEO plugin. -->","yoast_head_json":{"title":"S\u00e9curit\u00e9 psychologique - Diaki Experiences","robots":{"index":"index","follow":"follow","max-snippet":"max-snippet:-1","max-image-preview":"max-image-preview:large","max-video-preview":"max-video-preview:-1"},"canonical":"https:\/\/diaki-experiences.com\/fr\/securite-psychologique\/","og_locale":"fr_FR","og_type":"article","og_title":"S\u00e9curit\u00e9 psychologique - Diaki Experiences","og_description":"La s\u00e9curit\u00e9 psychologique va au-del\u00e0 de la simple philosophie;\u00a0c\u2019est une fa\u00e7on d\u2019\u00eatre.\u00a0 \u00a0 Chez DIAKI, nous sommes guid\u00e9s par la compr\u00e9hension profonde de la s\u00e9curit\u00e9 psychologique telle qu\u2019elle est d\u00e9finie par Amy Edmondson \u2013 la conviction partag\u00e9e qu\u2019une \u00e9quipe est s\u00e9cure pour la prise de risques interpersonnels.\u00a0 Il ne s\u2019agit pas seulement d\u2019un concept ; [&hellip;]","og_url":"https:\/\/diaki-experiences.com\/fr\/securite-psychologique\/","og_site_name":"Diaki Experiences","article_modified_time":"2023-11-21T18:48:17+00:00","og_image":[{"width":940,"height":788,"url":"https:\/\/diaki-experiences.com\/wp-content\/uploads\/2023\/10\/Copy-of-OBETNEZ-VOTRE-PROFIL-NOVA-ET-4.png","type":"image\/png"}],"twitter_card":"summary_large_image","twitter_misc":{"Dur\u00e9e de lecture estim\u00e9e":"2 minutes"},"schema":{"@context":"https:\/\/schema.org","@graph":[{"@type":"WebPage","@id":"https:\/\/diaki-experiences.com\/fr\/securite-psychologique\/","url":"https:\/\/diaki-experiences.com\/fr\/securite-psychologique\/","name":"S\u00e9curit\u00e9 psychologique - Diaki Experiences","isPartOf":{"@id":"https:\/\/diaki-experiences.com\/#website"},"primaryImageOfPage":{"@id":"https:\/\/diaki-experiences.com\/fr\/securite-psychologique\/#primaryimage"},"image":{"@id":"https:\/\/diaki-experiences.com\/fr\/securite-psychologique\/#primaryimage"},"thumbnailUrl":"https:\/\/diaki-experiences.com\/wp-content\/uploads\/2023\/10\/Copy-of-OBETNEZ-VOTRE-PROFIL-NOVA-ET-4.png","datePublished":"2023-11-08T20:32:18+00:00","dateModified":"2023-11-21T18:48:17+00:00","breadcrumb":{"@id":"https:\/\/diaki-experiences.com\/fr\/securite-psychologique\/#breadcrumb"},"inLanguage":"fr-FR","potentialAction":[{"@type":"ReadAction","target":["https:\/\/diaki-experiences.com\/fr\/securite-psychologique\/"]}]},{"@type":"ImageObject","inLanguage":"fr-FR","@id":"https:\/\/diaki-experiences.com\/fr\/securite-psychologique\/#primaryimage","url":"https:\/\/diaki-experiences.com\/wp-content\/uploads\/2023\/10\/Copy-of-OBETNEZ-VOTRE-PROFIL-NOVA-ET-4.png","contentUrl":"https:\/\/diaki-experiences.com\/wp-content\/uploads\/2023\/10\/Copy-of-OBETNEZ-VOTRE-PROFIL-NOVA-ET-4.png","width":940,"height":788},{"@type":"BreadcrumbList","@id":"https:\/\/diaki-experiences.com\/fr\/securite-psychologique\/#breadcrumb","itemListElement":[{"@type":"ListItem","position":1,"name":"Home","item":"https:\/\/diaki-experiences.com\/fr\/"},{"@type":"ListItem","position":2,"name":"S\u00e9curit\u00e9 psychologique"}]},{"@type":"WebSite","@id":"https:\/\/diaki-experiences.com\/#website","url":"https:\/\/diaki-experiences.com\/","name":"Diaki Experiences","description":"","potentialAction":[{"@type":"SearchAction","target":{"@type":"EntryPoint","urlTemplate":"https:\/\/diaki-experiences.com\/?s={search_term_string}"},"query-input":{"@type":"PropertyValueSpecification","valueRequired":true,"valueName":"search_term_string"}}],"inLanguage":"fr-FR"}]}},"_links":{"self":[{"href":"https:\/\/diaki-experiences.com\/fr\/wp-json\/wp\/v2\/pages\/2575","targetHints":{"allow":["GET"]}}],"collection":[{"href":"https:\/\/diaki-experiences.com\/fr\/wp-json\/wp\/v2\/pages"}],"about":[{"href":"https:\/\/diaki-experiences.com\/fr\/wp-json\/wp\/v2\/types\/page"}],"author":[{"embeddable":true,"href":"https:\/\/diaki-experiences.com\/fr\/wp-json\/wp\/v2\/users\/2"}],"replies":[{"embeddable":true,"href":"https:\/\/diaki-experiences.com\/fr\/wp-json\/wp\/v2\/comments?post=2575"}],"version-history":[{"count":0,"href":"https:\/\/diaki-experiences.com\/fr\/wp-json\/wp\/v2\/pages\/2575\/revisions"}],"wp:featuredmedia":[{"embeddable":true,"href":"https:\/\/diaki-experiences.com\/fr\/wp-json\/wp\/v2\/media\/2165"}],"wp:attachment":[{"href":"https:\/\/diaki-experiences.com\/fr\/wp-json\/wp\/v2\/media?parent=2575"}],"curies":[{"name":"wp","href":"https:\/\/api.w.org\/{rel}","templated":true}]}}