{"id":2583,"date":"2023-11-09T16:34:17","date_gmt":"2023-11-09T16:34:17","guid":{"rendered":"https:\/\/diaki-experiences.com\/?page_id=2583"},"modified":"2023-11-15T13:54:54","modified_gmt":"2023-11-15T13:54:54","slug":"programme-de-leadership-dinclusion","status":"publish","type":"page","link":"https:\/\/diaki-experiences.com\/fr\/programme-de-leadership-dinclusion\/","title":{"rendered":"Programme de leadership d\u2019inclusion"},"content":{"rendered":"\r\n<h1><strong>PROGRAMME DE FORMATION HYBRIDE\u00a0<\/strong><\/h1>\r\n<p>Dans ce programme, vous prendrez conscience de ce que vous apportez en tant que membre d&rsquo;une \u00e9quipe et vous d\u00e9velopperez une meilleure compr\u00e9hension du style de relation que vous employez avec vos co\u00e9quipiers. Vous comprendrez \u00e9galement mieux les membres de votre \u00e9quipe et d\u00e9velopperez une plus grande empathie, ce qui vous aidera \u00e0 trouver des moyens d&rsquo;aborder les diff\u00e9rences et de r\u00e9soudre les conflits et les tensions.\u00a0<br \/>\u00a0<br \/>En travaillant avec un coach personnel, vous travaillerez sur votre responsabilit\u00e9 personnelle et apprendrez comment mieux collaborer avec les membres de votre \u00e9quipe, ce qui augmentera votre contribution et votre collaboration, ainsi que l&rsquo;efficacit\u00e9 globale de l&rsquo;\u00e9quipe.\u00a0<br \/>\u00a0<br \/>Plus important encore, cette formation offre \u00e0 votre \u00e9quipe l&rsquo;opportunit\u00e9 d&rsquo;approfondir la dynamique d&rsquo;\u00e9quipe et d&rsquo;am\u00e9liorer les relations en fonctions des r\u00f4les en favorisant la cr\u00e9ativit\u00e9, ce qui conduit \u00e0 une plus grande efficacit\u00e9 et \u00e0 une meilleure satisfaction g\u00e9n\u00e9rale de l&rsquo;\u00e9quipe.<\/p>\r\n<h1><strong>OBJECTIFS D&rsquo;APPRENTISSAGE DU PROGRAMME\u00a0<\/strong><\/h1>\r\n<p><img loading=\"lazy\" decoding=\"async\" title=\"Copy of DIAKI-DocProgrammeC2-Version1 (9)\" src=\"https:\/\/diaki-experiences.com\/wp-content\/uploads\/2023\/11\/Copy-of-DIAKI-DocProgrammeC2-Version1-9-e1699647473872.png\" alt=\"Copy of DIAKI-DocProgrammeC2-Version1 (9)\" width=\"1533\" height=\"1001\" \/> <img loading=\"lazy\" decoding=\"async\" title=\"Copy of DIAKI-DocProgrammeC2-Version1 (7)\" src=\"https:\/\/diaki-experiences.com\/wp-content\/uploads\/2023\/11\/Copy-of-DIAKI-DocProgrammeC2-Version1-7-e1699643537378.png\" alt=\"Copy of DIAKI-DocProgrammeC2-Version1 (7)\" width=\"1535\" height=\"280\" \/><\/p>\r\n<h1><strong>AGENDA DU PROGRAMME\u00a0<\/strong><\/h1>\r\n<p><img loading=\"lazy\" decoding=\"async\" title=\"Copy of DIAKI-DocProgrammeC2-Version1 (11)\" src=\"https:\/\/diaki-experiences.com\/wp-content\/uploads\/2023\/11\/Copy-of-DIAKI-DocProgrammeC2-Version1-11.png\" alt=\"Copy of DIAKI-DocProgrammeC2-Version1 (11)\" width=\"1545\" height=\"2000\" \/><\/p>\r\n<h1><strong>NOTRE APPROCHE<\/strong><\/h1>\r\n<p>Nous croyons que chaque membre de l&rsquo;\u00e9quipe peut \u00eatre un architecte du changement. L&rsquo;objectif de ce programme aura un impact durable sur votre \u00e9quipe. Le programme propose un \u00e9quilibre entre l&rsquo;autor\u00e9flexion, le travail en petits groupes et les discussions d&rsquo;\u00e9quipe.\u00a0<br \/>\u00a0<br \/>Le fait de travailler \u00e0 la fois au niveau individuel et au niveau de l&rsquo;\u00e9quipe permet \u00e0 chaque membre de l&rsquo;\u00e9quipe de contribuer \u00e0 un changement durable ayant un impact sur la culture organisationnelle. Notre formation est fond\u00e9e sur la s\u00e9curit\u00e9 psychologique, ce qui permet \u00e0 tous les participants de se sentir \u00e0 l&rsquo;aise en \u00e9tant eux-m\u00eames.\u00a0<br \/>\u00a0<br \/>Nous brisons la glace avec le d\u00e9briefing individuel du profil Nova. En commen\u00e7ant par ce travail individuel, les membres de l&rsquo;\u00e9quipe peuvent s&rsquo;engager pleinement pendant les sessions d&rsquo;\u00e9quipe. A la fin du programme, votre \u00e9quipe disposera de nombreux outils pour continuer \u00e0 apprendre et \u00e0 se d\u00e9velopper, \u00e0 la fois en tant qu&rsquo;individus et en tant qu&rsquo;\u00e9quipe.\u00a0<\/p>\r\n<p><img loading=\"lazy\" decoding=\"async\" title=\"Copy of DIAKI-DocProgrammeC2-Version1 (10)\" src=\"https:\/\/diaki-experiences.com\/wp-content\/uploads\/2023\/11\/Copy-of-DIAKI-DocProgrammeC2-Version1-10-e1699650331730.png\" alt=\"Copy of DIAKI-DocProgrammeC2-Version1 (10)\" width=\"1533\" height=\"1172\" \/> <a href=\"https:\/\/us2.list-manage.com\/survey?u=65079c93661e4c951aa8d34a0&amp;id=f4fd94e5ee&amp;attribution=false\" target=\"_blank\" rel=\"noopener\"> Obtenir un devis <\/a><\/p>\r\n<blockquote><b>Pour plus d&rsquo;informations, veuillez contacter<\/b><br \/><b>Christine Carignan<\/b><br \/><b>613.854.2765<\/b><br \/><a href=\"mailto:info@diaki-experiences.com\"><b>info@diaki-experiences.com<\/b><\/a>\u00a0<\/blockquote>\r\n<p><em>Faites le premier pas vers une \u00e9quipe r\u00e9siliente et responsabilis\u00e9e &#8211; inscrivez votre \u00e9quipe \u00e0 ce programme transformateur, en cliquant sur le bouton ci-dessous.\u00a0<\/em><\/p>\r\n<p><a href=\"https:\/\/app.10to8.com\/book\/vywzvlnluaggeqrvzk\/?staff=250389&amp;prevent-change-staff=true\" target=\"_blank\" rel=\"noopener\"> Fixer un rendez-vous <\/a><\/p>\r\n","protected":false},"excerpt":{"rendered":"<p>PROGRAMME DE FORMATION HYBRIDE\u00a0 Dans ce programme, vous prendrez conscience de ce que vous apportez en tant que membre d&rsquo;une \u00e9quipe et vous d\u00e9velopperez une meilleure compr\u00e9hension du style de relation que vous employez avec vos co\u00e9quipiers. Vous comprendrez \u00e9galement mieux les membres de votre \u00e9quipe et d\u00e9velopperez une plus grande empathie, ce qui vous [&hellip;]<\/p>\n","protected":false},"author":2,"featured_media":2177,"parent":0,"menu_order":0,"comment_status":"closed","ping_status":"closed","template":"","meta":{"_acf_changed":false,"footnotes":""},"class_list":["post-2583","page","type-page","status-publish","has-post-thumbnail","hentry"],"acf":[],"yoast_head":"<!-- This site is optimized with the Yoast SEO plugin v25.2 - https:\/\/yoast.com\/wordpress\/plugins\/seo\/ -->\n<title>Programme de leadership d\u2019inclusion - Diaki Experiences<\/title>\n<meta name=\"robots\" content=\"index, follow, max-snippet:-1, max-image-preview:large, max-video-preview:-1\" \/>\n<link rel=\"canonical\" href=\"https:\/\/diaki-experiences.com\/fr\/programme-de-leadership-dinclusion\/\" \/>\n<meta property=\"og:locale\" content=\"fr_FR\" \/>\n<meta property=\"og:type\" content=\"article\" \/>\n<meta property=\"og:title\" content=\"Programme de leadership d\u2019inclusion - Diaki Experiences\" \/>\n<meta property=\"og:description\" content=\"PROGRAMME DE FORMATION HYBRIDE\u00a0 Dans ce programme, vous prendrez conscience de ce que vous apportez en tant que membre d&rsquo;une \u00e9quipe et vous d\u00e9velopperez une meilleure compr\u00e9hension du style de relation que vous employez avec vos co\u00e9quipiers. Vous comprendrez \u00e9galement mieux les membres de votre \u00e9quipe et d\u00e9velopperez une plus grande empathie, ce qui vous [&hellip;]\" \/>\n<meta property=\"og:url\" content=\"https:\/\/diaki-experiences.com\/fr\/programme-de-leadership-dinclusion\/\" \/>\n<meta property=\"og:site_name\" content=\"Diaki Experiences\" \/>\n<meta property=\"article:modified_time\" content=\"2023-11-15T13:54:54+00:00\" \/>\n<meta property=\"og:image\" content=\"https:\/\/diaki-experiences.com\/wp-content\/uploads\/2023\/10\/Copy-of-OBETNEZ-VOTRE-PROFIL-NOVA-ET-5.png\" \/>\n\t<meta property=\"og:image:width\" content=\"940\" \/>\n\t<meta property=\"og:image:height\" content=\"788\" \/>\n\t<meta property=\"og:image:type\" content=\"image\/png\" \/>\n<meta name=\"twitter:card\" content=\"summary_large_image\" \/>\n<meta name=\"twitter:label1\" content=\"Dur\u00e9e de lecture estim\u00e9e\" \/>\n\t<meta name=\"twitter:data1\" content=\"2 minutes\" \/>\n<script type=\"application\/ld+json\" class=\"yoast-schema-graph\">{\"@context\":\"https:\/\/schema.org\",\"@graph\":[{\"@type\":\"WebPage\",\"@id\":\"https:\/\/diaki-experiences.com\/fr\/programme-de-leadership-dinclusion\/\",\"url\":\"https:\/\/diaki-experiences.com\/fr\/programme-de-leadership-dinclusion\/\",\"name\":\"Programme de leadership d\u2019inclusion - Diaki Experiences\",\"isPartOf\":{\"@id\":\"https:\/\/diaki-experiences.com\/#website\"},\"primaryImageOfPage\":{\"@id\":\"https:\/\/diaki-experiences.com\/fr\/programme-de-leadership-dinclusion\/#primaryimage\"},\"image\":{\"@id\":\"https:\/\/diaki-experiences.com\/fr\/programme-de-leadership-dinclusion\/#primaryimage\"},\"thumbnailUrl\":\"https:\/\/diaki-experiences.com\/wp-content\/uploads\/2023\/10\/Copy-of-OBETNEZ-VOTRE-PROFIL-NOVA-ET-5.png\",\"datePublished\":\"2023-11-09T16:34:17+00:00\",\"dateModified\":\"2023-11-15T13:54:54+00:00\",\"breadcrumb\":{\"@id\":\"https:\/\/diaki-experiences.com\/fr\/programme-de-leadership-dinclusion\/#breadcrumb\"},\"inLanguage\":\"fr-FR\",\"potentialAction\":[{\"@type\":\"ReadAction\",\"target\":[\"https:\/\/diaki-experiences.com\/fr\/programme-de-leadership-dinclusion\/\"]}]},{\"@type\":\"ImageObject\",\"inLanguage\":\"fr-FR\",\"@id\":\"https:\/\/diaki-experiences.com\/fr\/programme-de-leadership-dinclusion\/#primaryimage\",\"url\":\"https:\/\/diaki-experiences.com\/wp-content\/uploads\/2023\/10\/Copy-of-OBETNEZ-VOTRE-PROFIL-NOVA-ET-5.png\",\"contentUrl\":\"https:\/\/diaki-experiences.com\/wp-content\/uploads\/2023\/10\/Copy-of-OBETNEZ-VOTRE-PROFIL-NOVA-ET-5.png\",\"width\":940,\"height\":788},{\"@type\":\"BreadcrumbList\",\"@id\":\"https:\/\/diaki-experiences.com\/fr\/programme-de-leadership-dinclusion\/#breadcrumb\",\"itemListElement\":[{\"@type\":\"ListItem\",\"position\":1,\"name\":\"Home\",\"item\":\"https:\/\/diaki-experiences.com\/fr\/\"},{\"@type\":\"ListItem\",\"position\":2,\"name\":\"Programme de leadership d\u2019inclusion\"}]},{\"@type\":\"WebSite\",\"@id\":\"https:\/\/diaki-experiences.com\/#website\",\"url\":\"https:\/\/diaki-experiences.com\/\",\"name\":\"Diaki Experiences\",\"description\":\"\",\"potentialAction\":[{\"@type\":\"SearchAction\",\"target\":{\"@type\":\"EntryPoint\",\"urlTemplate\":\"https:\/\/diaki-experiences.com\/?s={search_term_string}\"},\"query-input\":{\"@type\":\"PropertyValueSpecification\",\"valueRequired\":true,\"valueName\":\"search_term_string\"}}],\"inLanguage\":\"fr-FR\"}]}<\/script>\n<!-- \/ Yoast SEO plugin. -->","yoast_head_json":{"title":"Programme de leadership d\u2019inclusion - Diaki Experiences","robots":{"index":"index","follow":"follow","max-snippet":"max-snippet:-1","max-image-preview":"max-image-preview:large","max-video-preview":"max-video-preview:-1"},"canonical":"https:\/\/diaki-experiences.com\/fr\/programme-de-leadership-dinclusion\/","og_locale":"fr_FR","og_type":"article","og_title":"Programme de leadership d\u2019inclusion - Diaki Experiences","og_description":"PROGRAMME DE FORMATION HYBRIDE\u00a0 Dans ce programme, vous prendrez conscience de ce que vous apportez en tant que membre d&rsquo;une \u00e9quipe et vous d\u00e9velopperez une meilleure compr\u00e9hension du style de relation que vous employez avec vos co\u00e9quipiers. Vous comprendrez \u00e9galement mieux les membres de votre \u00e9quipe et d\u00e9velopperez une plus grande empathie, ce qui vous [&hellip;]","og_url":"https:\/\/diaki-experiences.com\/fr\/programme-de-leadership-dinclusion\/","og_site_name":"Diaki Experiences","article_modified_time":"2023-11-15T13:54:54+00:00","og_image":[{"width":940,"height":788,"url":"https:\/\/diaki-experiences.com\/wp-content\/uploads\/2023\/10\/Copy-of-OBETNEZ-VOTRE-PROFIL-NOVA-ET-5.png","type":"image\/png"}],"twitter_card":"summary_large_image","twitter_misc":{"Dur\u00e9e de lecture estim\u00e9e":"2 minutes"},"schema":{"@context":"https:\/\/schema.org","@graph":[{"@type":"WebPage","@id":"https:\/\/diaki-experiences.com\/fr\/programme-de-leadership-dinclusion\/","url":"https:\/\/diaki-experiences.com\/fr\/programme-de-leadership-dinclusion\/","name":"Programme de leadership d\u2019inclusion - Diaki Experiences","isPartOf":{"@id":"https:\/\/diaki-experiences.com\/#website"},"primaryImageOfPage":{"@id":"https:\/\/diaki-experiences.com\/fr\/programme-de-leadership-dinclusion\/#primaryimage"},"image":{"@id":"https:\/\/diaki-experiences.com\/fr\/programme-de-leadership-dinclusion\/#primaryimage"},"thumbnailUrl":"https:\/\/diaki-experiences.com\/wp-content\/uploads\/2023\/10\/Copy-of-OBETNEZ-VOTRE-PROFIL-NOVA-ET-5.png","datePublished":"2023-11-09T16:34:17+00:00","dateModified":"2023-11-15T13:54:54+00:00","breadcrumb":{"@id":"https:\/\/diaki-experiences.com\/fr\/programme-de-leadership-dinclusion\/#breadcrumb"},"inLanguage":"fr-FR","potentialAction":[{"@type":"ReadAction","target":["https:\/\/diaki-experiences.com\/fr\/programme-de-leadership-dinclusion\/"]}]},{"@type":"ImageObject","inLanguage":"fr-FR","@id":"https:\/\/diaki-experiences.com\/fr\/programme-de-leadership-dinclusion\/#primaryimage","url":"https:\/\/diaki-experiences.com\/wp-content\/uploads\/2023\/10\/Copy-of-OBETNEZ-VOTRE-PROFIL-NOVA-ET-5.png","contentUrl":"https:\/\/diaki-experiences.com\/wp-content\/uploads\/2023\/10\/Copy-of-OBETNEZ-VOTRE-PROFIL-NOVA-ET-5.png","width":940,"height":788},{"@type":"BreadcrumbList","@id":"https:\/\/diaki-experiences.com\/fr\/programme-de-leadership-dinclusion\/#breadcrumb","itemListElement":[{"@type":"ListItem","position":1,"name":"Home","item":"https:\/\/diaki-experiences.com\/fr\/"},{"@type":"ListItem","position":2,"name":"Programme de leadership d\u2019inclusion"}]},{"@type":"WebSite","@id":"https:\/\/diaki-experiences.com\/#website","url":"https:\/\/diaki-experiences.com\/","name":"Diaki Experiences","description":"","potentialAction":[{"@type":"SearchAction","target":{"@type":"EntryPoint","urlTemplate":"https:\/\/diaki-experiences.com\/?s={search_term_string}"},"query-input":{"@type":"PropertyValueSpecification","valueRequired":true,"valueName":"search_term_string"}}],"inLanguage":"fr-FR"}]}},"_links":{"self":[{"href":"https:\/\/diaki-experiences.com\/fr\/wp-json\/wp\/v2\/pages\/2583","targetHints":{"allow":["GET"]}}],"collection":[{"href":"https:\/\/diaki-experiences.com\/fr\/wp-json\/wp\/v2\/pages"}],"about":[{"href":"https:\/\/diaki-experiences.com\/fr\/wp-json\/wp\/v2\/types\/page"}],"author":[{"embeddable":true,"href":"https:\/\/diaki-experiences.com\/fr\/wp-json\/wp\/v2\/users\/2"}],"replies":[{"embeddable":true,"href":"https:\/\/diaki-experiences.com\/fr\/wp-json\/wp\/v2\/comments?post=2583"}],"version-history":[{"count":0,"href":"https:\/\/diaki-experiences.com\/fr\/wp-json\/wp\/v2\/pages\/2583\/revisions"}],"wp:featuredmedia":[{"embeddable":true,"href":"https:\/\/diaki-experiences.com\/fr\/wp-json\/wp\/v2\/media\/2177"}],"wp:attachment":[{"href":"https:\/\/diaki-experiences.com\/fr\/wp-json\/wp\/v2\/media?parent=2583"}],"curies":[{"name":"wp","href":"https:\/\/api.w.org\/{rel}","templated":true}]}}