{"id":2587,"date":"2023-11-09T16:35:38","date_gmt":"2023-11-09T16:35:38","guid":{"rendered":"https:\/\/diaki-experiences.com\/?page_id=2587"},"modified":"2023-11-14T08:31:35","modified_gmt":"2023-11-14T08:31:35","slug":"atelier-cultiver-lexcellence-du-leadership","status":"publish","type":"page","link":"https:\/\/diaki-experiences.com\/fr\/atelier-cultiver-lexcellence-du-leadership\/","title":{"rendered":"Atelier: Cultiver l\u2019excellence du leadership"},"content":{"rendered":"\n\n\t<h1><strong>Nourrir une culture d\u2019excellence:<br \/>\n<\/strong>Cultiver la confiance, la s\u00e9curit\u00e9 psychologique en misant sur votre raison d\u2019\u00eatre<\/h1>\n<p>D\u00e9couvrez un nouveau regard du leadership. Plongez dans une exp\u00e9rience transformative de \u00a0\u00bbNourrir une culture d\u2019excellence\u202f: Cultiver la confiance, la s\u00e9curit\u00e9 psychologique en misant sur votre raison d\u2019\u00eatre.\u00a0\u00bb Cet atelier est con\u00e7u pour \u00e9lever les comp\u00e9tences en leadership, favoriser la synergie d\u2019\u00e9quipe et habiliter les participants \u00e0 diriger de mani\u00e8re authentique. \u00c0 travers des activit\u00e9s captivantes et des discussions, nous abordons la s\u00e9curit\u00e9 psychologique, le leadership inclusif et l\u2019importance de la clart\u00e9 de la raison d\u2019\u00eatre fondamentale. Notre objectif est non seulement d\u2019am\u00e9liorer vos capacit\u00e9s en leadership, mais aussi de cr\u00e9er un impact durable, inspirant confiance et transformation positive au sein de vos \u00e9quipes de votre organisation.<\/p>\n<p>\u00a0<\/p>\n<p>Rejoignez-nous dans cette aventure de d\u00e9couverte de soi et de collaboration, fa\u00e7onnant un avenir de leaders autonomes et prosp\u00e8res au sein de vos organisations.<\/p>\n<h1><strong><br \/>\nObjectifs de l\u2019atelier<br \/>\n<\/strong><\/h1>\n<p><img loading=\"lazy\" decoding=\"async\" src=\"https:\/\/diaki-experiences.com\/wp-content\/uploads\/2023\/10\/A-blue-and-yellow-circle-with-text-Description-automatically-generated-300x300.png\" alt=\"\" width=\"38\" height=\"38\" \/><strong> Am\u00e9lioration du leadership: <\/strong>L\u2019objectif principal est d\u2019am\u00e9liorer les comp\u00e9tences des participants en mati\u00e8re de leadership, quel que soit leur niveau de leadership actuel, par le biais d\u2019activit\u00e9s et de discussions immersives.<\/p>\n<img loading=\"lazy\" decoding=\"async\" src=\"https:\/\/diaki-experiences.com\/wp-content\/uploads\/2023\/10\/A-blue-and-yellow-circle-with-text-Description-automatically-generated-300x300.png\" alt=\"\" width=\"38\" height=\"38\" \/><strong>Synergie d\u2019\u00e9quipe:<\/strong> En explorant la dynamique d\u2019\u00e9quipe et les strat\u00e9gies de communication efficaces, l\u2019atelier vise \u00e0 aider les participants \u00e0 am\u00e9liorer le travail d\u2019\u00e9quipe et la collaboration au sein de leur organisation.\u00a0<br \/>\n<br \/>\n<img loading=\"lazy\" decoding=\"async\" src=\"https:\/\/diaki-experiences.com\/wp-content\/uploads\/2023\/10\/A-blue-and-yellow-circle-with-text-Description-automatically-generated-300x300.png\" alt=\"\" width=\"38\" height=\"38\" \/> <strong>Synergie d\u2019\u00e9quipe:<\/strong> En explorant la dynamique d\u2019\u00e9quipe et les strat\u00e9gies de communication efficaces, l\u2019atelier vise \u00e0 aider les participants \u00e0 am\u00e9liorer le travail d\u2019\u00e9quipe et la collaboration au sein de leur organisation.\u00a0\n<p><img loading=\"lazy\" decoding=\"async\" src=\"https:\/\/diaki-experiences.com\/wp-content\/uploads\/2023\/10\/A-blue-and-yellow-circle-with-text-Description-automatically-generated-300x300.png\" alt=\"\" width=\"38\" height=\"38\" \/> <strong>Leadership inclusif:<\/strong> Les participants apprendront \u00e0 favoriser l\u2019inclusion et la diversit\u00e9 au sein de leurs \u00e9quipes, en promouvant une culture qui valorise les diff\u00e9rentes perspectives.\u00a0<\/p>\n<p><img loading=\"lazy\" decoding=\"async\" src=\"https:\/\/diaki-experiences.com\/wp-content\/uploads\/2023\/10\/A-blue-and-yellow-circle-with-text-Description-automatically-generated-300x300.png\" alt=\"\" width=\"38\" height=\"38\" \/> <strong>Clart\u00e9 des objectifs fondamentaux:<\/strong> Gr\u00e2ce \u00e0 des exercices tels que la r\u00e9daction de d\u00e9clarations de notre raison d\u2019\u00eatre, les participants s\u2019efforceront de clarifier leurs valeurs personnelles et celles de leur \u00e9quipe, en alignant leurs actions sur leurs objectifs.<\/p>\n<p><img loading=\"lazy\" decoding=\"async\" src=\"https:\/\/diaki-experiences.com\/wp-content\/uploads\/2023\/10\/A-blue-and-yellow-circle-with-text-Description-automatically-generated-300x300.png\" alt=\"\" width=\"38\" height=\"38\" \/><strong> Leadership inspirant<\/strong><strong>:<\/strong> L\u2019atelier s\u2019efforce de donner aux participants les moyens de diriger avec authenticit\u00e9, d\u2019inspirer la confiance et de favoriser des progr\u00e8s significatifs au sein de leur organisation.<\/p>\n<p><img loading=\"lazy\" decoding=\"async\" src=\"https:\/\/diaki-experiences.com\/wp-content\/uploads\/2023\/10\/A-blue-and-yellow-circle-with-text-Description-automatically-generated-300x300.png\" alt=\"\" width=\"38\" height=\"38\" \/> <strong>R\u00e9seautage et collaboration:<\/strong> En r\u00e9unissant votre \u00e9quipe, l\u2019atelier vise \u00e0 faciliter les opportunit\u00e9s de r\u00e9seautage et de collaboration qui s\u2019\u00e9tendent au-del\u00e0 de l\u2019\u00e9v\u00e9nement.\u00a0<\/p>\n<p><img loading=\"lazy\" decoding=\"async\" src=\"https:\/\/diaki-experiences.com\/wp-content\/uploads\/2023\/10\/A-blue-and-yellow-circle-with-text-Description-automatically-generated-300x300.png\" alt=\"\" width=\"38\" height=\"38\" \/> <strong>Apprentissage continu:<\/strong> Les participants devraient quitter l\u2019atelier avec le d\u00e9sir de poursuivre leur apprentissage et leur d\u00e9veloppement dans leur parcours de leadership, en mettant en \u0153uvre les le\u00e7ons apprises dans leurs r\u00f4les quotidiens.\u00a0<\/p>\n<p><img loading=\"lazy\" decoding=\"async\" src=\"https:\/\/diaki-experiences.com\/wp-content\/uploads\/2023\/10\/A-blue-and-yellow-circle-with-text-Description-automatically-generated-300x300.png\" alt=\"\" width=\"38\" height=\"38\" \/><strong> Renforcement de la confiance: <\/strong>L\u2019atelier vise \u00e0 renforcer la confiance des participants dans leurs capacit\u00e9s de leadership, en les encourageant \u00e0 relever des d\u00e9fis et \u00e0 conduire des changements positifs. <\/p>\n<p><img loading=\"lazy\" decoding=\"async\" src=\"https:\/\/diaki-experiences.com\/wp-content\/uploads\/2023\/10\/A-blue-and-yellow-circle-with-text-Description-automatically-generated-300x300.png\" alt=\"\" width=\"38\" height=\"38\" \/> <strong>Impact durable:<\/strong> En fin de compte, l\u2019objectif de l\u2019atelier est de cr\u00e9er un impact durable sur les participants, en leur permettant de devenir les catalyseurs d\u2019une transformation positive au sein de leurs \u00e9quipes et de leur organisation.\u00a0<em>\u00a0<\/em><\/p>\n\t\t\t\t<img loading=\"lazy\" decoding=\"async\" src=\"https:\/\/diaki-experiences.com\/wp-content\/uploads\/2023\/11\/Copy-of-DIAKI-DocProgrammeC2-Version1-18-e1699950660584.png\" alt=\"Copy of DIAKI-DocProgrammeC2-Version1 (18)\" itemprop=\"image\" height=\"273\" width=\"1540\" title=\"Copy of DIAKI-DocProgrammeC2-Version1 (18)\" onerror=\"this.style.display='none'\"  \/>\n\t<h1><strong>Ordre du jour de l\u2019atelier<\/strong><\/h1>\n\t\t\t\t<img loading=\"lazy\" decoding=\"async\" src=\"https:\/\/diaki-experiences.com\/wp-content\/uploads\/2023\/11\/Copy-of-DIAKI-DocProgrammeC2-Version1-15-e1699899556815.png\" alt=\"Copy of DIAKI-DocProgrammeC2-Version1 (15)\" itemprop=\"image\" height=\"1365\" width=\"1538\" title=\"Copy of DIAKI-DocProgrammeC2-Version1 (15)\" onerror=\"this.style.display='none'\"  \/>\n\t<h1><br \/>\nAttentes<br \/>\n<\/h1>\n<p>\u00a0<\/p>\n<ul>\n<li><strong>Apprentissage exp\u00e9rientiel<\/strong><strong>:<\/strong> Les participants peuvent s\u2019attendre \u00e0 un environnement d\u2019apprentissage interactif et engageant o\u00f9 ils peuvent participer activement, partager leurs exp\u00e9riences et collaborer avec les autres participants.\u00a0<\/li>\n<li><strong>Application pratique:<\/strong> l\u2019atelier vise \u00e0 fournir des outils et des strat\u00e9gies pratiques que les participants peuvent imm\u00e9diatement appliquer \u00e0 leur r\u00f4le de leader et \u00e0 la dynamique de leur \u00e9quipe.<\/li>\n<li><strong>Dialogue ouvert:<\/strong> Attendez-vous \u00e0 des discussions ouvertes et \u00e0 un espace s\u00e9crutaire pour partager vos r\u00e9flexions, vos d\u00e9fis et vos id\u00e9es. L\u2019atelier encourage un environnement de dialogue ouvert et d\u2019apprentissage mutuel.\u00a0<\/li>\n<li><strong>Croissance personnelle:<\/strong> Les participants doivent s\u2019attendre \u00e0 un d\u00e9veloppement personnel et \u00e0 une prise de conscience de soi au fur et \u00e0 mesure qu\u2019ils explorent divers concepts de leadership et qu\u2019ils s\u2019engagent dans des activit\u00e9s d\u2019introspection.<\/li>\n<li><strong>R\u00e9seautage:<\/strong> L\u2019atelier est l\u2019occasion de nouer des liens et de cr\u00e9er de nouvelles connaissances.\u00a0<\/li>\n<\/ul>\n<h1>Cet atelier s\u2019adresse \u00e0 votre \u00e9quipe si\u2026\u00a0<\/h1>\n\t\t\t\t<img loading=\"lazy\" decoding=\"async\" src=\"https:\/\/diaki-experiences.com\/wp-content\/uploads\/2023\/11\/Copy-of-DIAKI-DocProgrammeC2-Version1-14-e1699900001341.png\" alt=\"Copy of DIAKI-DocProgrammeC2-Version1 (14)\" itemprop=\"image\" height=\"623\" width=\"1538\" title=\"Copy of DIAKI-DocProgrammeC2-Version1 (14)\" onerror=\"this.style.display='none'\"  \/>\n\t\t\t<a href=\"https:\/\/us2.list-manage.com\/survey?u=65079c93661e4c951aa8d34a0&id=f4fd94e5ee&attribution=false\" target=\"_blank\" rel=\"noopener\">\n\t\t\t\t\t\t\tObtenir un devis\n\t\t\t\t\t<\/a>\n\t<blockquote>Pour plus d\u2019informations, veuillez contacter<br \/>\nChristine Carignan<br \/>\n613.854.2765<br \/>\n<a href=\"mailto:info@diaki-experiences.com\"><b>info@diaki-experiences.com<\/b><\/a><\/blockquote>\n<p>Faites le premier pas vers une \u00e9quipe r\u00e9siliente et responsabilis\u00e9e \u2013 inscrivez votre \u00e9quipe \u00e0 ce programme transformateur, en cliquant sur le bouton ci-dessous.\u00a0<\/p>\n\t\t\t<a href=\"https:\/\/app.10to8.com\/book\/vywzvlnluaggeqrvzk\/?staff=250389&prevent-change-staff=true\" target=\"_blank\" rel=\"noopener\">\n\t\t\t\t\t\t\tFixer un rendez-vous\n\t\t\t\t\t<\/a>\n\n","protected":false},"excerpt":{"rendered":"<p>Nourrir une culture d\u2019excellence: Cultiver la confiance, la s\u00e9curit\u00e9 psychologique en misant sur votre raison d\u2019\u00eatre D\u00e9couvrez un nouveau regard du leadership. Plongez dans une exp\u00e9rience transformative de \u00a0\u00bbNourrir une culture d\u2019excellence\u202f: Cultiver la confiance, la s\u00e9curit\u00e9 psychologique en misant sur votre raison d\u2019\u00eatre.\u00a0\u00bb Cet atelier est con\u00e7u pour \u00e9lever les comp\u00e9tences en leadership, favoriser [&hellip;]<\/p>\n","protected":false},"author":2,"featured_media":2057,"parent":0,"menu_order":0,"comment_status":"closed","ping_status":"closed","template":"","meta":{"_acf_changed":false,"footnotes":""},"class_list":["post-2587","page","type-page","status-publish","has-post-thumbnail","hentry"],"acf":[],"yoast_head":"<!-- This site is optimized with the Yoast SEO plugin v25.2 - https:\/\/yoast.com\/wordpress\/plugins\/seo\/ -->\n<title>Atelier: Cultiver l\u2019excellence du leadership - Diaki Experiences<\/title>\n<meta name=\"robots\" content=\"index, follow, max-snippet:-1, max-image-preview:large, max-video-preview:-1\" \/>\n<link rel=\"canonical\" href=\"https:\/\/diaki-experiences.com\/fr\/atelier-cultiver-lexcellence-du-leadership\/\" \/>\n<meta property=\"og:locale\" content=\"fr_FR\" \/>\n<meta property=\"og:type\" content=\"article\" \/>\n<meta property=\"og:title\" content=\"Atelier: Cultiver l\u2019excellence du leadership - Diaki Experiences\" \/>\n<meta property=\"og:description\" content=\"Nourrir une culture d\u2019excellence: Cultiver la confiance, la s\u00e9curit\u00e9 psychologique en misant sur votre raison d\u2019\u00eatre D\u00e9couvrez un nouveau regard du leadership. Plongez dans une exp\u00e9rience transformative de \u00a0\u00bbNourrir une culture d\u2019excellence\u202f: Cultiver la confiance, la s\u00e9curit\u00e9 psychologique en misant sur votre raison d\u2019\u00eatre.\u00a0\u00bb Cet atelier est con\u00e7u pour \u00e9lever les comp\u00e9tences en leadership, favoriser [&hellip;]\" \/>\n<meta property=\"og:url\" content=\"https:\/\/diaki-experiences.com\/fr\/atelier-cultiver-lexcellence-du-leadership\/\" \/>\n<meta property=\"og:site_name\" content=\"Diaki Experiences\" \/>\n<meta property=\"article:modified_time\" content=\"2023-11-14T08:31:35+00:00\" \/>\n<meta property=\"og:image\" content=\"https:\/\/diaki-experiences.com\/wp-content\/uploads\/2023\/10\/Copy-of-OBETNEZ-VOTRE-PROFIL-NOVA-ET-7-e1696369607715.jpg\" \/>\n\t<meta property=\"og:image:width\" content=\"940\" \/>\n\t<meta property=\"og:image:height\" content=\"788\" \/>\n\t<meta property=\"og:image:type\" content=\"image\/jpeg\" \/>\n<meta name=\"twitter:card\" content=\"summary_large_image\" \/>\n<meta name=\"twitter:label1\" content=\"Dur\u00e9e de lecture estim\u00e9e\" \/>\n\t<meta name=\"twitter:data1\" content=\"3 minutes\" \/>\n<script type=\"application\/ld+json\" class=\"yoast-schema-graph\">{\"@context\":\"https:\/\/schema.org\",\"@graph\":[{\"@type\":\"WebPage\",\"@id\":\"https:\/\/diaki-experiences.com\/fr\/atelier-cultiver-lexcellence-du-leadership\/\",\"url\":\"https:\/\/diaki-experiences.com\/fr\/atelier-cultiver-lexcellence-du-leadership\/\",\"name\":\"Atelier: Cultiver l\u2019excellence du leadership - Diaki Experiences\",\"isPartOf\":{\"@id\":\"https:\/\/diaki-experiences.com\/#website\"},\"primaryImageOfPage\":{\"@id\":\"https:\/\/diaki-experiences.com\/fr\/atelier-cultiver-lexcellence-du-leadership\/#primaryimage\"},\"image\":{\"@id\":\"https:\/\/diaki-experiences.com\/fr\/atelier-cultiver-lexcellence-du-leadership\/#primaryimage\"},\"thumbnailUrl\":\"https:\/\/diaki-experiences.com\/wp-content\/uploads\/2023\/10\/Copy-of-OBETNEZ-VOTRE-PROFIL-NOVA-ET-7-e1696369607715.jpg\",\"datePublished\":\"2023-11-09T16:35:38+00:00\",\"dateModified\":\"2023-11-14T08:31:35+00:00\",\"breadcrumb\":{\"@id\":\"https:\/\/diaki-experiences.com\/fr\/atelier-cultiver-lexcellence-du-leadership\/#breadcrumb\"},\"inLanguage\":\"fr-FR\",\"potentialAction\":[{\"@type\":\"ReadAction\",\"target\":[\"https:\/\/diaki-experiences.com\/fr\/atelier-cultiver-lexcellence-du-leadership\/\"]}]},{\"@type\":\"ImageObject\",\"inLanguage\":\"fr-FR\",\"@id\":\"https:\/\/diaki-experiences.com\/fr\/atelier-cultiver-lexcellence-du-leadership\/#primaryimage\",\"url\":\"https:\/\/diaki-experiences.com\/wp-content\/uploads\/2023\/10\/Copy-of-OBETNEZ-VOTRE-PROFIL-NOVA-ET-7-e1696369607715.jpg\",\"contentUrl\":\"https:\/\/diaki-experiences.com\/wp-content\/uploads\/2023\/10\/Copy-of-OBETNEZ-VOTRE-PROFIL-NOVA-ET-7-e1696369607715.jpg\",\"width\":940,\"height\":788},{\"@type\":\"BreadcrumbList\",\"@id\":\"https:\/\/diaki-experiences.com\/fr\/atelier-cultiver-lexcellence-du-leadership\/#breadcrumb\",\"itemListElement\":[{\"@type\":\"ListItem\",\"position\":1,\"name\":\"Home\",\"item\":\"https:\/\/diaki-experiences.com\/fr\/\"},{\"@type\":\"ListItem\",\"position\":2,\"name\":\"Atelier: Cultiver l\u2019excellence du leadership\"}]},{\"@type\":\"WebSite\",\"@id\":\"https:\/\/diaki-experiences.com\/#website\",\"url\":\"https:\/\/diaki-experiences.com\/\",\"name\":\"Diaki Experiences\",\"description\":\"\",\"potentialAction\":[{\"@type\":\"SearchAction\",\"target\":{\"@type\":\"EntryPoint\",\"urlTemplate\":\"https:\/\/diaki-experiences.com\/?s={search_term_string}\"},\"query-input\":{\"@type\":\"PropertyValueSpecification\",\"valueRequired\":true,\"valueName\":\"search_term_string\"}}],\"inLanguage\":\"fr-FR\"}]}<\/script>\n<!-- \/ Yoast SEO plugin. -->","yoast_head_json":{"title":"Atelier: Cultiver l\u2019excellence du leadership - Diaki Experiences","robots":{"index":"index","follow":"follow","max-snippet":"max-snippet:-1","max-image-preview":"max-image-preview:large","max-video-preview":"max-video-preview:-1"},"canonical":"https:\/\/diaki-experiences.com\/fr\/atelier-cultiver-lexcellence-du-leadership\/","og_locale":"fr_FR","og_type":"article","og_title":"Atelier: Cultiver l\u2019excellence du leadership - Diaki Experiences","og_description":"Nourrir une culture d\u2019excellence: Cultiver la confiance, la s\u00e9curit\u00e9 psychologique en misant sur votre raison d\u2019\u00eatre D\u00e9couvrez un nouveau regard du leadership. Plongez dans une exp\u00e9rience transformative de \u00a0\u00bbNourrir une culture d\u2019excellence\u202f: Cultiver la confiance, la s\u00e9curit\u00e9 psychologique en misant sur votre raison d\u2019\u00eatre.\u00a0\u00bb Cet atelier est con\u00e7u pour \u00e9lever les comp\u00e9tences en leadership, favoriser [&hellip;]","og_url":"https:\/\/diaki-experiences.com\/fr\/atelier-cultiver-lexcellence-du-leadership\/","og_site_name":"Diaki Experiences","article_modified_time":"2023-11-14T08:31:35+00:00","og_image":[{"width":940,"height":788,"url":"https:\/\/diaki-experiences.com\/wp-content\/uploads\/2023\/10\/Copy-of-OBETNEZ-VOTRE-PROFIL-NOVA-ET-7-e1696369607715.jpg","type":"image\/jpeg"}],"twitter_card":"summary_large_image","twitter_misc":{"Dur\u00e9e de lecture estim\u00e9e":"3 minutes"},"schema":{"@context":"https:\/\/schema.org","@graph":[{"@type":"WebPage","@id":"https:\/\/diaki-experiences.com\/fr\/atelier-cultiver-lexcellence-du-leadership\/","url":"https:\/\/diaki-experiences.com\/fr\/atelier-cultiver-lexcellence-du-leadership\/","name":"Atelier: Cultiver l\u2019excellence du leadership - Diaki Experiences","isPartOf":{"@id":"https:\/\/diaki-experiences.com\/#website"},"primaryImageOfPage":{"@id":"https:\/\/diaki-experiences.com\/fr\/atelier-cultiver-lexcellence-du-leadership\/#primaryimage"},"image":{"@id":"https:\/\/diaki-experiences.com\/fr\/atelier-cultiver-lexcellence-du-leadership\/#primaryimage"},"thumbnailUrl":"https:\/\/diaki-experiences.com\/wp-content\/uploads\/2023\/10\/Copy-of-OBETNEZ-VOTRE-PROFIL-NOVA-ET-7-e1696369607715.jpg","datePublished":"2023-11-09T16:35:38+00:00","dateModified":"2023-11-14T08:31:35+00:00","breadcrumb":{"@id":"https:\/\/diaki-experiences.com\/fr\/atelier-cultiver-lexcellence-du-leadership\/#breadcrumb"},"inLanguage":"fr-FR","potentialAction":[{"@type":"ReadAction","target":["https:\/\/diaki-experiences.com\/fr\/atelier-cultiver-lexcellence-du-leadership\/"]}]},{"@type":"ImageObject","inLanguage":"fr-FR","@id":"https:\/\/diaki-experiences.com\/fr\/atelier-cultiver-lexcellence-du-leadership\/#primaryimage","url":"https:\/\/diaki-experiences.com\/wp-content\/uploads\/2023\/10\/Copy-of-OBETNEZ-VOTRE-PROFIL-NOVA-ET-7-e1696369607715.jpg","contentUrl":"https:\/\/diaki-experiences.com\/wp-content\/uploads\/2023\/10\/Copy-of-OBETNEZ-VOTRE-PROFIL-NOVA-ET-7-e1696369607715.jpg","width":940,"height":788},{"@type":"BreadcrumbList","@id":"https:\/\/diaki-experiences.com\/fr\/atelier-cultiver-lexcellence-du-leadership\/#breadcrumb","itemListElement":[{"@type":"ListItem","position":1,"name":"Home","item":"https:\/\/diaki-experiences.com\/fr\/"},{"@type":"ListItem","position":2,"name":"Atelier: Cultiver l\u2019excellence du leadership"}]},{"@type":"WebSite","@id":"https:\/\/diaki-experiences.com\/#website","url":"https:\/\/diaki-experiences.com\/","name":"Diaki Experiences","description":"","potentialAction":[{"@type":"SearchAction","target":{"@type":"EntryPoint","urlTemplate":"https:\/\/diaki-experiences.com\/?s={search_term_string}"},"query-input":{"@type":"PropertyValueSpecification","valueRequired":true,"valueName":"search_term_string"}}],"inLanguage":"fr-FR"}]}},"_links":{"self":[{"href":"https:\/\/diaki-experiences.com\/fr\/wp-json\/wp\/v2\/pages\/2587","targetHints":{"allow":["GET"]}}],"collection":[{"href":"https:\/\/diaki-experiences.com\/fr\/wp-json\/wp\/v2\/pages"}],"about":[{"href":"https:\/\/diaki-experiences.com\/fr\/wp-json\/wp\/v2\/types\/page"}],"author":[{"embeddable":true,"href":"https:\/\/diaki-experiences.com\/fr\/wp-json\/wp\/v2\/users\/2"}],"replies":[{"embeddable":true,"href":"https:\/\/diaki-experiences.com\/fr\/wp-json\/wp\/v2\/comments?post=2587"}],"version-history":[{"count":0,"href":"https:\/\/diaki-experiences.com\/fr\/wp-json\/wp\/v2\/pages\/2587\/revisions"}],"wp:featuredmedia":[{"embeddable":true,"href":"https:\/\/diaki-experiences.com\/fr\/wp-json\/wp\/v2\/media\/2057"}],"wp:attachment":[{"href":"https:\/\/diaki-experiences.com\/fr\/wp-json\/wp\/v2\/media?parent=2587"}],"curies":[{"name":"wp","href":"https:\/\/api.w.org\/{rel}","templated":true}]}}