{"id":2599,"date":"2023-11-09T16:51:18","date_gmt":"2023-11-09T16:51:18","guid":{"rendered":"https:\/\/diaki-experiences.com\/?page_id=2599"},"modified":"2023-11-16T17:21:02","modified_gmt":"2023-11-16T17:21:02","slug":"atelier-sur-la-securite-psychologique","status":"publish","type":"page","link":"https:\/\/diaki-experiences.com\/fr\/atelier-sur-la-securite-psychologique\/","title":{"rendered":"Atelier sur la s\u00e9curit\u00e9 psychologique"},"content":{"rendered":"\n\n\t<h1>Atelier d\u2019un jour<\/h1>\n<p>\u00a0<\/p>\n<ul>\n<li data-leveltext=\"%4.\" data-font=\"Calibri\" data-listid=\"1\" data-list-defn-props=\"{&quot;335552541&quot;:0,&quot;335559684&quot;:-1,&quot;335559685&quot;:2880,&quot;335559991&quot;:360,&quot;469769242&quot;:[65533,0],&quot;469777803&quot;:&quot;left&quot;,&quot;469777804&quot;:&quot;%4.&quot;,&quot;469777815&quot;:&quot;hybridMultilevel&quot;}\" aria-setsize=\"-1\" data-aria-posinset=\"1\" data-aria-level=\"4\">D\u00e9bloquez le pouvoir de la s\u00e9curit\u00e9 psychologique ! Rejoignez-nous pour un atelier transformateur d\u2019une journ\u00e9e au cours duquel nous approfondirons le concept essentiel de la s\u00e9curit\u00e9 psychologique. Cet environnement de vuln\u00e9rabilit\u00e9 r\u00e9compens\u00e9e n\u2019est plus seulement un concept \u2013 c\u2019est une condition que les employ\u00e9s recherchent pour leur bien-\u00eatre.\u00a0<\/li>\n<li data-leveltext=\"%4.\" data-font=\"Calibri\" data-listid=\"1\" data-list-defn-props=\"{&quot;335552541&quot;:0,&quot;335559684&quot;:-1,&quot;335559685&quot;:2880,&quot;335559991&quot;:360,&quot;469769242&quot;:[65533,0],&quot;469777803&quot;:&quot;left&quot;,&quot;469777804&quot;:&quot;%4.&quot;,&quot;469777815&quot;:&quot;hybridMultilevel&quot;}\" aria-setsize=\"-1\" data-aria-posinset=\"1\" data-aria-level=\"4\">Nous explorerons les trois forces motrices qui sous-tendent l\u2019explosion de la demande de s\u00e9curit\u00e9 psychologique :\n<ul>\n<li>L\u2019intersection de la vie personnelle et de la vie professionnelle ;\u00a0\u00a0<\/li>\n<li data-leveltext=\"%5.\" data-font=\"Calibri\" data-listid=\"1\" data-list-defn-props=\"{&quot;335552541&quot;:0,&quot;335559684&quot;:-1,&quot;335559685&quot;:3600,&quot;335559991&quot;:360,&quot;469769242&quot;:[65533,4],&quot;469777803&quot;:&quot;left&quot;,&quot;469777804&quot;:&quot;%5.&quot;,&quot;469777815&quot;:&quot;hybridMultilevel&quot;}\" aria-setsize=\"-1\" data-aria-posinset=\"2\" data-aria-level=\"5\">L\u2019\u00e9volution vers l\u2019autonomie et la contribution ; et\u00a0\u00a0 <\/li>\n<li data-leveltext=\"%5.\" data-font=\"Calibri\" data-listid=\"1\" data-list-defn-props=\"{&quot;335552541&quot;:0,&quot;335559684&quot;:-1,&quot;335559685&quot;:3600,&quot;335559991&quot;:360,&quot;469769242&quot;:[65533,4],&quot;469777803&quot;:&quot;left&quot;,&quot;469777804&quot;:&quot;%5.&quot;,&quot;469777815&quot;:&quot;hybridMultilevel&quot;}\" aria-setsize=\"-1\" data-aria-posinset=\"2\" data-aria-level=\"5\">Le besoin urgent de bien-\u00eatre mental et \u00e9motionnel. \u00a0<\/li>\n<\/ul>\n<\/li>\n<li data-leveltext=\"%4.\" data-font=\"Calibri\" data-listid=\"1\" data-list-defn-props=\"{&quot;335552541&quot;:0,&quot;335559684&quot;:-1,&quot;335559685&quot;:2880,&quot;335559991&quot;:360,&quot;469769242&quot;:[65533,0],&quot;469777803&quot;:&quot;left&quot;,&quot;469777804&quot;:&quot;%4.&quot;,&quot;469777815&quot;:&quot;hybridMultilevel&quot;}\" aria-setsize=\"-1\" data-aria-posinset=\"3\" data-aria-level=\"4\">Bas\u00e9 sur les travaux novateurs du Dr Timothy R. Clark, auteur des 4 phases de la s\u00e9curit\u00e9 psychologique, cet atelier vous est propos\u00e9 par DIAKI, une \u00e9quipe de coachs et formatrices certifi\u00e9e en s\u00e9curit\u00e9 psychologique de LeaderFactor.com. Participez \u00e0 la cr\u00e9ation d\u2019un environnement de travail plus inclusif.\u00a0<\/li>\n<\/ul>\n<h1><strong><br \/>\nObjectifs de l\u2019atelier<br \/>\n<\/strong><\/h1>\n<img loading=\"lazy\" decoding=\"async\" src=\"https:\/\/diaki-experiences.com\/wp-content\/uploads\/2023\/10\/A-blue-and-yellow-circle-with-text-Description-automatically-generated-300x300.png\" alt=\"\" width=\"38\" height=\"38\" \/> Am\u00e9liorer vos relations interpersonnelles dans toutes situations sociales\u00a0<br \/>\n<img loading=\"lazy\" decoding=\"async\" src=\"https:\/\/diaki-experiences.com\/wp-content\/uploads\/2023\/10\/A-blue-and-yellow-circle-with-text-Description-automatically-generated-300x300.png\" alt=\"\" width=\"38\" height=\"38\" \/> D\u00e9finir la s\u00e9curit\u00e9 psychologique\u00a0<br \/>\n<img loading=\"lazy\" decoding=\"async\" src=\"https:\/\/diaki-experiences.com\/wp-content\/uploads\/2023\/10\/A-blue-and-yellow-circle-with-text-Description-automatically-generated-300x300.png\" alt=\"\" width=\"38\" height=\"38\" \/> Les 4 phases de la s\u00e9curit\u00e9 psychologique\u00a0<br \/>\n<img loading=\"lazy\" decoding=\"async\" src=\"https:\/\/diaki-experiences.com\/wp-content\/uploads\/2023\/10\/A-blue-and-yellow-circle-with-text-Description-automatically-generated-300x300.png\" alt=\"\" width=\"38\" height=\"38\" \/> Donner l\u2019exemple et r\u00e9compenser la vuln\u00e9rabilit\u00e9\u00a0<br \/>\n<img loading=\"lazy\" decoding=\"async\" src=\"https:\/\/diaki-experiences.com\/wp-content\/uploads\/2023\/10\/A-blue-and-yellow-circle-with-text-Description-automatically-generated-300x300.png\" alt=\"\" width=\"38\" height=\"38\" \/> Transformer la culture de votre \u00e9quipe\u00a0<br \/>\n<img loading=\"lazy\" decoding=\"async\" src=\"https:\/\/diaki-experiences.com\/wp-content\/uploads\/2023\/10\/A-blue-and-yellow-circle-with-text-Description-automatically-generated-300x300.png\" alt=\"\" width=\"38\" height=\"38\" \/> Introduire un plan d\u2019action personnel\u00a0\n\t\t\t\t<img loading=\"lazy\" decoding=\"async\" src=\"https:\/\/diaki-experiences.com\/wp-content\/uploads\/2023\/11\/Copy-of-DIAKI-DocProgrammeC2-Version1-16-e1699950129408.png\" alt=\"Copy of DIAKI-DocProgrammeC2-Version1 (16)\" itemprop=\"image\" height=\"260\" width=\"1540\" title=\"Copy of DIAKI-DocProgrammeC2-Version1 (16)\" onerror=\"this.style.display='none'\"  \/>\n\t<h1><strong>Workshop Agenda<\/strong><\/h1>\n<p>\u00a0<\/p>\n<p><img loading=\"lazy\" decoding=\"async\" src=\"https:\/\/diaki-experiences.com\/wp-content\/uploads\/2023\/11\/Copy-of-DIAKI-DocProgrammeC2-Version1-24-e1699968581964-1024x1022.png\" alt=\"\" width=\"800\" height=\"798\" \/><\/p>\n<h1><strong><br \/>\nNotre approche<br \/>\n<\/strong><\/h1>\n<p>Au c\u0153ur de notre conviction se trouve l\u2019id\u00e9e que chaque membre de l\u2019\u00e9quipe a le potentiel d\u2019\u00eatre un catalyseur de changement. La formation est con\u00e7ue dans l\u2019intention de cr\u00e9er un impact durable sur votre \u00e9quipe en \u00e9tant la base d\u2019un nouveau d\u00e9part. Elle offre un m\u00e9lange harmonieux d\u2019autor\u00e9flexion, d\u2019activit\u00e9s en petits groupes et de discussions d\u2019\u00e9quipe. \u00a0<br \/>\u00a0<br \/>La journ\u00e9e combine strat\u00e9giquement des initiatives individuelles et collectives, permettant \u00e0 chaque membre de l\u2019\u00e9quipe de contribuer \u00e0 un changement culturel durable. Commencer par une r\u00e9flexion individuelle renforce l\u2019engagement pendant les sessions d\u2019\u00e9quipe. \u00c0 la fin de la journ\u00e9e, votre \u00e9quipe disposera d\u2019un ensemble d\u2019outils polyvalents pour l\u2019apprentissage et la croissance continus, ce qui profitera \u00e0 la fois aux individus et au d\u00e9veloppement collectif.\u00a0<br \/>\u00a0<\/p>\n<p>Cet atelier s\u2019adresse \u00e0 votre \u00e9quipe si\u2026\u00a0<\/p>\n<p><img loading=\"lazy\" decoding=\"async\" src=\"https:\/\/diaki-experiences.com\/wp-content\/uploads\/2023\/11\/Copy-of-DIAKI-DocProgrammeC2-Version1-25-e1699969972737-1024x457.png\" alt=\"\" width=\"800\" height=\"357\" \/><\/p>\n\t<p><a href=\"https:\/\/diaki-experiences.com\/fr\/mesurer-la-securite-psychologique\/\" target=\"_blank\" rel=\"noopener\">Consultez la rubrique Comment mesurer la s\u00e9curit\u00e9 psychologique\u00a0\u00a0<\/a><a href=\"https:\/\/drive.google.com\/file\/d\/1U2WiKmpUEpRgZni3kKpaPLJJ2ZGsz6zO\/view?usp=sharing\" target=\"_blank\" rel=\"noopener\"><img decoding=\"async\" src=\"https:\/\/diaki-experiences.com\/wp-content\/themes\/wp-bootstrap-4-child\/assets\/img\/icons\/interface\/icon-arrow-right-blue.svg\" \/><\/a><\/p>\n\t\t\t<a href=\"https:\/\/us2.list-manage.com\/survey?u=65079c93661e4c951aa8d34a0&id=f4fd94e5ee&attribution=false\" target=\"_blank\" rel=\"noopener\">\n\t\t\t\t\t\t\tObtenir un devis \n\t\t\t\t\t<\/a>\n\t<blockquote>Pour plus d\u2019informations, veuillez contacter<br \/>\nChristine Carignan<br \/>\n613.854.2765<br \/>\n<a href=\"mailto:info@diaki-experiences.com\">info@diaki-experiences.com<\/a><\/blockquote>\n<p><em>Faites le premier pas vers une \u00e9quipe r\u00e9siliente et responsabilis\u00e9e \u2013 inscrivez votre \u00e9quipe \u00e0 ce programme transformateur, en cliquant sur le bouton ci-dessous.\u00a0<\/em><\/p>\n\t\t\t<a href=\"https:\/\/app.10to8.com\/book\/vywzvlnluaggeqrvzk\/?staff=250389&prevent-change-staff=true\" target=\"_blank\" rel=\"noopener\">\n\t\t\t\t\t\t\tFixer un rendez-vous\n\t\t\t\t\t<\/a>\n\t<blockquote>\n<h2>Le chemin vers l\u2019inclusion commence par la s\u00e9curit\u00e9 psychologique \u2013 Dr Timothy Clark<\/h2>\n<\/blockquote>\n<p><a href=\"https:\/\/www.leaderfactor.com\/\" target=\"_blank\" rel=\"noopener\"><img loading=\"lazy\" decoding=\"async\" src=\"https:\/\/diaki-experiences.com\/wp-content\/uploads\/2023\/10\/leaderfactor2-300x91.png\" alt=\"\" width=\"300\" height=\"91\" \/><\/a><\/p>\n\t<p><a href=\"https:\/\/www.leaderfactor.com\/\" target=\"_blank\" rel=\"noopener\">En savoir plus sur le Dr Clark<\/a><a href=\"https:\/\/drive.google.com\/file\/d\/1U2WiKmpUEpRgZni3kKpaPLJJ2ZGsz6zO\/view?usp=sharing\" target=\"_blank\" rel=\"noopener\"><img decoding=\"async\" src=\"https:\/\/diaki-experiences.com\/wp-content\/themes\/wp-bootstrap-4-child\/assets\/img\/icons\/interface\/icon-arrow-right-blue.svg\" \/><\/a><\/p>\n\n","protected":false},"excerpt":{"rendered":"<p>Atelier d\u2019un jour \u00a0 D\u00e9bloquez le pouvoir de la s\u00e9curit\u00e9 psychologique ! Rejoignez-nous pour un atelier transformateur d\u2019une journ\u00e9e au cours duquel nous approfondirons le concept essentiel de la s\u00e9curit\u00e9 psychologique. Cet environnement de vuln\u00e9rabilit\u00e9 r\u00e9compens\u00e9e n\u2019est plus seulement un concept \u2013 c\u2019est une condition que les employ\u00e9s recherchent pour leur bien-\u00eatre.\u00a0 Nous explorerons les [&hellip;]<\/p>\n","protected":false},"author":2,"featured_media":2179,"parent":0,"menu_order":0,"comment_status":"closed","ping_status":"closed","template":"","meta":{"_acf_changed":false,"footnotes":""},"class_list":["post-2599","page","type-page","status-publish","has-post-thumbnail","hentry"],"acf":[],"yoast_head":"<!-- This site is optimized with the Yoast SEO plugin v25.2 - https:\/\/yoast.com\/wordpress\/plugins\/seo\/ -->\n<title>Atelier sur la s\u00e9curit\u00e9 psychologique - Diaki Experiences<\/title>\n<meta name=\"robots\" content=\"index, follow, max-snippet:-1, max-image-preview:large, max-video-preview:-1\" \/>\n<link rel=\"canonical\" href=\"https:\/\/diaki-experiences.com\/fr\/atelier-sur-la-securite-psychologique\/\" \/>\n<meta property=\"og:locale\" content=\"fr_FR\" \/>\n<meta property=\"og:type\" content=\"article\" \/>\n<meta property=\"og:title\" content=\"Atelier sur la s\u00e9curit\u00e9 psychologique - Diaki Experiences\" \/>\n<meta property=\"og:description\" content=\"Atelier d\u2019un jour \u00a0 D\u00e9bloquez le pouvoir de la s\u00e9curit\u00e9 psychologique ! Rejoignez-nous pour un atelier transformateur d\u2019une journ\u00e9e au cours duquel nous approfondirons le concept essentiel de la s\u00e9curit\u00e9 psychologique. Cet environnement de vuln\u00e9rabilit\u00e9 r\u00e9compens\u00e9e n\u2019est plus seulement un concept \u2013 c\u2019est une condition que les employ\u00e9s recherchent pour leur bien-\u00eatre.\u00a0 Nous explorerons les [&hellip;]\" \/>\n<meta property=\"og:url\" content=\"https:\/\/diaki-experiences.com\/fr\/atelier-sur-la-securite-psychologique\/\" \/>\n<meta property=\"og:site_name\" content=\"Diaki Experiences\" \/>\n<meta property=\"article:modified_time\" content=\"2023-11-16T17:21:02+00:00\" \/>\n<meta property=\"og:image\" content=\"https:\/\/diaki-experiences.com\/wp-content\/uploads\/2023\/10\/Copy-of-OBETNEZ-VOTRE-PROFIL-NOVA-ET-6.png\" \/>\n\t<meta property=\"og:image:width\" content=\"940\" \/>\n\t<meta property=\"og:image:height\" content=\"788\" \/>\n\t<meta property=\"og:image:type\" content=\"image\/png\" \/>\n<meta name=\"twitter:card\" content=\"summary_large_image\" \/>\n<meta name=\"twitter:label1\" content=\"Dur\u00e9e de lecture estim\u00e9e\" \/>\n\t<meta name=\"twitter:data1\" content=\"2 minutes\" \/>\n<script type=\"application\/ld+json\" class=\"yoast-schema-graph\">{\"@context\":\"https:\/\/schema.org\",\"@graph\":[{\"@type\":\"WebPage\",\"@id\":\"https:\/\/diaki-experiences.com\/fr\/atelier-sur-la-securite-psychologique\/\",\"url\":\"https:\/\/diaki-experiences.com\/fr\/atelier-sur-la-securite-psychologique\/\",\"name\":\"Atelier sur la s\u00e9curit\u00e9 psychologique - Diaki Experiences\",\"isPartOf\":{\"@id\":\"https:\/\/diaki-experiences.com\/#website\"},\"primaryImageOfPage\":{\"@id\":\"https:\/\/diaki-experiences.com\/fr\/atelier-sur-la-securite-psychologique\/#primaryimage\"},\"image\":{\"@id\":\"https:\/\/diaki-experiences.com\/fr\/atelier-sur-la-securite-psychologique\/#primaryimage\"},\"thumbnailUrl\":\"https:\/\/diaki-experiences.com\/wp-content\/uploads\/2023\/10\/Copy-of-OBETNEZ-VOTRE-PROFIL-NOVA-ET-6.png\",\"datePublished\":\"2023-11-09T16:51:18+00:00\",\"dateModified\":\"2023-11-16T17:21:02+00:00\",\"breadcrumb\":{\"@id\":\"https:\/\/diaki-experiences.com\/fr\/atelier-sur-la-securite-psychologique\/#breadcrumb\"},\"inLanguage\":\"fr-FR\",\"potentialAction\":[{\"@type\":\"ReadAction\",\"target\":[\"https:\/\/diaki-experiences.com\/fr\/atelier-sur-la-securite-psychologique\/\"]}]},{\"@type\":\"ImageObject\",\"inLanguage\":\"fr-FR\",\"@id\":\"https:\/\/diaki-experiences.com\/fr\/atelier-sur-la-securite-psychologique\/#primaryimage\",\"url\":\"https:\/\/diaki-experiences.com\/wp-content\/uploads\/2023\/10\/Copy-of-OBETNEZ-VOTRE-PROFIL-NOVA-ET-6.png\",\"contentUrl\":\"https:\/\/diaki-experiences.com\/wp-content\/uploads\/2023\/10\/Copy-of-OBETNEZ-VOTRE-PROFIL-NOVA-ET-6.png\",\"width\":940,\"height\":788},{\"@type\":\"BreadcrumbList\",\"@id\":\"https:\/\/diaki-experiences.com\/fr\/atelier-sur-la-securite-psychologique\/#breadcrumb\",\"itemListElement\":[{\"@type\":\"ListItem\",\"position\":1,\"name\":\"Home\",\"item\":\"https:\/\/diaki-experiences.com\/fr\/\"},{\"@type\":\"ListItem\",\"position\":2,\"name\":\"Atelier sur la s\u00e9curit\u00e9 psychologique\"}]},{\"@type\":\"WebSite\",\"@id\":\"https:\/\/diaki-experiences.com\/#website\",\"url\":\"https:\/\/diaki-experiences.com\/\",\"name\":\"Diaki Experiences\",\"description\":\"\",\"potentialAction\":[{\"@type\":\"SearchAction\",\"target\":{\"@type\":\"EntryPoint\",\"urlTemplate\":\"https:\/\/diaki-experiences.com\/?s={search_term_string}\"},\"query-input\":{\"@type\":\"PropertyValueSpecification\",\"valueRequired\":true,\"valueName\":\"search_term_string\"}}],\"inLanguage\":\"fr-FR\"}]}<\/script>\n<!-- \/ Yoast SEO plugin. -->","yoast_head_json":{"title":"Atelier sur la s\u00e9curit\u00e9 psychologique - Diaki Experiences","robots":{"index":"index","follow":"follow","max-snippet":"max-snippet:-1","max-image-preview":"max-image-preview:large","max-video-preview":"max-video-preview:-1"},"canonical":"https:\/\/diaki-experiences.com\/fr\/atelier-sur-la-securite-psychologique\/","og_locale":"fr_FR","og_type":"article","og_title":"Atelier sur la s\u00e9curit\u00e9 psychologique - Diaki Experiences","og_description":"Atelier d\u2019un jour \u00a0 D\u00e9bloquez le pouvoir de la s\u00e9curit\u00e9 psychologique ! Rejoignez-nous pour un atelier transformateur d\u2019une journ\u00e9e au cours duquel nous approfondirons le concept essentiel de la s\u00e9curit\u00e9 psychologique. Cet environnement de vuln\u00e9rabilit\u00e9 r\u00e9compens\u00e9e n\u2019est plus seulement un concept \u2013 c\u2019est une condition que les employ\u00e9s recherchent pour leur bien-\u00eatre.\u00a0 Nous explorerons les [&hellip;]","og_url":"https:\/\/diaki-experiences.com\/fr\/atelier-sur-la-securite-psychologique\/","og_site_name":"Diaki Experiences","article_modified_time":"2023-11-16T17:21:02+00:00","og_image":[{"width":940,"height":788,"url":"https:\/\/diaki-experiences.com\/wp-content\/uploads\/2023\/10\/Copy-of-OBETNEZ-VOTRE-PROFIL-NOVA-ET-6.png","type":"image\/png"}],"twitter_card":"summary_large_image","twitter_misc":{"Dur\u00e9e de lecture estim\u00e9e":"2 minutes"},"schema":{"@context":"https:\/\/schema.org","@graph":[{"@type":"WebPage","@id":"https:\/\/diaki-experiences.com\/fr\/atelier-sur-la-securite-psychologique\/","url":"https:\/\/diaki-experiences.com\/fr\/atelier-sur-la-securite-psychologique\/","name":"Atelier sur la s\u00e9curit\u00e9 psychologique - Diaki Experiences","isPartOf":{"@id":"https:\/\/diaki-experiences.com\/#website"},"primaryImageOfPage":{"@id":"https:\/\/diaki-experiences.com\/fr\/atelier-sur-la-securite-psychologique\/#primaryimage"},"image":{"@id":"https:\/\/diaki-experiences.com\/fr\/atelier-sur-la-securite-psychologique\/#primaryimage"},"thumbnailUrl":"https:\/\/diaki-experiences.com\/wp-content\/uploads\/2023\/10\/Copy-of-OBETNEZ-VOTRE-PROFIL-NOVA-ET-6.png","datePublished":"2023-11-09T16:51:18+00:00","dateModified":"2023-11-16T17:21:02+00:00","breadcrumb":{"@id":"https:\/\/diaki-experiences.com\/fr\/atelier-sur-la-securite-psychologique\/#breadcrumb"},"inLanguage":"fr-FR","potentialAction":[{"@type":"ReadAction","target":["https:\/\/diaki-experiences.com\/fr\/atelier-sur-la-securite-psychologique\/"]}]},{"@type":"ImageObject","inLanguage":"fr-FR","@id":"https:\/\/diaki-experiences.com\/fr\/atelier-sur-la-securite-psychologique\/#primaryimage","url":"https:\/\/diaki-experiences.com\/wp-content\/uploads\/2023\/10\/Copy-of-OBETNEZ-VOTRE-PROFIL-NOVA-ET-6.png","contentUrl":"https:\/\/diaki-experiences.com\/wp-content\/uploads\/2023\/10\/Copy-of-OBETNEZ-VOTRE-PROFIL-NOVA-ET-6.png","width":940,"height":788},{"@type":"BreadcrumbList","@id":"https:\/\/diaki-experiences.com\/fr\/atelier-sur-la-securite-psychologique\/#breadcrumb","itemListElement":[{"@type":"ListItem","position":1,"name":"Home","item":"https:\/\/diaki-experiences.com\/fr\/"},{"@type":"ListItem","position":2,"name":"Atelier sur la s\u00e9curit\u00e9 psychologique"}]},{"@type":"WebSite","@id":"https:\/\/diaki-experiences.com\/#website","url":"https:\/\/diaki-experiences.com\/","name":"Diaki Experiences","description":"","potentialAction":[{"@type":"SearchAction","target":{"@type":"EntryPoint","urlTemplate":"https:\/\/diaki-experiences.com\/?s={search_term_string}"},"query-input":{"@type":"PropertyValueSpecification","valueRequired":true,"valueName":"search_term_string"}}],"inLanguage":"fr-FR"}]}},"_links":{"self":[{"href":"https:\/\/diaki-experiences.com\/fr\/wp-json\/wp\/v2\/pages\/2599","targetHints":{"allow":["GET"]}}],"collection":[{"href":"https:\/\/diaki-experiences.com\/fr\/wp-json\/wp\/v2\/pages"}],"about":[{"href":"https:\/\/diaki-experiences.com\/fr\/wp-json\/wp\/v2\/types\/page"}],"author":[{"embeddable":true,"href":"https:\/\/diaki-experiences.com\/fr\/wp-json\/wp\/v2\/users\/2"}],"replies":[{"embeddable":true,"href":"https:\/\/diaki-experiences.com\/fr\/wp-json\/wp\/v2\/comments?post=2599"}],"version-history":[{"count":0,"href":"https:\/\/diaki-experiences.com\/fr\/wp-json\/wp\/v2\/pages\/2599\/revisions"}],"wp:featuredmedia":[{"embeddable":true,"href":"https:\/\/diaki-experiences.com\/fr\/wp-json\/wp\/v2\/media\/2179"}],"wp:attachment":[{"href":"https:\/\/diaki-experiences.com\/fr\/wp-json\/wp\/v2\/media?parent=2599"}],"curies":[{"name":"wp","href":"https:\/\/api.w.org\/{rel}","templated":true}]}}