{"id":2602,"date":"2023-11-09T16:55:21","date_gmt":"2023-11-09T16:55:21","guid":{"rendered":"https:\/\/diaki-experiences.com\/?page_id=2602"},"modified":"2023-11-20T17:56:31","modified_gmt":"2023-11-20T17:56:31","slug":"mesurer-la-securite-psychologique","status":"publish","type":"page","link":"https:\/\/diaki-experiences.com\/fr\/mesurer-la-securite-psychologique\/","title":{"rendered":"Mesurer la s\u00e9curit\u00e9 psychologique"},"content":{"rendered":"\n\n\t<h1>Qu\u2019est-ce que la s\u00e9curit\u00e9 psychologique ?<\/h1>\n<br \/>\nCr\u00e9er la s\u00e9curit\u00e9 psychologique n\u2019est pas seulement un concept ; c\u2019est un environnement tangible o\u00f9 les individus se sentent en s\u00e9curit\u00e9 pour prendre des risques interpersonnels. Il s\u2019agit de favoriser un lieu de travail o\u00f9 l\u2019expression des id\u00e9es, la prise d\u2019initiatives cr\u00e9atives et l\u2019authenticit\u00e9 sont non seulement encourag\u00e9es mais c\u00e9l\u00e9br\u00e9es. Pour atteindre ce niveau de s\u00e9curit\u00e9, il faut instaurer la confiance, promouvoir une communication ouverte et \u00e9tablir une culture de respect mutuel. Il ne s\u2019agit pas seulement d\u2019un objectif, mais d\u2019un engagement en faveur du bien-\u00eatre individuel, du travail d\u2019\u00e9quipe et de la r\u00e9ussite optimale de l\u2019organisation. Pr\u00eat \u00e0 passer \u00e0 l\u2019\u00e9tape suivante?\u00a0<br \/>\n\n<h1><strong><br \/>\nMesurer la s\u00e9curit\u00e9 psychologique:\u00a0<br \/>\n<\/strong><\/h1>\n<h2>\u00c9tablir les bases d\u2019un bien-\u00eatre durable sur le lieu de travail<\/h2>\n<p>\u00a0<\/p>\n<p>C\u2019est avec une sinc\u00e8re gratitude que nous sommes l\u2019un des rares cabinets d\u2019experts-conseils bilingues au Canada, fi\u00e8rement certifi\u00e9 par le Dr Timothy Clark. Ayant acc\u00e8s \u00e0 ses connaissances et ses outils inestimables, nous nous effor\u00e7ons constamment d\u2019atteindre l\u2019excellence, en nous assurant de continuer \u00e0 apprendre avec les meilleurs.<\/p>\n<ul>\n<li data-leveltext=\"%3.\" data-font=\"Calibri\" data-listid=\"1\" data-list-defn-props=\"{&quot;335552541&quot;:0,&quot;335559684&quot;:-1,&quot;335559685&quot;:2160,&quot;335559991&quot;:180,&quot;469769242&quot;:[65533,2],&quot;469777803&quot;:&quot;right&quot;,&quot;469777804&quot;:&quot;%3.&quot;,&quot;469777815&quot;:&quot;hybridMultilevel&quot;}\" aria-setsize=\"-1\" data-aria-posinset=\"2\" data-aria-level=\"3\">Docteur Clark est un anthropologue organisationnel. Il a \u00e9t\u00e9 l\u2019un des pionniers de la transformation culturelle fond\u00e9e sur les donn\u00e9es et fait figure d\u2019autorit\u00e9 mondiale dans le domaine du d\u00e9veloppement des cadres sup\u00e9rieurs.\u00a0 \u00a0<\/li>\n<li data-leveltext=\"%3.\" data-font=\"Calibri\" data-listid=\"1\" data-list-defn-props=\"{&quot;335552541&quot;:0,&quot;335559684&quot;:-1,&quot;335559685&quot;:2160,&quot;335559991&quot;:180,&quot;469769242&quot;:[65533,2],&quot;469777803&quot;:&quot;right&quot;,&quot;469777804&quot;:&quot;%3.&quot;,&quot;469777815&quot;:&quot;hybridMultilevel&quot;}\" aria-setsize=\"-1\" data-aria-posinset=\"3\" data-aria-level=\"3\">LeaderFactor dote DIAKI, et en fait tous nos clients, des ressources compl\u00e8tes n\u00e9cessaires \u00e0 l\u2019\u00e9tablissement et au maintien de la s\u00e9curit\u00e9 psychologique.\u00a0 \u00a0<\/li>\n<li data-leveltext=\"%3.\" data-font=\"Calibri\" data-listid=\"1\" data-list-defn-props=\"{&quot;335552541&quot;:0,&quot;335559684&quot;:-1,&quot;335559685&quot;:2160,&quot;335559991&quot;:180,&quot;469769242&quot;:[65533,2],&quot;469777803&quot;:&quot;right&quot;,&quot;469777804&quot;:&quot;%3.&quot;,&quot;469777815&quot;:&quot;hybridMultilevel&quot;}\" aria-setsize=\"-1\" data-aria-posinset=\"3\" data-aria-level=\"3\">L\u2019enqu\u00eate de l\u2019\u00e9quipe sur la s\u00e9curit\u00e9 psychologique mesure et am\u00e9liore<\/li>\n<\/ul>\n<ol>\n<li>L\u2019inclusion \u00a0<\/li>\n<li>Apprentissage\u00a0 \u00a0<\/li>\n<li>La performance \u00a0<\/li>\n<li>La transparence\u00a0<\/li>\n<\/ol>\n\t<p><a href=\"https:\/\/us2.list-manage.com\/survey?u=65079c93661e4c951aa8d34a0&id=bff5d685cf&attribution=false\" target=\"_blank\" rel=\"noopener\">Demandez un exemple d\u2019enqu\u00eate d\u2019\u00e9quipe <\/a><a href=\"https:\/\/drive.google.com\/file\/d\/1U2WiKmpUEpRgZni3kKpaPLJJ2ZGsz6zO\/view?usp=sharing\" target=\"_blank\" rel=\"noopener\"><img decoding=\"async\" src=\"https:\/\/diaki-experiences.com\/wp-content\/themes\/wp-bootstrap-4-child\/assets\/img\/icons\/interface\/icon-arrow-right-blue.svg\" \/><\/a><\/p>\n\t<ul>\n<li>L\u2019enqu\u00eate est men\u00e9e au niveau de l\u2019\u00e9quipe, l\u00e0 o\u00f9 se produit l\u2019impact culturel. Il y a 12 questions \u00e0 r\u00e9ponses rapides et 4 questions \u00e0 r\u00e9ponse ouverte. Cela ne prend que 5 minutes et vous obtenez des donn\u00e9es exploitables.<br \/><\/li>\n<\/ul>\n<p>\u00a0<\/p>\n<p><img loading=\"lazy\" decoding=\"async\" src=\"https:\/\/diaki-experiences.com\/wp-content\/uploads\/2023\/10\/Picture1.png\" alt=\"\" width=\"590\" height=\"594\" \/><\/p>\n\t<p><a href=\"https:\/\/us2.list-manage.com\/survey?u=65079c93661e4c951aa8d34a0&id=bff5d685cf&attribution=false\" target=\"_blank\" rel=\"noopener\">Demandez un exemple d\u2019enqu\u00eate d\u2019\u00e9quipe <\/a><a href=\"https:\/\/drive.google.com\/file\/d\/1U2WiKmpUEpRgZni3kKpaPLJJ2ZGsz6zO\/view?usp=sharing\" target=\"_blank\" rel=\"noopener\"><img decoding=\"async\" src=\"https:\/\/diaki-experiences.com\/wp-content\/themes\/wp-bootstrap-4-child\/assets\/img\/icons\/interface\/icon-arrow-right-blue.svg\" \/><\/a><\/p>\n\t<p>Prochaines \u00e9tapes<\/p>\n<ul>\n<li>Comparez vos \u00e9quipes \u00e0 des r\u00e9f\u00e9rences mondiales.<\/li>\n<li>D\u00e9couvrez quelles sont les variables qui influencent le plus la s\u00e9curit\u00e9 psychologique.<\/li>\n<li>Responsabiliser les dirigeants et les membres de l\u2019\u00e9quipe.<\/li>\n<\/ul>\n\t<p><a href=\"https:\/\/us2.list-manage.com\/survey?u=65079c93661e4c951aa8d34a0&id=bff5d685cf&attribution=false\" target=\"_blank\" rel=\"noopener\">Demander le guide des comportements sur la s\u00e9curit\u00e9 psychologique\u00a0 <\/a><a href=\"https:\/\/drive.google.com\/file\/d\/1U2WiKmpUEpRgZni3kKpaPLJJ2ZGsz6zO\/view?usp=sharing\" target=\"_blank\" rel=\"noopener\"><img decoding=\"async\" src=\"https:\/\/diaki-experiences.com\/wp-content\/themes\/wp-bootstrap-4-child\/assets\/img\/icons\/interface\/icon-arrow-right-blue.svg\" \/><\/a><\/p>\n\t<p><a href=\"https:\/\/diaki-experiences.com\/fr\/atelier-sur-la-securite-psychologique\/\" target=\"_blank\" rel=\"noopener\">D\u00e9couvrez notre atelier sur la s\u00e9curit\u00e9 psychologique \u00a0<\/a><a href=\"https:\/\/drive.google.com\/file\/d\/1U2WiKmpUEpRgZni3kKpaPLJJ2ZGsz6zO\/view?usp=sharing\" target=\"_blank\" rel=\"noopener\"><img decoding=\"async\" src=\"https:\/\/diaki-experiences.com\/wp-content\/themes\/wp-bootstrap-4-child\/assets\/img\/icons\/interface\/icon-arrow-right-blue.svg\" \/><\/a><\/p>\n\t<blockquote><p>Vous cherchez plus d\u2019informations sur la s\u00e9curit\u00e9 psychologique\u00a0<\/p><\/blockquote>\n\t\t\t<a href=\"https:\/\/us2.list-manage.com\/survey?u=65079c93661e4c951aa8d34a0&id=bff5d685cf&attribution=false\" target=\"_blank\" rel=\"noopener\">\n\t\t\t\t\t\t\tObtenir un devis\n\t\t\t\t\t<\/a>\n\t\t\t<a href=\"https:\/\/app.10to8.com\/book\/vywzvlnluaggeqrvzk\/?staff=250389&prevent-change-staff=true\" target=\"_blank\" rel=\"noopener\">\n\t\t\t\t\t\t\tFixer un rendez-vous\n\t\t\t\t\t<\/a>\n\t<blockquote>\n<h2>Le chemin vers l\u2019inclusion commence par la s\u00e9curit\u00e9 psychologique \u2013 Dr Timothy Clark<\/h2>\n<\/blockquote>\n<p><a href=\"https:\/\/www.leaderfactor.com\/\" target=\"_blank\" rel=\"noopener\"><img loading=\"lazy\" decoding=\"async\" src=\"https:\/\/diaki-experiences.com\/wp-content\/uploads\/2023\/10\/leaderfactor2-300x91.png\" alt=\"\" width=\"300\" height=\"91\" \/><\/a><\/p>\n\t<p><a href=\"https:\/\/www.leaderfactor.com\/\" target=\"_blank\" rel=\"noopener\">En savoir plus sur le Dr Clark<\/a><a href=\"https:\/\/drive.google.com\/file\/d\/1U2WiKmpUEpRgZni3kKpaPLJJ2ZGsz6zO\/view?usp=sharing\" target=\"_blank\" rel=\"noopener\"><img decoding=\"async\" src=\"https:\/\/diaki-experiences.com\/wp-content\/themes\/wp-bootstrap-4-child\/assets\/img\/icons\/interface\/icon-arrow-right-blue.svg\" \/><\/a><\/p>\n\n","protected":false},"excerpt":{"rendered":"<p>Qu\u2019est-ce que la s\u00e9curit\u00e9 psychologique ? Cr\u00e9er la s\u00e9curit\u00e9 psychologique n\u2019est pas seulement un concept ; c\u2019est un environnement tangible o\u00f9 les individus se sentent en s\u00e9curit\u00e9 pour prendre des risques interpersonnels. Il s\u2019agit de favoriser un lieu de travail o\u00f9 l\u2019expression des id\u00e9es, la prise d\u2019initiatives cr\u00e9atives et l\u2019authenticit\u00e9 sont non seulement encourag\u00e9es mais [&hellip;]<\/p>\n","protected":false},"author":2,"featured_media":2217,"parent":0,"menu_order":0,"comment_status":"closed","ping_status":"closed","template":"","meta":{"_acf_changed":false,"footnotes":""},"class_list":["post-2602","page","type-page","status-publish","has-post-thumbnail","hentry"],"acf":[],"yoast_head":"<!-- This site is optimized with the Yoast SEO plugin v25.2 - https:\/\/yoast.com\/wordpress\/plugins\/seo\/ -->\n<title>Mesurer la s\u00e9curit\u00e9 psychologique - Diaki Experiences<\/title>\n<meta name=\"robots\" content=\"index, follow, max-snippet:-1, max-image-preview:large, max-video-preview:-1\" \/>\n<link rel=\"canonical\" href=\"https:\/\/diaki-experiences.com\/fr\/mesurer-la-securite-psychologique\/\" \/>\n<meta property=\"og:locale\" content=\"fr_FR\" \/>\n<meta property=\"og:type\" content=\"article\" \/>\n<meta property=\"og:title\" content=\"Mesurer la s\u00e9curit\u00e9 psychologique - Diaki Experiences\" \/>\n<meta property=\"og:description\" content=\"Qu\u2019est-ce que la s\u00e9curit\u00e9 psychologique ? Cr\u00e9er la s\u00e9curit\u00e9 psychologique n\u2019est pas seulement un concept ; c\u2019est un environnement tangible o\u00f9 les individus se sentent en s\u00e9curit\u00e9 pour prendre des risques interpersonnels. Il s\u2019agit de favoriser un lieu de travail o\u00f9 l\u2019expression des id\u00e9es, la prise d\u2019initiatives cr\u00e9atives et l\u2019authenticit\u00e9 sont non seulement encourag\u00e9es mais [&hellip;]\" \/>\n<meta property=\"og:url\" content=\"https:\/\/diaki-experiences.com\/fr\/mesurer-la-securite-psychologique\/\" \/>\n<meta property=\"og:site_name\" content=\"Diaki Experiences\" \/>\n<meta property=\"article:modified_time\" content=\"2023-11-20T17:56:31+00:00\" \/>\n<meta property=\"og:image\" content=\"https:\/\/diaki-experiences.com\/wp-content\/uploads\/2023\/10\/Copy-of-OBETNEZ-VOTRE-PROFIL-NOVA-ET-11.png\" \/>\n\t<meta property=\"og:image:width\" content=\"940\" \/>\n\t<meta property=\"og:image:height\" content=\"788\" \/>\n\t<meta property=\"og:image:type\" content=\"image\/png\" \/>\n<meta name=\"twitter:card\" content=\"summary_large_image\" \/>\n<meta name=\"twitter:label1\" content=\"Dur\u00e9e de lecture estim\u00e9e\" \/>\n\t<meta name=\"twitter:data1\" content=\"2 minutes\" \/>\n<script type=\"application\/ld+json\" class=\"yoast-schema-graph\">{\"@context\":\"https:\/\/schema.org\",\"@graph\":[{\"@type\":\"WebPage\",\"@id\":\"https:\/\/diaki-experiences.com\/fr\/mesurer-la-securite-psychologique\/\",\"url\":\"https:\/\/diaki-experiences.com\/fr\/mesurer-la-securite-psychologique\/\",\"name\":\"Mesurer la s\u00e9curit\u00e9 psychologique - Diaki Experiences\",\"isPartOf\":{\"@id\":\"https:\/\/diaki-experiences.com\/#website\"},\"primaryImageOfPage\":{\"@id\":\"https:\/\/diaki-experiences.com\/fr\/mesurer-la-securite-psychologique\/#primaryimage\"},\"image\":{\"@id\":\"https:\/\/diaki-experiences.com\/fr\/mesurer-la-securite-psychologique\/#primaryimage\"},\"thumbnailUrl\":\"https:\/\/diaki-experiences.com\/wp-content\/uploads\/2023\/10\/Copy-of-OBETNEZ-VOTRE-PROFIL-NOVA-ET-11.png\",\"datePublished\":\"2023-11-09T16:55:21+00:00\",\"dateModified\":\"2023-11-20T17:56:31+00:00\",\"breadcrumb\":{\"@id\":\"https:\/\/diaki-experiences.com\/fr\/mesurer-la-securite-psychologique\/#breadcrumb\"},\"inLanguage\":\"fr-FR\",\"potentialAction\":[{\"@type\":\"ReadAction\",\"target\":[\"https:\/\/diaki-experiences.com\/fr\/mesurer-la-securite-psychologique\/\"]}]},{\"@type\":\"ImageObject\",\"inLanguage\":\"fr-FR\",\"@id\":\"https:\/\/diaki-experiences.com\/fr\/mesurer-la-securite-psychologique\/#primaryimage\",\"url\":\"https:\/\/diaki-experiences.com\/wp-content\/uploads\/2023\/10\/Copy-of-OBETNEZ-VOTRE-PROFIL-NOVA-ET-11.png\",\"contentUrl\":\"https:\/\/diaki-experiences.com\/wp-content\/uploads\/2023\/10\/Copy-of-OBETNEZ-VOTRE-PROFIL-NOVA-ET-11.png\",\"width\":940,\"height\":788},{\"@type\":\"BreadcrumbList\",\"@id\":\"https:\/\/diaki-experiences.com\/fr\/mesurer-la-securite-psychologique\/#breadcrumb\",\"itemListElement\":[{\"@type\":\"ListItem\",\"position\":1,\"name\":\"Home\",\"item\":\"https:\/\/diaki-experiences.com\/fr\/\"},{\"@type\":\"ListItem\",\"position\":2,\"name\":\"Mesurer la s\u00e9curit\u00e9 psychologique\"}]},{\"@type\":\"WebSite\",\"@id\":\"https:\/\/diaki-experiences.com\/#website\",\"url\":\"https:\/\/diaki-experiences.com\/\",\"name\":\"Diaki Experiences\",\"description\":\"\",\"potentialAction\":[{\"@type\":\"SearchAction\",\"target\":{\"@type\":\"EntryPoint\",\"urlTemplate\":\"https:\/\/diaki-experiences.com\/?s={search_term_string}\"},\"query-input\":{\"@type\":\"PropertyValueSpecification\",\"valueRequired\":true,\"valueName\":\"search_term_string\"}}],\"inLanguage\":\"fr-FR\"}]}<\/script>\n<!-- \/ Yoast SEO plugin. -->","yoast_head_json":{"title":"Mesurer la s\u00e9curit\u00e9 psychologique - Diaki Experiences","robots":{"index":"index","follow":"follow","max-snippet":"max-snippet:-1","max-image-preview":"max-image-preview:large","max-video-preview":"max-video-preview:-1"},"canonical":"https:\/\/diaki-experiences.com\/fr\/mesurer-la-securite-psychologique\/","og_locale":"fr_FR","og_type":"article","og_title":"Mesurer la s\u00e9curit\u00e9 psychologique - Diaki Experiences","og_description":"Qu\u2019est-ce que la s\u00e9curit\u00e9 psychologique ? Cr\u00e9er la s\u00e9curit\u00e9 psychologique n\u2019est pas seulement un concept ; c\u2019est un environnement tangible o\u00f9 les individus se sentent en s\u00e9curit\u00e9 pour prendre des risques interpersonnels. Il s\u2019agit de favoriser un lieu de travail o\u00f9 l\u2019expression des id\u00e9es, la prise d\u2019initiatives cr\u00e9atives et l\u2019authenticit\u00e9 sont non seulement encourag\u00e9es mais [&hellip;]","og_url":"https:\/\/diaki-experiences.com\/fr\/mesurer-la-securite-psychologique\/","og_site_name":"Diaki Experiences","article_modified_time":"2023-11-20T17:56:31+00:00","og_image":[{"width":940,"height":788,"url":"https:\/\/diaki-experiences.com\/wp-content\/uploads\/2023\/10\/Copy-of-OBETNEZ-VOTRE-PROFIL-NOVA-ET-11.png","type":"image\/png"}],"twitter_card":"summary_large_image","twitter_misc":{"Dur\u00e9e de lecture estim\u00e9e":"2 minutes"},"schema":{"@context":"https:\/\/schema.org","@graph":[{"@type":"WebPage","@id":"https:\/\/diaki-experiences.com\/fr\/mesurer-la-securite-psychologique\/","url":"https:\/\/diaki-experiences.com\/fr\/mesurer-la-securite-psychologique\/","name":"Mesurer la s\u00e9curit\u00e9 psychologique - Diaki Experiences","isPartOf":{"@id":"https:\/\/diaki-experiences.com\/#website"},"primaryImageOfPage":{"@id":"https:\/\/diaki-experiences.com\/fr\/mesurer-la-securite-psychologique\/#primaryimage"},"image":{"@id":"https:\/\/diaki-experiences.com\/fr\/mesurer-la-securite-psychologique\/#primaryimage"},"thumbnailUrl":"https:\/\/diaki-experiences.com\/wp-content\/uploads\/2023\/10\/Copy-of-OBETNEZ-VOTRE-PROFIL-NOVA-ET-11.png","datePublished":"2023-11-09T16:55:21+00:00","dateModified":"2023-11-20T17:56:31+00:00","breadcrumb":{"@id":"https:\/\/diaki-experiences.com\/fr\/mesurer-la-securite-psychologique\/#breadcrumb"},"inLanguage":"fr-FR","potentialAction":[{"@type":"ReadAction","target":["https:\/\/diaki-experiences.com\/fr\/mesurer-la-securite-psychologique\/"]}]},{"@type":"ImageObject","inLanguage":"fr-FR","@id":"https:\/\/diaki-experiences.com\/fr\/mesurer-la-securite-psychologique\/#primaryimage","url":"https:\/\/diaki-experiences.com\/wp-content\/uploads\/2023\/10\/Copy-of-OBETNEZ-VOTRE-PROFIL-NOVA-ET-11.png","contentUrl":"https:\/\/diaki-experiences.com\/wp-content\/uploads\/2023\/10\/Copy-of-OBETNEZ-VOTRE-PROFIL-NOVA-ET-11.png","width":940,"height":788},{"@type":"BreadcrumbList","@id":"https:\/\/diaki-experiences.com\/fr\/mesurer-la-securite-psychologique\/#breadcrumb","itemListElement":[{"@type":"ListItem","position":1,"name":"Home","item":"https:\/\/diaki-experiences.com\/fr\/"},{"@type":"ListItem","position":2,"name":"Mesurer la s\u00e9curit\u00e9 psychologique"}]},{"@type":"WebSite","@id":"https:\/\/diaki-experiences.com\/#website","url":"https:\/\/diaki-experiences.com\/","name":"Diaki Experiences","description":"","potentialAction":[{"@type":"SearchAction","target":{"@type":"EntryPoint","urlTemplate":"https:\/\/diaki-experiences.com\/?s={search_term_string}"},"query-input":{"@type":"PropertyValueSpecification","valueRequired":true,"valueName":"search_term_string"}}],"inLanguage":"fr-FR"}]}},"_links":{"self":[{"href":"https:\/\/diaki-experiences.com\/fr\/wp-json\/wp\/v2\/pages\/2602","targetHints":{"allow":["GET"]}}],"collection":[{"href":"https:\/\/diaki-experiences.com\/fr\/wp-json\/wp\/v2\/pages"}],"about":[{"href":"https:\/\/diaki-experiences.com\/fr\/wp-json\/wp\/v2\/types\/page"}],"author":[{"embeddable":true,"href":"https:\/\/diaki-experiences.com\/fr\/wp-json\/wp\/v2\/users\/2"}],"replies":[{"embeddable":true,"href":"https:\/\/diaki-experiences.com\/fr\/wp-json\/wp\/v2\/comments?post=2602"}],"version-history":[{"count":0,"href":"https:\/\/diaki-experiences.com\/fr\/wp-json\/wp\/v2\/pages\/2602\/revisions"}],"wp:featuredmedia":[{"embeddable":true,"href":"https:\/\/diaki-experiences.com\/fr\/wp-json\/wp\/v2\/media\/2217"}],"wp:attachment":[{"href":"https:\/\/diaki-experiences.com\/fr\/wp-json\/wp\/v2\/media?parent=2602"}],"curies":[{"name":"wp","href":"https:\/\/api.w.org\/{rel}","templated":true}]}}