{"id":2609,"date":"2023-11-09T16:59:38","date_gmt":"2023-11-09T16:59:38","guid":{"rendered":"https:\/\/diaki-experiences.com\/?page_id=2609"},"modified":"2023-11-20T19:10:14","modified_gmt":"2023-11-20T19:10:14","slug":"coaching-pour-les-cadres","status":"publish","type":"page","link":"https:\/\/diaki-experiences.com\/fr\/coaching-pour-les-cadres\/","title":{"rendered":"Coaching pour les cadres"},"content":{"rendered":"\n\n\t<p>Le coaching des cadres c&rsquo;est comme la boussole du leader professionnel. Il aide \u00e0 naviguer la complexit\u00e9 du terrain, le tumulte des mar\u00e9es ou encore les temp\u00eates qui sont in\u00e9vitables dans un parcours professionnel. L&rsquo;objectif est de lib\u00e9rer leur plein potentiel en les guidant vers un leadership transformateur.\u00a0<br \/>\u00a0<\/p>\n<p>Le coaching des cadres est un processus de d\u00e9veloppement professionnel con\u00e7u pour aider les personnes occupant des postes de direction \u00e0 am\u00e9liorer leurs comp\u00e9tences, \u00e0 atteindre leurs objectifs professionnels et \u00e0 relever les d\u00e9fis de mani\u00e8re plus efficace. Cette forme de coaching est sp\u00e9cifiquement con\u00e7ue pour les cadres, les cadres sup\u00e9rieurs et les dirigeants d&rsquo;organisations.<\/p>\n<p>Embarquez pour un voyage transformateur qui vous mettra sur la voie de l&rsquo;excellence en mati\u00e8re de leadership. Laissez-nous vous guider en toute transparence \u00e0 travers les quatre phases incontournables :\u00a0<\/p>\n\t\t\t\t<img loading=\"lazy\" decoding=\"async\" src=\"https:\/\/diaki-experiences.com\/wp-content\/uploads\/2023\/11\/Copy-of-DIAKI-DocProgrammeC2-Version1-26-e1700504367319.png\" alt=\"Copy of DIAKI-DocProgrammeC2-Version1 (26)\" itemprop=\"image\" height=\"480\" width=\"746\" title=\"Copy of DIAKI-DocProgrammeC2-Version1 (26)\" onerror=\"this.style.display='none'\"  \/>\n\t\t\t\t<img loading=\"lazy\" decoding=\"async\" src=\"https:\/\/diaki-experiences.com\/wp-content\/uploads\/2023\/11\/Copy-of-DIAKI-DocProgrammeC2-Version1-26-1-e1700504485853.png\" alt=\"Copy of DIAKI-DocProgrammeC2-Version1 (26)\" itemprop=\"image\" height=\"479\" width=\"743\" title=\"Copy of DIAKI-DocProgrammeC2-Version1 (26)\" onerror=\"this.style.display='none'\"  \/>\n\t\t\t\t<img decoding=\"async\" src=\"https:\/\/diaki-experiences.com\/wp-content\/plugins\/beaver-builder-lite-version\/img\/pixel.png\" alt=\"\" itemprop=\"image\" onerror=\"this.style.display='none'\"  \/>\n\t\t\t\t<img loading=\"lazy\" decoding=\"async\" src=\"https:\/\/diaki-experiences.com\/wp-content\/uploads\/2023\/11\/Copy-of-DIAKI-DocProgrammeC2-Version1-26-2-e1700504571884.png\" alt=\"Copy of DIAKI-DocProgrammeC2-Version1 (26)\" itemprop=\"image\" height=\"480\" width=\"746\" title=\"Copy of DIAKI-DocProgrammeC2-Version1 (26)\" onerror=\"this.style.display='none'\"  \/>\n\t\t\t\t<img loading=\"lazy\" decoding=\"async\" src=\"https:\/\/diaki-experiences.com\/wp-content\/uploads\/2023\/11\/Copy-of-DIAKI-DocProgrammeC2-Version1-26-3-e1700504676143.png\" alt=\"Copy of DIAKI-DocProgrammeC2-Version1 (26)\" itemprop=\"image\" height=\"480\" width=\"746\" title=\"Copy of DIAKI-DocProgrammeC2-Version1 (26)\" onerror=\"this.style.display='none'\"  \/>\n\t<p>Forts d&rsquo;une bo\u00eete \u00e0 outils diversifi\u00e9e, nos coachs se consacrent \u00e0 l&rsquo;optimisation de votre potentiel.<\/p>\n<p>Fiers d&rsquo;\u00eatre certifi\u00e9s par le programme <a href=\"https:\/\/johnmattone.com\/executive-coaching\/intelligent-leadership-executive-coaching\/\" target=\"_blank\" rel=\"noopener\">John Mattone Executive Coaching<\/a>, nous nous inspirons de sa m\u00e9thodologie reconnue. Pr\u00eats \u00e0 vous guider, nous nous engageons \u00e0 r\u00e9v\u00e9ler vos v\u00e9ritables prouesses en mati\u00e8re de leadership gr\u00e2ce \u00e0 cette puissante approche de coaching.<\/p>\n\t\t\t<a href=\"https:\/\/us2.list-manage.com\/survey?u=65079c93661e4c951aa8d34a0&#038;id=bff5d685cf&#038;attribution=false\" target=\"_blank\" rel=\"noopener\">\n\t\t\t\t\t\t\tObtenir un devis\n\t\t\t\t\t<\/a>\n\t\t\t<a href=\"https:\/\/app.10to8.com\/book\/vywzvlnluaggeqrvzk\/?staff=250389&#038;prevent-change-staff=true\" target=\"_blank\" rel=\"noopener\">\n\t\t\t\t\t\t\tR\u00e9server un appel d\u00e9couverte gratuit\n\t\t\t\t\t<\/a>\n\n","protected":false},"excerpt":{"rendered":"<p>Le coaching des cadres c&rsquo;est comme la boussole du leader professionnel. Il aide \u00e0 naviguer la complexit\u00e9 du terrain, le tumulte des mar\u00e9es ou encore les temp\u00eates qui sont in\u00e9vitables dans un parcours professionnel. L&rsquo;objectif est de lib\u00e9rer leur plein potentiel en les guidant vers un leadership transformateur.\u00a0\u00a0 Le coaching des cadres est un processus [&hellip;]<\/p>\n","protected":false},"author":2,"featured_media":2384,"parent":0,"menu_order":0,"comment_status":"closed","ping_status":"closed","template":"","meta":{"_acf_changed":false,"footnotes":""},"class_list":["post-2609","page","type-page","status-publish","has-post-thumbnail","hentry"],"acf":[],"yoast_head":"<!-- This site is optimized with the Yoast SEO plugin v25.2 - https:\/\/yoast.com\/wordpress\/plugins\/seo\/ -->\n<title>Coaching pour les cadres - Diaki Experiences<\/title>\n<meta name=\"robots\" content=\"index, follow, max-snippet:-1, max-image-preview:large, max-video-preview:-1\" \/>\n<link rel=\"canonical\" href=\"https:\/\/diaki-experiences.com\/fr\/coaching-pour-les-cadres\/\" \/>\n<meta property=\"og:locale\" content=\"fr_FR\" \/>\n<meta property=\"og:type\" content=\"article\" \/>\n<meta property=\"og:title\" content=\"Coaching pour les cadres - Diaki Experiences\" \/>\n<meta property=\"og:description\" content=\"Le coaching des cadres c&rsquo;est comme la boussole du leader professionnel. Il aide \u00e0 naviguer la complexit\u00e9 du terrain, le tumulte des mar\u00e9es ou encore les temp\u00eates qui sont in\u00e9vitables dans un parcours professionnel. L&rsquo;objectif est de lib\u00e9rer leur plein potentiel en les guidant vers un leadership transformateur.\u00a0\u00a0 Le coaching des cadres est un processus [&hellip;]\" \/>\n<meta property=\"og:url\" content=\"https:\/\/diaki-experiences.com\/fr\/coaching-pour-les-cadres\/\" \/>\n<meta property=\"og:site_name\" content=\"Diaki Experiences\" \/>\n<meta property=\"article:modified_time\" content=\"2023-11-20T19:10:14+00:00\" \/>\n<meta property=\"og:image\" content=\"https:\/\/diaki-experiences.com\/wp-content\/uploads\/2023\/10\/Copy-of-OBETNEZ-VOTRE-PROFIL-NOVA-ET-15.png\" \/>\n\t<meta property=\"og:image:width\" content=\"940\" \/>\n\t<meta property=\"og:image:height\" content=\"788\" \/>\n\t<meta property=\"og:image:type\" content=\"image\/png\" \/>\n<meta name=\"twitter:card\" content=\"summary_large_image\" \/>\n<meta name=\"twitter:label1\" content=\"Dur\u00e9e de lecture estim\u00e9e\" \/>\n\t<meta name=\"twitter:data1\" content=\"1 minute\" \/>\n<script type=\"application\/ld+json\" class=\"yoast-schema-graph\">{\"@context\":\"https:\/\/schema.org\",\"@graph\":[{\"@type\":\"WebPage\",\"@id\":\"https:\/\/diaki-experiences.com\/fr\/coaching-pour-les-cadres\/\",\"url\":\"https:\/\/diaki-experiences.com\/fr\/coaching-pour-les-cadres\/\",\"name\":\"Coaching pour les cadres - Diaki Experiences\",\"isPartOf\":{\"@id\":\"https:\/\/diaki-experiences.com\/#website\"},\"primaryImageOfPage\":{\"@id\":\"https:\/\/diaki-experiences.com\/fr\/coaching-pour-les-cadres\/#primaryimage\"},\"image\":{\"@id\":\"https:\/\/diaki-experiences.com\/fr\/coaching-pour-les-cadres\/#primaryimage\"},\"thumbnailUrl\":\"https:\/\/diaki-experiences.com\/wp-content\/uploads\/2023\/10\/Copy-of-OBETNEZ-VOTRE-PROFIL-NOVA-ET-15.png\",\"datePublished\":\"2023-11-09T16:59:38+00:00\",\"dateModified\":\"2023-11-20T19:10:14+00:00\",\"breadcrumb\":{\"@id\":\"https:\/\/diaki-experiences.com\/fr\/coaching-pour-les-cadres\/#breadcrumb\"},\"inLanguage\":\"fr-FR\",\"potentialAction\":[{\"@type\":\"ReadAction\",\"target\":[\"https:\/\/diaki-experiences.com\/fr\/coaching-pour-les-cadres\/\"]}]},{\"@type\":\"ImageObject\",\"inLanguage\":\"fr-FR\",\"@id\":\"https:\/\/diaki-experiences.com\/fr\/coaching-pour-les-cadres\/#primaryimage\",\"url\":\"https:\/\/diaki-experiences.com\/wp-content\/uploads\/2023\/10\/Copy-of-OBETNEZ-VOTRE-PROFIL-NOVA-ET-15.png\",\"contentUrl\":\"https:\/\/diaki-experiences.com\/wp-content\/uploads\/2023\/10\/Copy-of-OBETNEZ-VOTRE-PROFIL-NOVA-ET-15.png\",\"width\":940,\"height\":788},{\"@type\":\"BreadcrumbList\",\"@id\":\"https:\/\/diaki-experiences.com\/fr\/coaching-pour-les-cadres\/#breadcrumb\",\"itemListElement\":[{\"@type\":\"ListItem\",\"position\":1,\"name\":\"Home\",\"item\":\"https:\/\/diaki-experiences.com\/fr\/\"},{\"@type\":\"ListItem\",\"position\":2,\"name\":\"Coaching pour les cadres\"}]},{\"@type\":\"WebSite\",\"@id\":\"https:\/\/diaki-experiences.com\/#website\",\"url\":\"https:\/\/diaki-experiences.com\/\",\"name\":\"Diaki Experiences\",\"description\":\"\",\"potentialAction\":[{\"@type\":\"SearchAction\",\"target\":{\"@type\":\"EntryPoint\",\"urlTemplate\":\"https:\/\/diaki-experiences.com\/?s={search_term_string}\"},\"query-input\":{\"@type\":\"PropertyValueSpecification\",\"valueRequired\":true,\"valueName\":\"search_term_string\"}}],\"inLanguage\":\"fr-FR\"}]}<\/script>\n<!-- \/ Yoast SEO plugin. -->","yoast_head_json":{"title":"Coaching pour les cadres - Diaki Experiences","robots":{"index":"index","follow":"follow","max-snippet":"max-snippet:-1","max-image-preview":"max-image-preview:large","max-video-preview":"max-video-preview:-1"},"canonical":"https:\/\/diaki-experiences.com\/fr\/coaching-pour-les-cadres\/","og_locale":"fr_FR","og_type":"article","og_title":"Coaching pour les cadres - Diaki Experiences","og_description":"Le coaching des cadres c&rsquo;est comme la boussole du leader professionnel. Il aide \u00e0 naviguer la complexit\u00e9 du terrain, le tumulte des mar\u00e9es ou encore les temp\u00eates qui sont in\u00e9vitables dans un parcours professionnel. L&rsquo;objectif est de lib\u00e9rer leur plein potentiel en les guidant vers un leadership transformateur.\u00a0\u00a0 Le coaching des cadres est un processus [&hellip;]","og_url":"https:\/\/diaki-experiences.com\/fr\/coaching-pour-les-cadres\/","og_site_name":"Diaki Experiences","article_modified_time":"2023-11-20T19:10:14+00:00","og_image":[{"width":940,"height":788,"url":"https:\/\/diaki-experiences.com\/wp-content\/uploads\/2023\/10\/Copy-of-OBETNEZ-VOTRE-PROFIL-NOVA-ET-15.png","type":"image\/png"}],"twitter_card":"summary_large_image","twitter_misc":{"Dur\u00e9e de lecture estim\u00e9e":"1 minute"},"schema":{"@context":"https:\/\/schema.org","@graph":[{"@type":"WebPage","@id":"https:\/\/diaki-experiences.com\/fr\/coaching-pour-les-cadres\/","url":"https:\/\/diaki-experiences.com\/fr\/coaching-pour-les-cadres\/","name":"Coaching pour les cadres - Diaki Experiences","isPartOf":{"@id":"https:\/\/diaki-experiences.com\/#website"},"primaryImageOfPage":{"@id":"https:\/\/diaki-experiences.com\/fr\/coaching-pour-les-cadres\/#primaryimage"},"image":{"@id":"https:\/\/diaki-experiences.com\/fr\/coaching-pour-les-cadres\/#primaryimage"},"thumbnailUrl":"https:\/\/diaki-experiences.com\/wp-content\/uploads\/2023\/10\/Copy-of-OBETNEZ-VOTRE-PROFIL-NOVA-ET-15.png","datePublished":"2023-11-09T16:59:38+00:00","dateModified":"2023-11-20T19:10:14+00:00","breadcrumb":{"@id":"https:\/\/diaki-experiences.com\/fr\/coaching-pour-les-cadres\/#breadcrumb"},"inLanguage":"fr-FR","potentialAction":[{"@type":"ReadAction","target":["https:\/\/diaki-experiences.com\/fr\/coaching-pour-les-cadres\/"]}]},{"@type":"ImageObject","inLanguage":"fr-FR","@id":"https:\/\/diaki-experiences.com\/fr\/coaching-pour-les-cadres\/#primaryimage","url":"https:\/\/diaki-experiences.com\/wp-content\/uploads\/2023\/10\/Copy-of-OBETNEZ-VOTRE-PROFIL-NOVA-ET-15.png","contentUrl":"https:\/\/diaki-experiences.com\/wp-content\/uploads\/2023\/10\/Copy-of-OBETNEZ-VOTRE-PROFIL-NOVA-ET-15.png","width":940,"height":788},{"@type":"BreadcrumbList","@id":"https:\/\/diaki-experiences.com\/fr\/coaching-pour-les-cadres\/#breadcrumb","itemListElement":[{"@type":"ListItem","position":1,"name":"Home","item":"https:\/\/diaki-experiences.com\/fr\/"},{"@type":"ListItem","position":2,"name":"Coaching pour les cadres"}]},{"@type":"WebSite","@id":"https:\/\/diaki-experiences.com\/#website","url":"https:\/\/diaki-experiences.com\/","name":"Diaki Experiences","description":"","potentialAction":[{"@type":"SearchAction","target":{"@type":"EntryPoint","urlTemplate":"https:\/\/diaki-experiences.com\/?s={search_term_string}"},"query-input":{"@type":"PropertyValueSpecification","valueRequired":true,"valueName":"search_term_string"}}],"inLanguage":"fr-FR"}]}},"_links":{"self":[{"href":"https:\/\/diaki-experiences.com\/fr\/wp-json\/wp\/v2\/pages\/2609","targetHints":{"allow":["GET"]}}],"collection":[{"href":"https:\/\/diaki-experiences.com\/fr\/wp-json\/wp\/v2\/pages"}],"about":[{"href":"https:\/\/diaki-experiences.com\/fr\/wp-json\/wp\/v2\/types\/page"}],"author":[{"embeddable":true,"href":"https:\/\/diaki-experiences.com\/fr\/wp-json\/wp\/v2\/users\/2"}],"replies":[{"embeddable":true,"href":"https:\/\/diaki-experiences.com\/fr\/wp-json\/wp\/v2\/comments?post=2609"}],"version-history":[{"count":0,"href":"https:\/\/diaki-experiences.com\/fr\/wp-json\/wp\/v2\/pages\/2609\/revisions"}],"wp:featuredmedia":[{"embeddable":true,"href":"https:\/\/diaki-experiences.com\/fr\/wp-json\/wp\/v2\/media\/2384"}],"wp:attachment":[{"href":"https:\/\/diaki-experiences.com\/fr\/wp-json\/wp\/v2\/media?parent=2609"}],"curies":[{"name":"wp","href":"https:\/\/api.w.org\/{rel}","templated":true}]}}