{"id":2615,"date":"2023-11-09T17:02:43","date_gmt":"2023-11-09T17:02:43","guid":{"rendered":"https:\/\/diaki-experiences.com\/?page_id=2615"},"modified":"2023-11-21T18:49:05","modified_gmt":"2023-11-21T18:49:05","slug":"intelligence-emotionnelle-2","status":"publish","type":"page","link":"https:\/\/diaki-experiences.com\/fr\/intelligence-emotionnelle-2\/","title":{"rendered":"Intelligence \u00e9motionnelle"},"content":{"rendered":"\r\n<h1>Qu&rsquo;est-ce que l&rsquo;intelligence \u00e9motionnelle?\u00a0<\/h1>\r\n<p>&nbsp;<\/p>\r\n<p>L&rsquo;intelligence \u00e9motionnelle dans le leadership est la cl\u00e9 pour favoriser des environnements de travail positifs et construire des relations solides au sein d&rsquo;une \u00e9quipe. Les leaders dot\u00e9s d&rsquo;une grande intelligence \u00e9motionnelle ne se contentent pas de comprendre et de r\u00e9guler leurs propres \u00e9motions, ils savent aussi g\u00e9rer celles des membres de leur \u00e9quipe. Cet ensemble de comp\u00e9tences permet un leadership authentique et perspicace, inspirant la collaboration et la contribution \u00e0 une culture de croissance et de r\u00e9ussite.<\/p>\r\n<p>&nbsp;<\/p>\r\n<h1>EQi 2.0 est la meilleure mesure de l&rsquo;intelligence \u00e9motionnelle au monde Emotional Intelligence<\/h1>\r\n<p>&nbsp;<\/p>\r\n<p>L&rsquo;inventaire \u00e9motionnel (EQ-I 2.0) est l&rsquo;instrument de mesure de l&rsquo;intelligence \u00e9motionnelle le plus utilis\u00e9 au monde. Il s&rsquo;appuie sur des d\u00e9cennies de recherche pour favoriser l&rsquo;efficacit\u00e9 des performances humaines et le d\u00e9veloppement. L&rsquo;EQ-I 2.0 est un outil d&rsquo;auto-\u00e9valuation en ligne, auquel il est possible d&rsquo;ajouter un EQ-360 \u00e0 plusieurs \u00e9valuateurs.<\/p>\r\n<p><a href=\"#\" target=\"_blank\" rel=\"noopener\"> T\u00e9l\u00e9charger un \u00e9chantillon gratuit de l&rsquo;EQ-I 2.0 <\/a><\/p>\r\n<p><strong>\u00cates-vous un professionnel militaire ou un v\u00e9t\u00e9ran qui traverse une p\u00e9riode de transition?<\/strong><\/p>\r\n<p>D\u00e9couvrez comment votre NOVA peut vous apporter un soutien inestimable \u00e0 ce moment crucial de votre vie.<\/p>\r\n<h2>EQ-I 2.0 mesure l&rsquo;intelligence \u00e9motionnelle \u00e0 travers diff\u00e9rentes dimensions afin de fournir une compr\u00e9hension holistique des capacit\u00e9s d&rsquo;un individu. L&rsquo;\u00e9valuation porte sur les domaines suivants:<\/h2>\r\n<p>&nbsp;<\/p>\r\n<ul>\r\n<li><strong>Perception de soi :<\/strong> Aper\u00e7u des \u00e9motions, de l&rsquo;estime de soi et de la conscience de soi.<\/li>\r\n<li><strong>Expression de soi<\/strong><strong> :<\/strong> \u00c9valuation de la mani\u00e8re dont les individus expriment leurs \u00e9motions, s&rsquo;affirment et sont ind\u00e9pendants.\u00a0<\/li>\r\n<li><strong>Relations interpersonnelles :<\/strong> Comprendre et g\u00e9rer les relations, y compris l&#8217;empathie et la responsabilit\u00e9 sociale.<\/li>\r\n<li><strong>Prise de d\u00e9cision :<\/strong> \u00c9valuer les comp\u00e9tences en mati\u00e8re de r\u00e9solution de probl\u00e8mes, l&rsquo;\u00e9preuve de la r\u00e9alit\u00e9 et le contr\u00f4le des impulsions.\u00a0<\/li>\r\n<li><strong>Gestion du stress :<\/strong> Mesure de l&rsquo;adaptabilit\u00e9, de la tol\u00e9rance au stress et de la flexibilit\u00e9.\u00a0<\/li>\r\n<\/ul>\r\n<p>&nbsp;<\/p>\r\n<p><img loading=\"lazy\" decoding=\"async\" src=\"https:\/\/diaki-experiences.com\/wp-content\/uploads\/2023\/11\/EQi20modelerouefr-1.png\" alt=\"\" width=\"600\" height=\"587\" \/><\/p>\r\n<p>&nbsp;<\/p>\r\n<p>L&rsquo;\u00e9valuation EQ-I 2.0 est administr\u00e9e en ligne, sur un site s\u00e9curis\u00e9. Vous r\u00e9pondrez \u00e0 133 \u00e9nonc\u00e9s li\u00e9s aux comp\u00e9tences de l&rsquo;intelligence \u00e9motionnelle, ce qui prend environ vingt minutes pour compl\u00e9ter l&rsquo;\u00e9valuation et g\u00e9n\u00e9rer le rapport.<\/p>\r\n<h1><br \/>EQ-360 (\u00c9valuation 360)\u00a0<\/h1>\r\n<p>Passer au niveau sup\u00e9rieur dans votre parcours de l&rsquo;intelligence \u00e9motionnelle gr\u00e2ce \u00e0 l&rsquo;outil d&rsquo;\u00e9valuation EQ-360. Au-del\u00e0 des auto-\u00e9valuations, cet outil int\u00e8gre les perspectives pr\u00e9cieuses d&rsquo;autres personnes, ce qui enrichit la qualit\u00e9 du retour d&rsquo;information. En alignant les objectifs de performance personnelle sur la vision et les objectifs de l&rsquo;organisation, il offre une compr\u00e9hension compl\u00e8te de vos comp\u00e9tences en mati\u00e8re d&rsquo;intelligence \u00e9motionnelle pour une meilleure croissance personnelle et professionnelle.<\/p>\r\n<p><a href=\"#\" target=\"_blank\" rel=\"noopener\"> T\u00e9l\u00e9charger un \u00e9chantillon gratuit EQ-I 2.0 <\/a> <a href=\"#\" target=\"_blank\" rel=\"noopener\"> T\u00e9l\u00e9charger un \u00e9chantillon gratuit EQ-360 <\/a> <a href=\"https:\/\/us2.list-manage.com\/survey?u=65079c93661e4c951aa8d34a0&amp;id=a01aa16ae8&amp;attribution=false\" target=\"_blank\" rel=\"noopener\"> Commander EQ-I 2.0 <\/a><\/p>\r\n","protected":false},"excerpt":{"rendered":"<p>Qu&rsquo;est-ce que l&rsquo;intelligence \u00e9motionnelle?\u00a0 &nbsp; L&rsquo;intelligence \u00e9motionnelle dans le leadership est la cl\u00e9 pour favoriser des environnements de travail positifs et construire des relations solides au sein d&rsquo;une \u00e9quipe. Les leaders dot\u00e9s d&rsquo;une grande intelligence \u00e9motionnelle ne se contentent pas de comprendre et de r\u00e9guler leurs propres \u00e9motions, ils savent aussi g\u00e9rer celles des membres [&hellip;]<\/p>\n","protected":false},"author":2,"featured_media":2075,"parent":0,"menu_order":0,"comment_status":"closed","ping_status":"closed","template":"","meta":{"_acf_changed":false,"footnotes":""},"class_list":["post-2615","page","type-page","status-publish","has-post-thumbnail","hentry"],"acf":[],"yoast_head":"<!-- This site is optimized with the Yoast SEO plugin v25.2 - https:\/\/yoast.com\/wordpress\/plugins\/seo\/ -->\n<title>Intelligence \u00e9motionnelle - Diaki Experiences<\/title>\n<meta name=\"robots\" content=\"index, follow, max-snippet:-1, max-image-preview:large, max-video-preview:-1\" \/>\n<link rel=\"canonical\" href=\"https:\/\/diaki-experiences.com\/fr\/intelligence-emotionnelle-2\/\" \/>\n<meta property=\"og:locale\" content=\"fr_FR\" \/>\n<meta property=\"og:type\" content=\"article\" \/>\n<meta property=\"og:title\" content=\"Intelligence \u00e9motionnelle - Diaki Experiences\" \/>\n<meta property=\"og:description\" content=\"Qu&rsquo;est-ce que l&rsquo;intelligence \u00e9motionnelle?\u00a0 &nbsp; L&rsquo;intelligence \u00e9motionnelle dans le leadership est la cl\u00e9 pour favoriser des environnements de travail positifs et construire des relations solides au sein d&rsquo;une \u00e9quipe. Les leaders dot\u00e9s d&rsquo;une grande intelligence \u00e9motionnelle ne se contentent pas de comprendre et de r\u00e9guler leurs propres \u00e9motions, ils savent aussi g\u00e9rer celles des membres [&hellip;]\" \/>\n<meta property=\"og:url\" content=\"https:\/\/diaki-experiences.com\/fr\/intelligence-emotionnelle-2\/\" \/>\n<meta property=\"og:site_name\" content=\"Diaki Experiences\" \/>\n<meta property=\"article:modified_time\" content=\"2023-11-21T18:49:05+00:00\" \/>\n<meta property=\"og:image\" content=\"https:\/\/diaki-experiences.com\/wp-content\/uploads\/2023\/10\/Copy-of-OBETNEZ-VOTRE-PROFIL-NOVA-ET-1.png\" \/>\n\t<meta property=\"og:image:width\" content=\"940\" \/>\n\t<meta property=\"og:image:height\" content=\"788\" \/>\n\t<meta property=\"og:image:type\" content=\"image\/png\" \/>\n<meta name=\"twitter:card\" content=\"summary_large_image\" \/>\n<meta name=\"twitter:label1\" content=\"Dur\u00e9e de lecture estim\u00e9e\" \/>\n\t<meta name=\"twitter:data1\" content=\"2 minutes\" \/>\n<script type=\"application\/ld+json\" class=\"yoast-schema-graph\">{\"@context\":\"https:\/\/schema.org\",\"@graph\":[{\"@type\":\"WebPage\",\"@id\":\"https:\/\/diaki-experiences.com\/fr\/intelligence-emotionnelle-2\/\",\"url\":\"https:\/\/diaki-experiences.com\/fr\/intelligence-emotionnelle-2\/\",\"name\":\"Intelligence \u00e9motionnelle - Diaki Experiences\",\"isPartOf\":{\"@id\":\"https:\/\/diaki-experiences.com\/#website\"},\"primaryImageOfPage\":{\"@id\":\"https:\/\/diaki-experiences.com\/fr\/intelligence-emotionnelle-2\/#primaryimage\"},\"image\":{\"@id\":\"https:\/\/diaki-experiences.com\/fr\/intelligence-emotionnelle-2\/#primaryimage\"},\"thumbnailUrl\":\"https:\/\/diaki-experiences.com\/wp-content\/uploads\/2023\/10\/Copy-of-OBETNEZ-VOTRE-PROFIL-NOVA-ET-1.png\",\"datePublished\":\"2023-11-09T17:02:43+00:00\",\"dateModified\":\"2023-11-21T18:49:05+00:00\",\"breadcrumb\":{\"@id\":\"https:\/\/diaki-experiences.com\/fr\/intelligence-emotionnelle-2\/#breadcrumb\"},\"inLanguage\":\"fr-FR\",\"potentialAction\":[{\"@type\":\"ReadAction\",\"target\":[\"https:\/\/diaki-experiences.com\/fr\/intelligence-emotionnelle-2\/\"]}]},{\"@type\":\"ImageObject\",\"inLanguage\":\"fr-FR\",\"@id\":\"https:\/\/diaki-experiences.com\/fr\/intelligence-emotionnelle-2\/#primaryimage\",\"url\":\"https:\/\/diaki-experiences.com\/wp-content\/uploads\/2023\/10\/Copy-of-OBETNEZ-VOTRE-PROFIL-NOVA-ET-1.png\",\"contentUrl\":\"https:\/\/diaki-experiences.com\/wp-content\/uploads\/2023\/10\/Copy-of-OBETNEZ-VOTRE-PROFIL-NOVA-ET-1.png\",\"width\":940,\"height\":788},{\"@type\":\"BreadcrumbList\",\"@id\":\"https:\/\/diaki-experiences.com\/fr\/intelligence-emotionnelle-2\/#breadcrumb\",\"itemListElement\":[{\"@type\":\"ListItem\",\"position\":1,\"name\":\"Home\",\"item\":\"https:\/\/diaki-experiences.com\/fr\/\"},{\"@type\":\"ListItem\",\"position\":2,\"name\":\"Intelligence \u00e9motionnelle\"}]},{\"@type\":\"WebSite\",\"@id\":\"https:\/\/diaki-experiences.com\/#website\",\"url\":\"https:\/\/diaki-experiences.com\/\",\"name\":\"Diaki Experiences\",\"description\":\"\",\"potentialAction\":[{\"@type\":\"SearchAction\",\"target\":{\"@type\":\"EntryPoint\",\"urlTemplate\":\"https:\/\/diaki-experiences.com\/?s={search_term_string}\"},\"query-input\":{\"@type\":\"PropertyValueSpecification\",\"valueRequired\":true,\"valueName\":\"search_term_string\"}}],\"inLanguage\":\"fr-FR\"}]}<\/script>\n<!-- \/ Yoast SEO plugin. -->","yoast_head_json":{"title":"Intelligence \u00e9motionnelle - Diaki Experiences","robots":{"index":"index","follow":"follow","max-snippet":"max-snippet:-1","max-image-preview":"max-image-preview:large","max-video-preview":"max-video-preview:-1"},"canonical":"https:\/\/diaki-experiences.com\/fr\/intelligence-emotionnelle-2\/","og_locale":"fr_FR","og_type":"article","og_title":"Intelligence \u00e9motionnelle - Diaki Experiences","og_description":"Qu&rsquo;est-ce que l&rsquo;intelligence \u00e9motionnelle?\u00a0 &nbsp; L&rsquo;intelligence \u00e9motionnelle dans le leadership est la cl\u00e9 pour favoriser des environnements de travail positifs et construire des relations solides au sein d&rsquo;une \u00e9quipe. Les leaders dot\u00e9s d&rsquo;une grande intelligence \u00e9motionnelle ne se contentent pas de comprendre et de r\u00e9guler leurs propres \u00e9motions, ils savent aussi g\u00e9rer celles des membres [&hellip;]","og_url":"https:\/\/diaki-experiences.com\/fr\/intelligence-emotionnelle-2\/","og_site_name":"Diaki Experiences","article_modified_time":"2023-11-21T18:49:05+00:00","og_image":[{"width":940,"height":788,"url":"https:\/\/diaki-experiences.com\/wp-content\/uploads\/2023\/10\/Copy-of-OBETNEZ-VOTRE-PROFIL-NOVA-ET-1.png","type":"image\/png"}],"twitter_card":"summary_large_image","twitter_misc":{"Dur\u00e9e de lecture estim\u00e9e":"2 minutes"},"schema":{"@context":"https:\/\/schema.org","@graph":[{"@type":"WebPage","@id":"https:\/\/diaki-experiences.com\/fr\/intelligence-emotionnelle-2\/","url":"https:\/\/diaki-experiences.com\/fr\/intelligence-emotionnelle-2\/","name":"Intelligence \u00e9motionnelle - Diaki Experiences","isPartOf":{"@id":"https:\/\/diaki-experiences.com\/#website"},"primaryImageOfPage":{"@id":"https:\/\/diaki-experiences.com\/fr\/intelligence-emotionnelle-2\/#primaryimage"},"image":{"@id":"https:\/\/diaki-experiences.com\/fr\/intelligence-emotionnelle-2\/#primaryimage"},"thumbnailUrl":"https:\/\/diaki-experiences.com\/wp-content\/uploads\/2023\/10\/Copy-of-OBETNEZ-VOTRE-PROFIL-NOVA-ET-1.png","datePublished":"2023-11-09T17:02:43+00:00","dateModified":"2023-11-21T18:49:05+00:00","breadcrumb":{"@id":"https:\/\/diaki-experiences.com\/fr\/intelligence-emotionnelle-2\/#breadcrumb"},"inLanguage":"fr-FR","potentialAction":[{"@type":"ReadAction","target":["https:\/\/diaki-experiences.com\/fr\/intelligence-emotionnelle-2\/"]}]},{"@type":"ImageObject","inLanguage":"fr-FR","@id":"https:\/\/diaki-experiences.com\/fr\/intelligence-emotionnelle-2\/#primaryimage","url":"https:\/\/diaki-experiences.com\/wp-content\/uploads\/2023\/10\/Copy-of-OBETNEZ-VOTRE-PROFIL-NOVA-ET-1.png","contentUrl":"https:\/\/diaki-experiences.com\/wp-content\/uploads\/2023\/10\/Copy-of-OBETNEZ-VOTRE-PROFIL-NOVA-ET-1.png","width":940,"height":788},{"@type":"BreadcrumbList","@id":"https:\/\/diaki-experiences.com\/fr\/intelligence-emotionnelle-2\/#breadcrumb","itemListElement":[{"@type":"ListItem","position":1,"name":"Home","item":"https:\/\/diaki-experiences.com\/fr\/"},{"@type":"ListItem","position":2,"name":"Intelligence \u00e9motionnelle"}]},{"@type":"WebSite","@id":"https:\/\/diaki-experiences.com\/#website","url":"https:\/\/diaki-experiences.com\/","name":"Diaki Experiences","description":"","potentialAction":[{"@type":"SearchAction","target":{"@type":"EntryPoint","urlTemplate":"https:\/\/diaki-experiences.com\/?s={search_term_string}"},"query-input":{"@type":"PropertyValueSpecification","valueRequired":true,"valueName":"search_term_string"}}],"inLanguage":"fr-FR"}]}},"_links":{"self":[{"href":"https:\/\/diaki-experiences.com\/fr\/wp-json\/wp\/v2\/pages\/2615","targetHints":{"allow":["GET"]}}],"collection":[{"href":"https:\/\/diaki-experiences.com\/fr\/wp-json\/wp\/v2\/pages"}],"about":[{"href":"https:\/\/diaki-experiences.com\/fr\/wp-json\/wp\/v2\/types\/page"}],"author":[{"embeddable":true,"href":"https:\/\/diaki-experiences.com\/fr\/wp-json\/wp\/v2\/users\/2"}],"replies":[{"embeddable":true,"href":"https:\/\/diaki-experiences.com\/fr\/wp-json\/wp\/v2\/comments?post=2615"}],"version-history":[{"count":0,"href":"https:\/\/diaki-experiences.com\/fr\/wp-json\/wp\/v2\/pages\/2615\/revisions"}],"wp:featuredmedia":[{"embeddable":true,"href":"https:\/\/diaki-experiences.com\/fr\/wp-json\/wp\/v2\/media\/2075"}],"wp:attachment":[{"href":"https:\/\/diaki-experiences.com\/fr\/wp-json\/wp\/v2\/media?parent=2615"}],"curies":[{"name":"wp","href":"https:\/\/api.w.org\/{rel}","templated":true}]}}