{"id":2623,"date":"2023-11-09T17:14:10","date_gmt":"2023-11-09T17:14:10","guid":{"rendered":"https:\/\/diaki-experiences.com\/?page_id=2623"},"modified":"2023-11-21T17:00:46","modified_gmt":"2023-11-21T17:00:46","slug":"co-fondatrice","status":"publish","type":"page","link":"https:\/\/diaki-experiences.com\/fr\/co-fondatrice\/","title":{"rendered":"Co-fondatrice"},"content":{"rendered":"\r\n<p><img loading=\"lazy\" decoding=\"async\" title=\"DIAKI-Profile-Christine\" src=\"https:\/\/diaki-experiences.com\/wp-content\/uploads\/2023\/09\/DIAKI-Profile-Christine.png\" alt=\"DIAKI-Profile-Christine\" width=\"1400\" height=\"1000\" \/> <strong>CHRISTINE CARIGNAN<\/strong><br \/>CD, MBA, pr\u00e9sidente et directrice g\u00e9n\u00e9rale<br \/>Coach pour cadre ex\u00e9cutif, facilitatrice<\/p>\r\n<p>Christine (Kiki) a 29 ans de service en tant qu\u2019officier sup\u00e9rieur de logistique dans les Forces arm\u00e9es canadiennes. Elle a \u00e9galement servi dans les forces sp\u00e9ciales, la s\u00e9curit\u00e9 publique canadienne et dans le domaine de la sant\u00e9 en tant que travailleuse de soutien personnel. Elle est coach professionnelle certifi\u00e9e, membre de l\u2019International Coach Federation (ICF), coach certifi\u00e9e en programmation neurolinguistique, profil NOVA 2.0, EQi et EQ360, et consultante en \u00e9valuation des \u00e9quipes sur la s\u00e9curit\u00e9 psychologique.\u00a0<\/p>\r\n<p>\u00a0Avec cinq d\u00e9ploiements \u00e0 son actif, notamment en Bosnie, en Afghanistan et dans le Grand Nord canadien, et de nombreuses affectations de la France \u00e0 Yellowknife, elle a rempli diverses fonctions qui lui ont donn\u00e9 une perspective unique sur le leadership pratique, le travail d\u2019\u00e9quipe et la communication.\u00a0<\/p>\r\n<p>Elle s\u2019efforce toujours d\u2019avoir un impact positif sur les personnes qui l\u2019entourent. Elle utilise ses comp\u00e9tences d\u2019\u00e9coute active pour guider les clients dans leur d\u00e9veloppement et leur d\u00e9couverte de soi. Elle apprend beaucoup et cherche constamment \u00e0 am\u00e9liorer ses comp\u00e9tences personnelles et professionnelles afin d\u2019offrir \u00e0 ses clients la meilleure exp\u00e9rience possible.\u00a0<\/p>\r\n<p>\u00a0Elle est mari\u00e9e \u00e0 Louis-Philippe (qui est \u00e9galement un ancien combattant) depuis plus de 29 ans. Ensemble, ils ont \u00e9lev\u00e9 quatre enfants \u00e0 travers les d\u00e9fis de multiples op\u00e9rations et missions \u00e0 travers le monde.\u00a0<\/p>\r\n<p>Christine est une dirigeante pr\u00e9sente, g\u00e9n\u00e9reuse et engag\u00e9e. Elle est une b\u00e9n\u00e9vole passionn\u00e9e. Elle est sympathique et accessible, et elle sait mettre les gens \u00e0 l\u2019aise. C\u2019est une dirigeante inclusive et empathique qui aime rencontrer de nouvelles personnes.<\/p>\r\n<p>Elle aime la randonn\u00e9e, le ski de fond, le v\u00e9lo et les voyages !\u00a0<\/p>\r\n","protected":false},"excerpt":{"rendered":"<p>CHRISTINE CARIGNANCD, MBA, pr\u00e9sidente et directrice g\u00e9n\u00e9raleCoach pour cadre ex\u00e9cutif, facilitatrice Christine (Kiki) a 29 ans de service en tant qu\u2019officier sup\u00e9rieur de logistique dans les Forces arm\u00e9es canadiennes. Elle a \u00e9galement servi dans les forces sp\u00e9ciales, la s\u00e9curit\u00e9 publique canadienne et dans le domaine de la sant\u00e9 en tant que travailleuse de soutien personnel. [&hellip;]<\/p>\n","protected":false},"author":2,"featured_media":1348,"parent":0,"menu_order":0,"comment_status":"closed","ping_status":"closed","template":"","meta":{"_acf_changed":false,"footnotes":""},"class_list":["post-2623","page","type-page","status-publish","has-post-thumbnail","hentry"],"acf":[],"yoast_head":"<!-- This site is optimized with the Yoast SEO plugin v25.2 - https:\/\/yoast.com\/wordpress\/plugins\/seo\/ -->\n<title>Co-fondatrice - Diaki Experiences<\/title>\n<meta name=\"robots\" content=\"index, follow, max-snippet:-1, max-image-preview:large, max-video-preview:-1\" \/>\n<link rel=\"canonical\" href=\"https:\/\/diaki-experiences.com\/fr\/co-fondatrice\/\" \/>\n<meta property=\"og:locale\" content=\"fr_FR\" \/>\n<meta property=\"og:type\" content=\"article\" \/>\n<meta property=\"og:title\" content=\"Co-fondatrice - Diaki Experiences\" \/>\n<meta property=\"og:description\" content=\"CHRISTINE CARIGNANCD, MBA, pr\u00e9sidente et directrice g\u00e9n\u00e9raleCoach pour cadre ex\u00e9cutif, facilitatrice Christine (Kiki) a 29 ans de service en tant qu\u2019officier sup\u00e9rieur de logistique dans les Forces arm\u00e9es canadiennes. Elle a \u00e9galement servi dans les forces sp\u00e9ciales, la s\u00e9curit\u00e9 publique canadienne et dans le domaine de la sant\u00e9 en tant que travailleuse de soutien personnel. [&hellip;]\" \/>\n<meta property=\"og:url\" content=\"https:\/\/diaki-experiences.com\/fr\/co-fondatrice\/\" \/>\n<meta property=\"og:site_name\" content=\"Diaki Experiences\" \/>\n<meta property=\"article:modified_time\" content=\"2023-11-21T17:00:46+00:00\" \/>\n<meta property=\"og:image\" content=\"https:\/\/diaki-experiences.com\/wp-content\/uploads\/2023\/09\/Birds-with-duck-leading-pointing-right-scaled-e1693924939325.jpg\" \/>\n\t<meta property=\"og:image:width\" content=\"2560\" \/>\n\t<meta property=\"og:image:height\" content=\"1707\" \/>\n\t<meta property=\"og:image:type\" content=\"image\/jpeg\" \/>\n<meta name=\"twitter:card\" content=\"summary_large_image\" \/>\n<meta name=\"twitter:label1\" content=\"Dur\u00e9e de lecture estim\u00e9e\" \/>\n\t<meta name=\"twitter:data1\" content=\"1 minute\" \/>\n<script type=\"application\/ld+json\" class=\"yoast-schema-graph\">{\"@context\":\"https:\/\/schema.org\",\"@graph\":[{\"@type\":\"WebPage\",\"@id\":\"https:\/\/diaki-experiences.com\/fr\/co-fondatrice\/\",\"url\":\"https:\/\/diaki-experiences.com\/fr\/co-fondatrice\/\",\"name\":\"Co-fondatrice - Diaki Experiences\",\"isPartOf\":{\"@id\":\"https:\/\/diaki-experiences.com\/#website\"},\"primaryImageOfPage\":{\"@id\":\"https:\/\/diaki-experiences.com\/fr\/co-fondatrice\/#primaryimage\"},\"image\":{\"@id\":\"https:\/\/diaki-experiences.com\/fr\/co-fondatrice\/#primaryimage\"},\"thumbnailUrl\":\"https:\/\/diaki-experiences.com\/wp-content\/uploads\/2023\/09\/Birds-with-duck-leading-pointing-right-scaled-e1693924939325.jpg\",\"datePublished\":\"2023-11-09T17:14:10+00:00\",\"dateModified\":\"2023-11-21T17:00:46+00:00\",\"breadcrumb\":{\"@id\":\"https:\/\/diaki-experiences.com\/fr\/co-fondatrice\/#breadcrumb\"},\"inLanguage\":\"fr-FR\",\"potentialAction\":[{\"@type\":\"ReadAction\",\"target\":[\"https:\/\/diaki-experiences.com\/fr\/co-fondatrice\/\"]}]},{\"@type\":\"ImageObject\",\"inLanguage\":\"fr-FR\",\"@id\":\"https:\/\/diaki-experiences.com\/fr\/co-fondatrice\/#primaryimage\",\"url\":\"https:\/\/diaki-experiences.com\/wp-content\/uploads\/2023\/09\/Birds-with-duck-leading-pointing-right-scaled-e1693924939325.jpg\",\"contentUrl\":\"https:\/\/diaki-experiences.com\/wp-content\/uploads\/2023\/09\/Birds-with-duck-leading-pointing-right-scaled-e1693924939325.jpg\",\"width\":2560,\"height\":1707},{\"@type\":\"BreadcrumbList\",\"@id\":\"https:\/\/diaki-experiences.com\/fr\/co-fondatrice\/#breadcrumb\",\"itemListElement\":[{\"@type\":\"ListItem\",\"position\":1,\"name\":\"Home\",\"item\":\"https:\/\/diaki-experiences.com\/fr\/\"},{\"@type\":\"ListItem\",\"position\":2,\"name\":\"Co-fondatrice\"}]},{\"@type\":\"WebSite\",\"@id\":\"https:\/\/diaki-experiences.com\/#website\",\"url\":\"https:\/\/diaki-experiences.com\/\",\"name\":\"Diaki Experiences\",\"description\":\"\",\"potentialAction\":[{\"@type\":\"SearchAction\",\"target\":{\"@type\":\"EntryPoint\",\"urlTemplate\":\"https:\/\/diaki-experiences.com\/?s={search_term_string}\"},\"query-input\":{\"@type\":\"PropertyValueSpecification\",\"valueRequired\":true,\"valueName\":\"search_term_string\"}}],\"inLanguage\":\"fr-FR\"}]}<\/script>\n<!-- \/ Yoast SEO plugin. -->","yoast_head_json":{"title":"Co-fondatrice - Diaki Experiences","robots":{"index":"index","follow":"follow","max-snippet":"max-snippet:-1","max-image-preview":"max-image-preview:large","max-video-preview":"max-video-preview:-1"},"canonical":"https:\/\/diaki-experiences.com\/fr\/co-fondatrice\/","og_locale":"fr_FR","og_type":"article","og_title":"Co-fondatrice - Diaki Experiences","og_description":"CHRISTINE CARIGNANCD, MBA, pr\u00e9sidente et directrice g\u00e9n\u00e9raleCoach pour cadre ex\u00e9cutif, facilitatrice Christine (Kiki) a 29 ans de service en tant qu\u2019officier sup\u00e9rieur de logistique dans les Forces arm\u00e9es canadiennes. Elle a \u00e9galement servi dans les forces sp\u00e9ciales, la s\u00e9curit\u00e9 publique canadienne et dans le domaine de la sant\u00e9 en tant que travailleuse de soutien personnel. [&hellip;]","og_url":"https:\/\/diaki-experiences.com\/fr\/co-fondatrice\/","og_site_name":"Diaki Experiences","article_modified_time":"2023-11-21T17:00:46+00:00","og_image":[{"width":2560,"height":1707,"url":"https:\/\/diaki-experiences.com\/wp-content\/uploads\/2023\/09\/Birds-with-duck-leading-pointing-right-scaled-e1693924939325.jpg","type":"image\/jpeg"}],"twitter_card":"summary_large_image","twitter_misc":{"Dur\u00e9e de lecture estim\u00e9e":"1 minute"},"schema":{"@context":"https:\/\/schema.org","@graph":[{"@type":"WebPage","@id":"https:\/\/diaki-experiences.com\/fr\/co-fondatrice\/","url":"https:\/\/diaki-experiences.com\/fr\/co-fondatrice\/","name":"Co-fondatrice - Diaki Experiences","isPartOf":{"@id":"https:\/\/diaki-experiences.com\/#website"},"primaryImageOfPage":{"@id":"https:\/\/diaki-experiences.com\/fr\/co-fondatrice\/#primaryimage"},"image":{"@id":"https:\/\/diaki-experiences.com\/fr\/co-fondatrice\/#primaryimage"},"thumbnailUrl":"https:\/\/diaki-experiences.com\/wp-content\/uploads\/2023\/09\/Birds-with-duck-leading-pointing-right-scaled-e1693924939325.jpg","datePublished":"2023-11-09T17:14:10+00:00","dateModified":"2023-11-21T17:00:46+00:00","breadcrumb":{"@id":"https:\/\/diaki-experiences.com\/fr\/co-fondatrice\/#breadcrumb"},"inLanguage":"fr-FR","potentialAction":[{"@type":"ReadAction","target":["https:\/\/diaki-experiences.com\/fr\/co-fondatrice\/"]}]},{"@type":"ImageObject","inLanguage":"fr-FR","@id":"https:\/\/diaki-experiences.com\/fr\/co-fondatrice\/#primaryimage","url":"https:\/\/diaki-experiences.com\/wp-content\/uploads\/2023\/09\/Birds-with-duck-leading-pointing-right-scaled-e1693924939325.jpg","contentUrl":"https:\/\/diaki-experiences.com\/wp-content\/uploads\/2023\/09\/Birds-with-duck-leading-pointing-right-scaled-e1693924939325.jpg","width":2560,"height":1707},{"@type":"BreadcrumbList","@id":"https:\/\/diaki-experiences.com\/fr\/co-fondatrice\/#breadcrumb","itemListElement":[{"@type":"ListItem","position":1,"name":"Home","item":"https:\/\/diaki-experiences.com\/fr\/"},{"@type":"ListItem","position":2,"name":"Co-fondatrice"}]},{"@type":"WebSite","@id":"https:\/\/diaki-experiences.com\/#website","url":"https:\/\/diaki-experiences.com\/","name":"Diaki Experiences","description":"","potentialAction":[{"@type":"SearchAction","target":{"@type":"EntryPoint","urlTemplate":"https:\/\/diaki-experiences.com\/?s={search_term_string}"},"query-input":{"@type":"PropertyValueSpecification","valueRequired":true,"valueName":"search_term_string"}}],"inLanguage":"fr-FR"}]}},"_links":{"self":[{"href":"https:\/\/diaki-experiences.com\/fr\/wp-json\/wp\/v2\/pages\/2623","targetHints":{"allow":["GET"]}}],"collection":[{"href":"https:\/\/diaki-experiences.com\/fr\/wp-json\/wp\/v2\/pages"}],"about":[{"href":"https:\/\/diaki-experiences.com\/fr\/wp-json\/wp\/v2\/types\/page"}],"author":[{"embeddable":true,"href":"https:\/\/diaki-experiences.com\/fr\/wp-json\/wp\/v2\/users\/2"}],"replies":[{"embeddable":true,"href":"https:\/\/diaki-experiences.com\/fr\/wp-json\/wp\/v2\/comments?post=2623"}],"version-history":[{"count":0,"href":"https:\/\/diaki-experiences.com\/fr\/wp-json\/wp\/v2\/pages\/2623\/revisions"}],"wp:featuredmedia":[{"embeddable":true,"href":"https:\/\/diaki-experiences.com\/fr\/wp-json\/wp\/v2\/media\/1348"}],"wp:attachment":[{"href":"https:\/\/diaki-experiences.com\/fr\/wp-json\/wp\/v2\/media?parent=2623"}],"curies":[{"name":"wp","href":"https:\/\/api.w.org\/{rel}","templated":true}]}}