{"id":2625,"date":"2023-11-09T17:14:43","date_gmt":"2023-11-09T17:14:43","guid":{"rendered":"https:\/\/diaki-experiences.com\/?page_id=2625"},"modified":"2023-11-28T16:36:45","modified_gmt":"2023-11-28T16:36:45","slug":"equipe-diaki","status":"publish","type":"page","link":"https:\/\/diaki-experiences.com\/fr\/equipe-diaki\/","title":{"rendered":"\u00c9quipe DIAKI"},"content":{"rendered":"\n\n\t<p>Nous sommes une \u00e9quipe passionn\u00e9e qui se consacre aux principes du leadership, du travail d&rsquo;\u00e9quipe et de l&rsquo;efficacit\u00e9 op\u00e9rationnelle. Notre mission est d&rsquo;offrir \u00e0 nos clients une occasion unique de faire une pause et de se lancer dans un voyage de d\u00e9couverte de soi par le biais de l&rsquo;apprentissage par l&rsquo;exp\u00e9rience. Gr\u00e2ce \u00e0 nos conseils, les clients d\u00e9couvrent les forces de leur \u00e9quipe et lib\u00e8rent le potentiel n\u00e9cessaire pour cr\u00e9er une \u00e9quipe plus soud\u00e9e, plus efficace et plus performante sur le plan op\u00e9rationnel.\u00a0<\/p>\n\t<h2><strong>Rencontrer l&rsquo;\u00e9quipe<\/strong><\/h2>\n<h2>(Par ordre alphab\u00e9tique)<\/h2>\n\t\t\t\t<img loading=\"lazy\" decoding=\"async\" src=\"https:\/\/diaki-experiences.com\/wp-content\/uploads\/2023\/09\/bbbbbbbb-e1694458223490.png\" alt=\"bbbbbbbb\" itemprop=\"image\" height=\"1671\" width=\"2244\" title=\"bbbbbbbb\" onerror=\"this.style.display='none'\"  \/>\n\t<strong>Brigitte Boutin<br \/>\n(Elle), CD, MBA, CPA<br \/>\n<\/strong><strong>Coach ex\u00e9cutif certifi\u00e9e<\/strong><strong>,<\/strong><br \/>\nLeader authentique, inspirante et motivante\n\t\t\t<a href=\"https:\/\/diaki-experiences.com\/fr\/about-brigitte\/\" target=\"_blank\" rel=\"noopener\">\n\t\t\t\t\t\t\tEn savoir plus sur Brigitte&#8230;\n\t\t\t\t\t<\/a>\n\t\t\t\t<img decoding=\"async\" src=\"https:\/\/diaki-experiences.com\/wp-content\/plugins\/beaver-builder-lite-version\/img\/pixel.png\" alt=\"\" itemprop=\"image\" onerror=\"this.style.display='none'\"  \/>\n\t\t\t\t<img loading=\"lazy\" decoding=\"async\" src=\"https:\/\/diaki-experiences.com\/wp-content\/uploads\/2023\/09\/DIAKI-Profile-Christine.png\" alt=\"DIAKI-Profile-Christine\" itemprop=\"image\" height=\"1000\" width=\"1400\" title=\"DIAKI-Profile-Christine\" onerror=\"this.style.display='none'\"  \/>\n\t<strong>Christine Carigna<br \/>\n(Elle), CD, MBA, pr\u00e9sidente et directrice g\u00e9n\u00e9rale<br \/>\n<\/strong>Leader pr\u00e9sente, g\u00e9n\u00e9reuse et engag\u00e9e\n\t\t\t<a href=\"https:\/\/diaki-experiences.com\/fr\/about-christine\/\" target=\"_blank\" rel=\"noopener\">\n\t\t\t\t\t\t\tEn savoir plus sur Christine&#8230;\n\t\t\t\t\t<\/a>\n\t\t\t\t<img loading=\"lazy\" decoding=\"async\" src=\"https:\/\/diaki-experiences.com\/wp-content\/uploads\/2023\/09\/Picture2-e1693937538949.png\" alt=\"Picture2\" itemprop=\"image\" height=\"1671\" width=\"2244\" title=\"Picture2\" onerror=\"this.style.display='none'\"  \/>\n\t<strong>Marc Dumont, (Il\/lui), MSM, CD, Coach certifi\u00e9 <\/strong><br \/>\nLeader engag\u00e9, passionn\u00e9 et attentionn\u00e9\u00a0<br \/>\n\n\t\t\t<a href=\"https:\/\/diaki-experiences.com\/fr\/about-marc\/\" target=\"_blank\" rel=\"noopener\">\n\t\t\t\t\t\t\tEn savoir plus sur Marc&#8230;\n\t\t\t\t\t<\/a>\n\t\t\t\t<img loading=\"lazy\" decoding=\"async\" src=\"https:\/\/diaki-experiences.com\/wp-content\/uploads\/2023\/09\/DIAKI-Profile-Lyna2-e1693937822944.png\" alt=\"DIAKI-Profile-Lyna2\" itemprop=\"image\" height=\"1000\" width=\"1400\" title=\"DIAKI-Profile-Lyna2\" onerror=\"this.style.display='none'\"  \/>\n\t<strong>Lyna Gravel<br \/>\n(Elle), CD, MBA, Consultante certifi\u00e9e NOVA<br \/>\n<\/strong>Leader \u00e9nergique, perspicace et bienveillante\u00a0\n\t\t\t<a href=\"https:\/\/diaki-experiences.com\/fr\/about-lyna\/\" target=\"_blank\" rel=\"noopener\">\n\t\t\t\t\t\t\tEn savoir plus sur Lyna&#8230;\n\t\t\t\t\t<\/a>\n\t\t\t\t<img loading=\"lazy\" decoding=\"async\" src=\"https:\/\/diaki-experiences.com\/wp-content\/uploads\/2023\/09\/DIAKI-Profile-Lali2.png\" alt=\"DIAKI-Profile-Lali2\" itemprop=\"image\" height=\"1000\" width=\"1400\" title=\"DIAKI-Profile-Lali2\" onerror=\"this.style.display='none'\"  \/>\n\t<strong>Isabelle Lalibert\u00e9<br \/>\n(Elle), MBA, Coach certifi\u00e9e<br \/>\n<\/strong>Leader passionn\u00e9e, engag\u00e9e et inspirante\n\t\t\t<a href=\"https:\/\/diaki-experiences.com\/fr\/about-isabelle\/\" target=\"_blank\" rel=\"noopener\">\n\t\t\t\t\t\t\tEn savoir plus sur Isabelle&#8230;\n\t\t\t\t\t<\/a>\n\t\t\t\t<img loading=\"lazy\" decoding=\"async\" src=\"https:\/\/diaki-experiences.com\/wp-content\/uploads\/2023\/09\/DIAKI-Profile-Rita.png\" alt=\"DIAKI-Profile-Rita\" itemprop=\"image\" height=\"1000\" width=\"1400\" title=\"DIAKI-Profile-Rita\" onerror=\"this.style.display='none'\"  \/>\n\t<strong>Rita Ricignuolo<br \/>\n(Elle), coach certifi\u00e9e, vice-pr\u00e9sidente et directrice du contenu<br \/>\n<\/strong>Leader bienveillante, authentique et cr\u00e9ative\n\t\t\t<a href=\"https:\/\/diaki-experiences.com\/fr\/about-rita\/\" target=\"_blank\" rel=\"noopener\">\n\t\t\t\t\t\t\tEn savoir plus sur Rita&#8230;\n\t\t\t\t\t<\/a>\n\n","protected":false},"excerpt":{"rendered":"<p>Nous sommes une \u00e9quipe passionn\u00e9e qui se consacre aux principes du leadership, du travail d&rsquo;\u00e9quipe et de l&rsquo;efficacit\u00e9 op\u00e9rationnelle. Notre mission est d&rsquo;offrir \u00e0 nos clients une occasion unique de faire une pause et de se lancer dans un voyage de d\u00e9couverte de soi par le biais de l&rsquo;apprentissage par l&rsquo;exp\u00e9rience. Gr\u00e2ce \u00e0 nos conseils, [&hellip;]<\/p>\n","protected":false},"author":2,"featured_media":1506,"parent":0,"menu_order":0,"comment_status":"closed","ping_status":"closed","template":"","meta":{"_acf_changed":false,"footnotes":""},"class_list":["post-2625","page","type-page","status-publish","has-post-thumbnail","hentry"],"acf":[],"yoast_head":"<!-- This site is optimized with the Yoast SEO plugin v25.2 - https:\/\/yoast.com\/wordpress\/plugins\/seo\/ -->\n<title>\u00c9quipe DIAKI - Diaki Experiences<\/title>\n<meta name=\"robots\" content=\"index, follow, max-snippet:-1, max-image-preview:large, max-video-preview:-1\" \/>\n<link rel=\"canonical\" href=\"https:\/\/diaki-experiences.com\/fr\/equipe-diaki\/\" \/>\n<meta property=\"og:locale\" content=\"fr_FR\" \/>\n<meta property=\"og:type\" content=\"article\" \/>\n<meta property=\"og:title\" content=\"\u00c9quipe DIAKI - Diaki Experiences\" \/>\n<meta property=\"og:description\" content=\"Nous sommes une \u00e9quipe passionn\u00e9e qui se consacre aux principes du leadership, du travail d&rsquo;\u00e9quipe et de l&rsquo;efficacit\u00e9 op\u00e9rationnelle. Notre mission est d&rsquo;offrir \u00e0 nos clients une occasion unique de faire une pause et de se lancer dans un voyage de d\u00e9couverte de soi par le biais de l&rsquo;apprentissage par l&rsquo;exp\u00e9rience. Gr\u00e2ce \u00e0 nos conseils, [&hellip;]\" \/>\n<meta property=\"og:url\" content=\"https:\/\/diaki-experiences.com\/fr\/equipe-diaki\/\" \/>\n<meta property=\"og:site_name\" content=\"Diaki Experiences\" \/>\n<meta property=\"article:modified_time\" content=\"2023-11-28T16:36:45+00:00\" \/>\n<meta property=\"og:image\" content=\"https:\/\/diaki-experiences.com\/wp-content\/uploads\/2023\/09\/Your-ticket-home-\u2013-claim-your-FREE-online-valuation-today-e1696351319308.png\" \/>\n\t<meta property=\"og:image:width\" content=\"620\" \/>\n\t<meta property=\"og:image:height\" content=\"300\" \/>\n\t<meta property=\"og:image:type\" content=\"image\/png\" \/>\n<meta name=\"twitter:card\" content=\"summary_large_image\" \/>\n<meta name=\"twitter:label1\" content=\"Dur\u00e9e de lecture estim\u00e9e\" \/>\n\t<meta name=\"twitter:data1\" content=\"1 minute\" \/>\n<script type=\"application\/ld+json\" class=\"yoast-schema-graph\">{\"@context\":\"https:\/\/schema.org\",\"@graph\":[{\"@type\":\"WebPage\",\"@id\":\"https:\/\/diaki-experiences.com\/fr\/equipe-diaki\/\",\"url\":\"https:\/\/diaki-experiences.com\/fr\/equipe-diaki\/\",\"name\":\"\u00c9quipe DIAKI - Diaki Experiences\",\"isPartOf\":{\"@id\":\"https:\/\/diaki-experiences.com\/#website\"},\"primaryImageOfPage\":{\"@id\":\"https:\/\/diaki-experiences.com\/fr\/equipe-diaki\/#primaryimage\"},\"image\":{\"@id\":\"https:\/\/diaki-experiences.com\/fr\/equipe-diaki\/#primaryimage\"},\"thumbnailUrl\":\"https:\/\/diaki-experiences.com\/wp-content\/uploads\/2023\/09\/Your-ticket-home-\u2013-claim-your-FREE-online-valuation-today-e1696351319308.png\",\"datePublished\":\"2023-11-09T17:14:43+00:00\",\"dateModified\":\"2023-11-28T16:36:45+00:00\",\"breadcrumb\":{\"@id\":\"https:\/\/diaki-experiences.com\/fr\/equipe-diaki\/#breadcrumb\"},\"inLanguage\":\"fr-FR\",\"potentialAction\":[{\"@type\":\"ReadAction\",\"target\":[\"https:\/\/diaki-experiences.com\/fr\/equipe-diaki\/\"]}]},{\"@type\":\"ImageObject\",\"inLanguage\":\"fr-FR\",\"@id\":\"https:\/\/diaki-experiences.com\/fr\/equipe-diaki\/#primaryimage\",\"url\":\"https:\/\/diaki-experiences.com\/wp-content\/uploads\/2023\/09\/Your-ticket-home-\u2013-claim-your-FREE-online-valuation-today-e1696351319308.png\",\"contentUrl\":\"https:\/\/diaki-experiences.com\/wp-content\/uploads\/2023\/09\/Your-ticket-home-\u2013-claim-your-FREE-online-valuation-today-e1696351319308.png\",\"width\":620,\"height\":300},{\"@type\":\"BreadcrumbList\",\"@id\":\"https:\/\/diaki-experiences.com\/fr\/equipe-diaki\/#breadcrumb\",\"itemListElement\":[{\"@type\":\"ListItem\",\"position\":1,\"name\":\"Home\",\"item\":\"https:\/\/diaki-experiences.com\/fr\/\"},{\"@type\":\"ListItem\",\"position\":2,\"name\":\"\u00c9quipe DIAKI\"}]},{\"@type\":\"WebSite\",\"@id\":\"https:\/\/diaki-experiences.com\/#website\",\"url\":\"https:\/\/diaki-experiences.com\/\",\"name\":\"Diaki Experiences\",\"description\":\"\",\"potentialAction\":[{\"@type\":\"SearchAction\",\"target\":{\"@type\":\"EntryPoint\",\"urlTemplate\":\"https:\/\/diaki-experiences.com\/?s={search_term_string}\"},\"query-input\":{\"@type\":\"PropertyValueSpecification\",\"valueRequired\":true,\"valueName\":\"search_term_string\"}}],\"inLanguage\":\"fr-FR\"}]}<\/script>\n<!-- \/ Yoast SEO plugin. -->","yoast_head_json":{"title":"\u00c9quipe DIAKI - Diaki Experiences","robots":{"index":"index","follow":"follow","max-snippet":"max-snippet:-1","max-image-preview":"max-image-preview:large","max-video-preview":"max-video-preview:-1"},"canonical":"https:\/\/diaki-experiences.com\/fr\/equipe-diaki\/","og_locale":"fr_FR","og_type":"article","og_title":"\u00c9quipe DIAKI - Diaki Experiences","og_description":"Nous sommes une \u00e9quipe passionn\u00e9e qui se consacre aux principes du leadership, du travail d&rsquo;\u00e9quipe et de l&rsquo;efficacit\u00e9 op\u00e9rationnelle. Notre mission est d&rsquo;offrir \u00e0 nos clients une occasion unique de faire une pause et de se lancer dans un voyage de d\u00e9couverte de soi par le biais de l&rsquo;apprentissage par l&rsquo;exp\u00e9rience. Gr\u00e2ce \u00e0 nos conseils, [&hellip;]","og_url":"https:\/\/diaki-experiences.com\/fr\/equipe-diaki\/","og_site_name":"Diaki Experiences","article_modified_time":"2023-11-28T16:36:45+00:00","og_image":[{"width":620,"height":300,"url":"https:\/\/diaki-experiences.com\/wp-content\/uploads\/2023\/09\/Your-ticket-home-\u2013-claim-your-FREE-online-valuation-today-e1696351319308.png","type":"image\/png"}],"twitter_card":"summary_large_image","twitter_misc":{"Dur\u00e9e de lecture estim\u00e9e":"1 minute"},"schema":{"@context":"https:\/\/schema.org","@graph":[{"@type":"WebPage","@id":"https:\/\/diaki-experiences.com\/fr\/equipe-diaki\/","url":"https:\/\/diaki-experiences.com\/fr\/equipe-diaki\/","name":"\u00c9quipe DIAKI - Diaki Experiences","isPartOf":{"@id":"https:\/\/diaki-experiences.com\/#website"},"primaryImageOfPage":{"@id":"https:\/\/diaki-experiences.com\/fr\/equipe-diaki\/#primaryimage"},"image":{"@id":"https:\/\/diaki-experiences.com\/fr\/equipe-diaki\/#primaryimage"},"thumbnailUrl":"https:\/\/diaki-experiences.com\/wp-content\/uploads\/2023\/09\/Your-ticket-home-\u2013-claim-your-FREE-online-valuation-today-e1696351319308.png","datePublished":"2023-11-09T17:14:43+00:00","dateModified":"2023-11-28T16:36:45+00:00","breadcrumb":{"@id":"https:\/\/diaki-experiences.com\/fr\/equipe-diaki\/#breadcrumb"},"inLanguage":"fr-FR","potentialAction":[{"@type":"ReadAction","target":["https:\/\/diaki-experiences.com\/fr\/equipe-diaki\/"]}]},{"@type":"ImageObject","inLanguage":"fr-FR","@id":"https:\/\/diaki-experiences.com\/fr\/equipe-diaki\/#primaryimage","url":"https:\/\/diaki-experiences.com\/wp-content\/uploads\/2023\/09\/Your-ticket-home-\u2013-claim-your-FREE-online-valuation-today-e1696351319308.png","contentUrl":"https:\/\/diaki-experiences.com\/wp-content\/uploads\/2023\/09\/Your-ticket-home-\u2013-claim-your-FREE-online-valuation-today-e1696351319308.png","width":620,"height":300},{"@type":"BreadcrumbList","@id":"https:\/\/diaki-experiences.com\/fr\/equipe-diaki\/#breadcrumb","itemListElement":[{"@type":"ListItem","position":1,"name":"Home","item":"https:\/\/diaki-experiences.com\/fr\/"},{"@type":"ListItem","position":2,"name":"\u00c9quipe DIAKI"}]},{"@type":"WebSite","@id":"https:\/\/diaki-experiences.com\/#website","url":"https:\/\/diaki-experiences.com\/","name":"Diaki Experiences","description":"","potentialAction":[{"@type":"SearchAction","target":{"@type":"EntryPoint","urlTemplate":"https:\/\/diaki-experiences.com\/?s={search_term_string}"},"query-input":{"@type":"PropertyValueSpecification","valueRequired":true,"valueName":"search_term_string"}}],"inLanguage":"fr-FR"}]}},"_links":{"self":[{"href":"https:\/\/diaki-experiences.com\/fr\/wp-json\/wp\/v2\/pages\/2625","targetHints":{"allow":["GET"]}}],"collection":[{"href":"https:\/\/diaki-experiences.com\/fr\/wp-json\/wp\/v2\/pages"}],"about":[{"href":"https:\/\/diaki-experiences.com\/fr\/wp-json\/wp\/v2\/types\/page"}],"author":[{"embeddable":true,"href":"https:\/\/diaki-experiences.com\/fr\/wp-json\/wp\/v2\/users\/2"}],"replies":[{"embeddable":true,"href":"https:\/\/diaki-experiences.com\/fr\/wp-json\/wp\/v2\/comments?post=2625"}],"version-history":[{"count":0,"href":"https:\/\/diaki-experiences.com\/fr\/wp-json\/wp\/v2\/pages\/2625\/revisions"}],"wp:featuredmedia":[{"embeddable":true,"href":"https:\/\/diaki-experiences.com\/fr\/wp-json\/wp\/v2\/media\/1506"}],"wp:attachment":[{"href":"https:\/\/diaki-experiences.com\/fr\/wp-json\/wp\/v2\/media?parent=2625"}],"curies":[{"name":"wp","href":"https:\/\/api.w.org\/{rel}","templated":true}]}}