{"id":2629,"date":"2023-11-09T17:16:26","date_gmt":"2023-11-09T17:16:26","guid":{"rendered":"https:\/\/diaki-experiences.com\/?page_id=2629"},"modified":"2023-11-23T22:32:02","modified_gmt":"2023-11-23T22:32:02","slug":"acheteurs-gouvernementaux-societes","status":"publish","type":"page","link":"https:\/\/diaki-experiences.com\/fr\/acheteurs-gouvernementaux-societes\/","title":{"rendered":"Acheteurs gouvernementaux\/soci\u00e9t\u00e9s"},"content":{"rendered":"\n\n\t<p>D\u00e9couvrez notre programme sur mesure pour le minist\u00e8re de la D\u00e9fense nationale (MDN), con\u00e7u pour s&rsquo;adapter de mani\u00e8re transparente aux besoins uniques de toute grande organisation.\u00a0<\/p>\n\t\t\t<a href=\"https:\/\/drive.google.com\/file\/d\/1FbHEORRErNFL95Xyq1QreXI8Tkoe0p5R\/view\" target=\"_blank\" rel=\"noopener\">\n\t\t\t\t\t\tT\u00e9l\u00e9charger notre brochure\n\t\t\t\t\t<\/a>\n\t<h2>GOUVERNEMENT F\u00c9D\u00c9RAL\u00a0<\/h2>\n<p>&nbsp;<\/p>\n<p>DIAKI Exp\u00e9riences a l&rsquo;honneur d&rsquo;\u00eatre reconnue comme fournisseur de lieu de travail inclusif par Inclusive Workplace Supplier with Canada Council (IWSCC). Nous sommes d\u00e9di\u00e9s \u00e0 promouvoir l&rsquo;inclusion \u00e0 travers la s\u00e9curit\u00e9 psychologique, les comp\u00e9tences en intelligence \u00e9motionnelle, le mentorat et le coaching pour le d\u00e9veloppement du leadership individuel et collectif au sein de la fonction publique f\u00e9d\u00e9rale.\u00a0<\/p>\n<p>ProServices : ProServices est une m\u00e9thode d&rsquo;approvisionnement obligatoire pour les services professionnels dont la valeur est inf\u00e9rieure au seuil de l&rsquo;Accord de libre-\u00e9change nord-am\u00e9ricain (ALENA).\u00a0<\/p>\n<ul>\n<li>Num\u00e9ro Arrangement Approvisionnemet\u00a0 avec les Services de protection parlementaire: 100000089 \u00a0<\/li>\n<\/ul>\n<p><strong>Num\u00e9ro d&rsquo;organisation MERX :<\/strong> 1174765\u00a0\u00a0<\/p>\n<ul>\n<li>Cat\u00e9gories : N, N13, N16\u00a0<\/li>\n<\/ul>\n\t<blockquote>\n<h2>Nos clients<\/h2>\n<\/blockquote>\n<p><strong>Il est primordial d&rsquo;exprimer notre gratitude envers nos pr\u00e9cieux clients pour la confiance qu&rsquo;ils nous accordent. Parmi eux, nous avons l&rsquo;honneur de compter, entre autres :<\/strong><\/p>\n<ul>\n<li data-leveltext=\"\uf0a7\" data-font=\"Wingdings\" data-listid=\"21\" data-list-defn-props=\"{&quot;335552541&quot;:1,&quot;335559684&quot;:-2,&quot;335559685&quot;:2880,&quot;335559991&quot;:360,&quot;469769226&quot;:&quot;Wingdings&quot;,&quot;469769242&quot;:[9642],&quot;469777803&quot;:&quot;left&quot;,&quot;469777804&quot;:&quot;\uf0a7&quot;,&quot;469777815&quot;:&quot;multilevel&quot;}\" aria-setsize=\"-1\" data-aria-posinset=\"8\" data-aria-level=\"4\">La D\u00e9fense nationale (DND) et les Forces arm\u00e9es canadiennes (FAC)\u00a0\u00a0\u00a0<\/li>\n<li data-leveltext=\"\uf0a7\" data-font=\"Wingdings\" data-listid=\"21\" data-list-defn-props=\"{&quot;335552541&quot;:1,&quot;335559684&quot;:-2,&quot;335559685&quot;:2880,&quot;335559991&quot;:360,&quot;469769226&quot;:&quot;Wingdings&quot;,&quot;469769242&quot;:[9642],&quot;469777803&quot;:&quot;left&quot;,&quot;469777804&quot;:&quot;\uf0a7&quot;,&quot;469777815&quot;:&quot;multilevel&quot;}\" aria-setsize=\"-1\" data-aria-posinset=\"9\" data-aria-level=\"4\">La Chambre des communes\u00a0\u00a0\u00a0\u00a0<\/li>\n<li data-leveltext=\"\uf0a7\" data-font=\"Wingdings\" data-listid=\"21\" data-list-defn-props=\"{&quot;335552541&quot;:1,&quot;335559684&quot;:-2,&quot;335559685&quot;:2880,&quot;335559991&quot;:360,&quot;469769226&quot;:&quot;Wingdings&quot;,&quot;469769242&quot;:[9642],&quot;469777803&quot;:&quot;left&quot;,&quot;469777804&quot;:&quot;\uf0a7&quot;,&quot;469777815&quot;:&quot;multilevel&quot;}\" aria-setsize=\"-1\" data-aria-posinset=\"10\" data-aria-level=\"4\">Services de bien-\u00eatre et de moral des Forces canadiennes (SBMFC)\u00a0\u00a0\u00a0\u00a0<\/li>\n<li data-leveltext=\"\uf0a7\" data-font=\"Wingdings\" data-listid=\"21\" data-list-defn-props=\"{&quot;335552541&quot;:1,&quot;335559684&quot;:-2,&quot;335559685&quot;:2880,&quot;335559991&quot;:360,&quot;469769226&quot;:&quot;Wingdings&quot;,&quot;469769242&quot;:[9642],&quot;469777803&quot;:&quot;left&quot;,&quot;469777804&quot;:&quot;\uf0a7&quot;,&quot;469777815&quot;:&quot;multilevel&quot;}\" aria-setsize=\"-1\" data-aria-posinset=\"11\" data-aria-level=\"4\">L&rsquo;Universit\u00e9 de Carleton\u00a0\u00a0\u00a0\u00a0<\/li>\n<li data-leveltext=\"\uf0a7\" data-font=\"Wingdings\" data-listid=\"21\" data-list-defn-props=\"{&quot;335552541&quot;:1,&quot;335559684&quot;:-2,&quot;335559685&quot;:2880,&quot;335559991&quot;:360,&quot;469769226&quot;:&quot;Wingdings&quot;,&quot;469769242&quot;:[9642],&quot;469777803&quot;:&quot;left&quot;,&quot;469777804&quot;:&quot;\uf0a7&quot;,&quot;469777815&quot;:&quot;multilevel&quot;}\" aria-setsize=\"-1\" data-aria-posinset=\"12\" data-aria-level=\"4\">Centre de crise TRACOM\u00a0\u00a0\u00a0<\/li>\n<li data-leveltext=\"\uf0a7\" data-font=\"Wingdings\" data-listid=\"21\" data-list-defn-props=\"{&quot;335552541&quot;:1,&quot;335559684&quot;:-2,&quot;335559685&quot;:2880,&quot;335559991&quot;:360,&quot;469769226&quot;:&quot;Wingdings&quot;,&quot;469769242&quot;:[9642],&quot;469777803&quot;:&quot;left&quot;,&quot;469777804&quot;:&quot;\uf0a7&quot;,&quot;469777815&quot;:&quot;multilevel&quot;}\" aria-setsize=\"-1\" data-aria-posinset=\"13\" data-aria-level=\"4\">Search For Common Ground\u00a0<\/li>\n<li data-leveltext=\"\uf0a7\" data-font=\"Wingdings\" data-listid=\"21\" data-list-defn-props=\"{&quot;335552541&quot;:1,&quot;335559684&quot;:-2,&quot;335559685&quot;:2880,&quot;335559991&quot;:360,&quot;469769226&quot;:&quot;Wingdings&quot;,&quot;469769242&quot;:[9642],&quot;469777803&quot;:&quot;left&quot;,&quot;469777804&quot;:&quot;\uf0a7&quot;,&quot;469777815&quot;:&quot;multilevel&quot;}\" aria-setsize=\"-1\" data-aria-posinset=\"14\" data-aria-level=\"4\">Chambre de commerce des Deux-montagnes<\/li>\n<\/ul>\n\t\t\t\t<img loading=\"lazy\" decoding=\"async\" src=\"https:\/\/diaki-experiences.com\/wp-content\/uploads\/2023\/09\/Outlook-byl5z442.png\" alt=\"Outlook-byl5z442\" itemprop=\"image\" height=\"350\" width=\"675\" title=\"Outlook-byl5z442\" onerror=\"this.style.display='none'\"  \/>\n\t\t\t\t<img loading=\"lazy\" decoding=\"async\" src=\"https:\/\/diaki-experiences.com\/wp-content\/uploads\/2020\/10\/DIAKI-BUYVETERAN.png\" alt=\"Buy Veteran Logo\" itemprop=\"image\" height=\"917\" width=\"3300\" title=\"DIAKI-BUYVETERAN\" onerror=\"this.style.display='none'\"  \/>\n\t<p><em><strong>Contactez-nous pour plus d&rsquo;informations et d\u00e9couvrez comment nous pouvons soutenir votre organisation.\u00a0<\/strong><\/em><\/p>\n      <link href=\"\/\/cdn-images.mailchimp.com\/embedcode\/classic-061523.css\" rel=\"stylesheet\" type=\"text\/css\"\/>\n  <style type=\"text\/css\">\n        #mc_embed_signup{background:#fff; false;clear:left; font:14px Helvetica,Arial,sans-serif; width: 600px;}\n        \/* Add your own Mailchimp form style overrides in your site stylesheet or in this style block.\n           We recommend moving this block and the preceding CSS link to the HEAD of your HTML file. *\/\n<\/style>\n    <form action=\"https:\/\/diaki-experiences.us2.list-manage.com\/subscribe\/post?u=65079c93661e4c951aa8d34a0&amp;id=34a3e6495d&amp;f_id=007176e0f0\" method=\"post\" id=\"mc-embedded-subscribe-form\" name=\"mc-embedded-subscribe-form\" target=\"_blank\">\n        <h2>Subscribe<\/h2>\n            * indicates required\n            <label for=\"mce-FNAME\">Pr\u00e9nom *<\/label><input type=\"text\" name=\"FNAME\" id=\"mce-FNAME\" required=\"\" value=\"\"\/><label for=\"mce-LNAME\">Nom de famille *<\/label><input type=\"text\" name=\"LNAME\" id=\"mce-LNAME\" required=\"\" value=\"\"\/><label for=\"mce-EMAIL\">Email Address *<\/label><input type=\"email\" name=\"EMAIL\" id=\"mce-EMAIL\" required=\"\" value=\"\"\/>Adresse \u00e9lectronique<label for=\"mce-PHONE\">Num\u00e9ro de t\u00e9l\u00e9phone *<\/label><input type=\"text\" name=\"PHONE\" id=\"mce-PHONE\" value=\"\"\/><label for=\"mce-MMERGE7\">Comment pouvons-nous vous aider?  *<\/label><input type=\"text\" name=\"MMERGE7\" id=\"mce-MMERGE7\" required=\"\" value=\"\"\/>\n        \/* real people should not fill this in and expect good things &#8211; do not remove this or risk form bot signups *\/\n        <input type=\"text\" name=\"b_65079c93661e4c951aa8d34a0_34a3e6495d\" tabindex=\"-1\" value=\"\"\/>\n                <input type=\"submit\" name=\"subscribe\" id=\"mc-embedded-subscribe\" value=\"Subscribe\"\/>\n                <p><a href=\"http:\/\/eepurl.com\/izhHeQ\" title=\"Mailchimp - email marketing made easy and fun\"><img decoding=\"async\" src=\"https:\/\/digitalasset.intuit.com\/render\/content\/dam\/intuit\/mc-fe\/en_us\/images\/intuit-mc-rewards-text-dark.svg\" alt=\"Intuit Mailchimp\"\/><\/a><\/p>\n<\/form>\n\t\t\t<a href=\"https:\/\/app.10to8.com\/book\/vywzvlnluaggeqrvzk\/?staff=250389&#038;prevent-change-staff=true\" target=\"_blank\" rel=\"noopener\">\n\t\t\t\t\t\t\tFixer un rendez-vous\n\t\t\t\t\t<\/a>\n\n","protected":false},"excerpt":{"rendered":"<p>D\u00e9couvrez notre programme sur mesure pour le minist\u00e8re de la D\u00e9fense nationale (MDN), con\u00e7u pour s&rsquo;adapter de mani\u00e8re transparente aux besoins uniques de toute grande organisation.\u00a0 T\u00e9l\u00e9charger notre brochure GOUVERNEMENT F\u00c9D\u00c9RAL\u00a0 &nbsp; DIAKI Exp\u00e9riences a l&rsquo;honneur d&rsquo;\u00eatre reconnue comme fournisseur de lieu de travail inclusif par Inclusive Workplace Supplier with Canada Council (IWSCC). Nous sommes [&hellip;]<\/p>\n","protected":false},"author":2,"featured_media":2126,"parent":0,"menu_order":0,"comment_status":"closed","ping_status":"closed","template":"","meta":{"_acf_changed":false,"footnotes":""},"class_list":["post-2629","page","type-page","status-publish","has-post-thumbnail","hentry"],"acf":[],"yoast_head":"<!-- This site is optimized with the Yoast SEO plugin v25.2 - https:\/\/yoast.com\/wordpress\/plugins\/seo\/ -->\n<title>Acheteurs gouvernementaux\/soci\u00e9t\u00e9s - Diaki Experiences<\/title>\n<meta name=\"robots\" content=\"index, follow, max-snippet:-1, max-image-preview:large, max-video-preview:-1\" \/>\n<link rel=\"canonical\" href=\"https:\/\/diaki-experiences.com\/fr\/acheteurs-gouvernementaux-societes\/\" \/>\n<meta property=\"og:locale\" content=\"fr_FR\" \/>\n<meta property=\"og:type\" content=\"article\" \/>\n<meta property=\"og:title\" content=\"Acheteurs gouvernementaux\/soci\u00e9t\u00e9s - Diaki Experiences\" \/>\n<meta property=\"og:description\" content=\"D\u00e9couvrez notre programme sur mesure pour le minist\u00e8re de la D\u00e9fense nationale (MDN), con\u00e7u pour s&rsquo;adapter de mani\u00e8re transparente aux besoins uniques de toute grande organisation.\u00a0 T\u00e9l\u00e9charger notre brochure GOUVERNEMENT F\u00c9D\u00c9RAL\u00a0 &nbsp; DIAKI Exp\u00e9riences a l&rsquo;honneur d&rsquo;\u00eatre reconnue comme fournisseur de lieu de travail inclusif par Inclusive Workplace Supplier with Canada Council (IWSCC). Nous sommes [&hellip;]\" \/>\n<meta property=\"og:url\" content=\"https:\/\/diaki-experiences.com\/fr\/acheteurs-gouvernementaux-societes\/\" \/>\n<meta property=\"og:site_name\" content=\"Diaki Experiences\" \/>\n<meta property=\"article:modified_time\" content=\"2023-11-23T22:32:02+00:00\" \/>\n<meta property=\"og:image\" content=\"https:\/\/diaki-experiences.com\/wp-content\/uploads\/2023\/10\/Copy-of-OBETNEZ-VOTRE-PROFIL-NOVA-ET-3.png\" \/>\n\t<meta property=\"og:image:width\" content=\"940\" \/>\n\t<meta property=\"og:image:height\" content=\"788\" \/>\n\t<meta property=\"og:image:type\" content=\"image\/png\" \/>\n<meta name=\"twitter:card\" content=\"summary_large_image\" \/>\n<meta name=\"twitter:label1\" content=\"Dur\u00e9e de lecture estim\u00e9e\" \/>\n\t<meta name=\"twitter:data1\" content=\"1 minute\" \/>\n<script type=\"application\/ld+json\" class=\"yoast-schema-graph\">{\"@context\":\"https:\/\/schema.org\",\"@graph\":[{\"@type\":\"WebPage\",\"@id\":\"https:\/\/diaki-experiences.com\/fr\/acheteurs-gouvernementaux-societes\/\",\"url\":\"https:\/\/diaki-experiences.com\/fr\/acheteurs-gouvernementaux-societes\/\",\"name\":\"Acheteurs gouvernementaux\/soci\u00e9t\u00e9s - Diaki Experiences\",\"isPartOf\":{\"@id\":\"https:\/\/diaki-experiences.com\/#website\"},\"primaryImageOfPage\":{\"@id\":\"https:\/\/diaki-experiences.com\/fr\/acheteurs-gouvernementaux-societes\/#primaryimage\"},\"image\":{\"@id\":\"https:\/\/diaki-experiences.com\/fr\/acheteurs-gouvernementaux-societes\/#primaryimage\"},\"thumbnailUrl\":\"https:\/\/diaki-experiences.com\/wp-content\/uploads\/2023\/10\/Copy-of-OBETNEZ-VOTRE-PROFIL-NOVA-ET-3.png\",\"datePublished\":\"2023-11-09T17:16:26+00:00\",\"dateModified\":\"2023-11-23T22:32:02+00:00\",\"breadcrumb\":{\"@id\":\"https:\/\/diaki-experiences.com\/fr\/acheteurs-gouvernementaux-societes\/#breadcrumb\"},\"inLanguage\":\"fr-FR\",\"potentialAction\":[{\"@type\":\"ReadAction\",\"target\":[\"https:\/\/diaki-experiences.com\/fr\/acheteurs-gouvernementaux-societes\/\"]}]},{\"@type\":\"ImageObject\",\"inLanguage\":\"fr-FR\",\"@id\":\"https:\/\/diaki-experiences.com\/fr\/acheteurs-gouvernementaux-societes\/#primaryimage\",\"url\":\"https:\/\/diaki-experiences.com\/wp-content\/uploads\/2023\/10\/Copy-of-OBETNEZ-VOTRE-PROFIL-NOVA-ET-3.png\",\"contentUrl\":\"https:\/\/diaki-experiences.com\/wp-content\/uploads\/2023\/10\/Copy-of-OBETNEZ-VOTRE-PROFIL-NOVA-ET-3.png\",\"width\":940,\"height\":788},{\"@type\":\"BreadcrumbList\",\"@id\":\"https:\/\/diaki-experiences.com\/fr\/acheteurs-gouvernementaux-societes\/#breadcrumb\",\"itemListElement\":[{\"@type\":\"ListItem\",\"position\":1,\"name\":\"Home\",\"item\":\"https:\/\/diaki-experiences.com\/fr\/\"},{\"@type\":\"ListItem\",\"position\":2,\"name\":\"Acheteurs gouvernementaux\/soci\u00e9t\u00e9s\"}]},{\"@type\":\"WebSite\",\"@id\":\"https:\/\/diaki-experiences.com\/#website\",\"url\":\"https:\/\/diaki-experiences.com\/\",\"name\":\"Diaki Experiences\",\"description\":\"\",\"potentialAction\":[{\"@type\":\"SearchAction\",\"target\":{\"@type\":\"EntryPoint\",\"urlTemplate\":\"https:\/\/diaki-experiences.com\/?s={search_term_string}\"},\"query-input\":{\"@type\":\"PropertyValueSpecification\",\"valueRequired\":true,\"valueName\":\"search_term_string\"}}],\"inLanguage\":\"fr-FR\"}]}<\/script>\n<!-- \/ Yoast SEO plugin. -->","yoast_head_json":{"title":"Acheteurs gouvernementaux\/soci\u00e9t\u00e9s - Diaki Experiences","robots":{"index":"index","follow":"follow","max-snippet":"max-snippet:-1","max-image-preview":"max-image-preview:large","max-video-preview":"max-video-preview:-1"},"canonical":"https:\/\/diaki-experiences.com\/fr\/acheteurs-gouvernementaux-societes\/","og_locale":"fr_FR","og_type":"article","og_title":"Acheteurs gouvernementaux\/soci\u00e9t\u00e9s - Diaki Experiences","og_description":"D\u00e9couvrez notre programme sur mesure pour le minist\u00e8re de la D\u00e9fense nationale (MDN), con\u00e7u pour s&rsquo;adapter de mani\u00e8re transparente aux besoins uniques de toute grande organisation.\u00a0 T\u00e9l\u00e9charger notre brochure GOUVERNEMENT F\u00c9D\u00c9RAL\u00a0 &nbsp; DIAKI Exp\u00e9riences a l&rsquo;honneur d&rsquo;\u00eatre reconnue comme fournisseur de lieu de travail inclusif par Inclusive Workplace Supplier with Canada Council (IWSCC). Nous sommes [&hellip;]","og_url":"https:\/\/diaki-experiences.com\/fr\/acheteurs-gouvernementaux-societes\/","og_site_name":"Diaki Experiences","article_modified_time":"2023-11-23T22:32:02+00:00","og_image":[{"width":940,"height":788,"url":"https:\/\/diaki-experiences.com\/wp-content\/uploads\/2023\/10\/Copy-of-OBETNEZ-VOTRE-PROFIL-NOVA-ET-3.png","type":"image\/png"}],"twitter_card":"summary_large_image","twitter_misc":{"Dur\u00e9e de lecture estim\u00e9e":"1 minute"},"schema":{"@context":"https:\/\/schema.org","@graph":[{"@type":"WebPage","@id":"https:\/\/diaki-experiences.com\/fr\/acheteurs-gouvernementaux-societes\/","url":"https:\/\/diaki-experiences.com\/fr\/acheteurs-gouvernementaux-societes\/","name":"Acheteurs gouvernementaux\/soci\u00e9t\u00e9s - Diaki Experiences","isPartOf":{"@id":"https:\/\/diaki-experiences.com\/#website"},"primaryImageOfPage":{"@id":"https:\/\/diaki-experiences.com\/fr\/acheteurs-gouvernementaux-societes\/#primaryimage"},"image":{"@id":"https:\/\/diaki-experiences.com\/fr\/acheteurs-gouvernementaux-societes\/#primaryimage"},"thumbnailUrl":"https:\/\/diaki-experiences.com\/wp-content\/uploads\/2023\/10\/Copy-of-OBETNEZ-VOTRE-PROFIL-NOVA-ET-3.png","datePublished":"2023-11-09T17:16:26+00:00","dateModified":"2023-11-23T22:32:02+00:00","breadcrumb":{"@id":"https:\/\/diaki-experiences.com\/fr\/acheteurs-gouvernementaux-societes\/#breadcrumb"},"inLanguage":"fr-FR","potentialAction":[{"@type":"ReadAction","target":["https:\/\/diaki-experiences.com\/fr\/acheteurs-gouvernementaux-societes\/"]}]},{"@type":"ImageObject","inLanguage":"fr-FR","@id":"https:\/\/diaki-experiences.com\/fr\/acheteurs-gouvernementaux-societes\/#primaryimage","url":"https:\/\/diaki-experiences.com\/wp-content\/uploads\/2023\/10\/Copy-of-OBETNEZ-VOTRE-PROFIL-NOVA-ET-3.png","contentUrl":"https:\/\/diaki-experiences.com\/wp-content\/uploads\/2023\/10\/Copy-of-OBETNEZ-VOTRE-PROFIL-NOVA-ET-3.png","width":940,"height":788},{"@type":"BreadcrumbList","@id":"https:\/\/diaki-experiences.com\/fr\/acheteurs-gouvernementaux-societes\/#breadcrumb","itemListElement":[{"@type":"ListItem","position":1,"name":"Home","item":"https:\/\/diaki-experiences.com\/fr\/"},{"@type":"ListItem","position":2,"name":"Acheteurs gouvernementaux\/soci\u00e9t\u00e9s"}]},{"@type":"WebSite","@id":"https:\/\/diaki-experiences.com\/#website","url":"https:\/\/diaki-experiences.com\/","name":"Diaki Experiences","description":"","potentialAction":[{"@type":"SearchAction","target":{"@type":"EntryPoint","urlTemplate":"https:\/\/diaki-experiences.com\/?s={search_term_string}"},"query-input":{"@type":"PropertyValueSpecification","valueRequired":true,"valueName":"search_term_string"}}],"inLanguage":"fr-FR"}]}},"_links":{"self":[{"href":"https:\/\/diaki-experiences.com\/fr\/wp-json\/wp\/v2\/pages\/2629","targetHints":{"allow":["GET"]}}],"collection":[{"href":"https:\/\/diaki-experiences.com\/fr\/wp-json\/wp\/v2\/pages"}],"about":[{"href":"https:\/\/diaki-experiences.com\/fr\/wp-json\/wp\/v2\/types\/page"}],"author":[{"embeddable":true,"href":"https:\/\/diaki-experiences.com\/fr\/wp-json\/wp\/v2\/users\/2"}],"replies":[{"embeddable":true,"href":"https:\/\/diaki-experiences.com\/fr\/wp-json\/wp\/v2\/comments?post=2629"}],"version-history":[{"count":0,"href":"https:\/\/diaki-experiences.com\/fr\/wp-json\/wp\/v2\/pages\/2629\/revisions"}],"wp:featuredmedia":[{"embeddable":true,"href":"https:\/\/diaki-experiences.com\/fr\/wp-json\/wp\/v2\/media\/2126"}],"wp:attachment":[{"href":"https:\/\/diaki-experiences.com\/fr\/wp-json\/wp\/v2\/media?parent=2629"}],"curies":[{"name":"wp","href":"https:\/\/api.w.org\/{rel}","templated":true}]}}