{"id":2886,"date":"2023-11-22T16:45:03","date_gmt":"2023-11-22T16:45:03","guid":{"rendered":"https:\/\/diaki-experiences.com\/?page_id=2886"},"modified":"2023-11-29T15:16:49","modified_gmt":"2023-11-29T15:16:49","slug":"about-rita","status":"publish","type":"page","link":"https:\/\/diaki-experiences.com\/fr\/about-rita\/","title":{"rendered":"Sur Rita"},"content":{"rendered":"\n\n\t\t\t\t<img loading=\"lazy\" decoding=\"async\" src=\"https:\/\/diaki-experiences.com\/wp-content\/uploads\/2023\/11\/Rita.jpg\" alt=\"Rita\" itemprop=\"image\" height=\"1080\" width=\"1920\" title=\"Rita\" onerror=\"this.style.display='none'\"  \/>\n<p>Dans cette vid\u00e9o, nous plongerons plus profond\u00e9ment dans le parcours personnel de Rita et explorerons le fonctionnement de notre entreprise, tout en d\u00e9couvrant comment nous donnons le pouvoir aux leaders individuels de s\u2019\u00e9panouir.<\/p>\n\t<iframe src=\"https:\/\/player.vimeo.com\/video\/889496179?badge=0&autopause=0&quality_selector=1&player_id=0&app_id=58479\" frameborder=\"0\" allow=\"autoplay; fullscreen; picture-in-picture\" title=\"Video Rita FRANCO V1\"><\/iframe>\n<p>Lib\u00e9rez le potentiel de votre \u00e9quipe et favorisez un environnement psychologiquement s\u00fbr gr\u00e2ce \u00e0 nos conseils d\u2019experts. Prenez rendez-vous avec nous d\u00e8s aujourd\u2019hui, et donnons \u00e0 vos dirigeants les moyens d\u2019agir et transformons ensemble votre lieu de travail gr\u00e2ce au coaching et \u00e0 des activit\u00e9s de renforcement de l\u2019esprit d\u2019\u00e9quipe attrayantes.<\/p>\n\t\t\t<a href=\"https:\/\/app.10to8.com\/book\/vywzvlnluaggeqrvzk\/\" target=\"_blank\" rel=\"noopener\">\n\t\t\t\t\t\t\tFixer un rendez-vous\n\t\t\t\t\t<\/a>\n\n","protected":false},"excerpt":{"rendered":"<p>Dans cette vid\u00e9o, nous plongerons plus profond\u00e9ment dans le parcours personnel de Rita et explorerons le fonctionnement de notre entreprise, tout en d\u00e9couvrant comment nous donnons le pouvoir aux leaders individuels de s\u2019\u00e9panouir. Lib\u00e9rez le potentiel de votre \u00e9quipe et favorisez un environnement psychologiquement s\u00fbr gr\u00e2ce \u00e0 nos conseils d\u2019experts. Prenez rendez-vous avec nous d\u00e8s [&hellip;]<\/p>\n","protected":false},"author":2,"featured_media":1348,"parent":0,"menu_order":0,"comment_status":"closed","ping_status":"closed","template":"","meta":{"_acf_changed":false,"footnotes":""},"class_list":["post-2886","page","type-page","status-publish","has-post-thumbnail","hentry"],"acf":[],"yoast_head":"<!-- This site is optimized with the Yoast SEO plugin v25.2 - https:\/\/yoast.com\/wordpress\/plugins\/seo\/ -->\n<title>Sur Rita - Diaki Experiences<\/title>\n<meta name=\"robots\" content=\"index, follow, max-snippet:-1, max-image-preview:large, max-video-preview:-1\" \/>\n<link rel=\"canonical\" href=\"https:\/\/diaki-experiences.com\/fr\/about-rita\/\" \/>\n<meta property=\"og:locale\" content=\"fr_FR\" \/>\n<meta property=\"og:type\" content=\"article\" \/>\n<meta property=\"og:title\" content=\"Sur Rita - Diaki Experiences\" \/>\n<meta property=\"og:description\" content=\"Dans cette vid\u00e9o, nous plongerons plus profond\u00e9ment dans le parcours personnel de Rita et explorerons le fonctionnement de notre entreprise, tout en d\u00e9couvrant comment nous donnons le pouvoir aux leaders individuels de s\u2019\u00e9panouir. Lib\u00e9rez le potentiel de votre \u00e9quipe et favorisez un environnement psychologiquement s\u00fbr gr\u00e2ce \u00e0 nos conseils d\u2019experts. Prenez rendez-vous avec nous d\u00e8s [&hellip;]\" \/>\n<meta property=\"og:url\" content=\"https:\/\/diaki-experiences.com\/fr\/about-rita\/\" \/>\n<meta property=\"og:site_name\" content=\"Diaki Experiences\" \/>\n<meta property=\"article:modified_time\" content=\"2023-11-29T15:16:49+00:00\" \/>\n<meta property=\"og:image\" content=\"https:\/\/diaki-experiences.com\/wp-content\/uploads\/2023\/09\/Birds-with-duck-leading-pointing-right-scaled-e1693924939325.jpg\" \/>\n\t<meta property=\"og:image:width\" content=\"2560\" \/>\n\t<meta property=\"og:image:height\" content=\"1707\" \/>\n\t<meta property=\"og:image:type\" content=\"image\/jpeg\" \/>\n<meta name=\"twitter:card\" content=\"summary_large_image\" \/>\n<script type=\"application\/ld+json\" class=\"yoast-schema-graph\">{\"@context\":\"https:\/\/schema.org\",\"@graph\":[{\"@type\":\"WebPage\",\"@id\":\"https:\/\/diaki-experiences.com\/fr\/about-rita\/\",\"url\":\"https:\/\/diaki-experiences.com\/fr\/about-rita\/\",\"name\":\"Sur Rita - Diaki Experiences\",\"isPartOf\":{\"@id\":\"https:\/\/diaki-experiences.com\/#website\"},\"primaryImageOfPage\":{\"@id\":\"https:\/\/diaki-experiences.com\/fr\/about-rita\/#primaryimage\"},\"image\":{\"@id\":\"https:\/\/diaki-experiences.com\/fr\/about-rita\/#primaryimage\"},\"thumbnailUrl\":\"https:\/\/diaki-experiences.com\/wp-content\/uploads\/2023\/09\/Birds-with-duck-leading-pointing-right-scaled-e1693924939325.jpg\",\"datePublished\":\"2023-11-22T16:45:03+00:00\",\"dateModified\":\"2023-11-29T15:16:49+00:00\",\"breadcrumb\":{\"@id\":\"https:\/\/diaki-experiences.com\/fr\/about-rita\/#breadcrumb\"},\"inLanguage\":\"fr-FR\",\"potentialAction\":[{\"@type\":\"ReadAction\",\"target\":[\"https:\/\/diaki-experiences.com\/fr\/about-rita\/\"]}]},{\"@type\":\"ImageObject\",\"inLanguage\":\"fr-FR\",\"@id\":\"https:\/\/diaki-experiences.com\/fr\/about-rita\/#primaryimage\",\"url\":\"https:\/\/diaki-experiences.com\/wp-content\/uploads\/2023\/09\/Birds-with-duck-leading-pointing-right-scaled-e1693924939325.jpg\",\"contentUrl\":\"https:\/\/diaki-experiences.com\/wp-content\/uploads\/2023\/09\/Birds-with-duck-leading-pointing-right-scaled-e1693924939325.jpg\",\"width\":2560,\"height\":1707},{\"@type\":\"BreadcrumbList\",\"@id\":\"https:\/\/diaki-experiences.com\/fr\/about-rita\/#breadcrumb\",\"itemListElement\":[{\"@type\":\"ListItem\",\"position\":1,\"name\":\"Home\",\"item\":\"https:\/\/diaki-experiences.com\/fr\/\"},{\"@type\":\"ListItem\",\"position\":2,\"name\":\"Sur Rita\"}]},{\"@type\":\"WebSite\",\"@id\":\"https:\/\/diaki-experiences.com\/#website\",\"url\":\"https:\/\/diaki-experiences.com\/\",\"name\":\"Diaki Experiences\",\"description\":\"\",\"potentialAction\":[{\"@type\":\"SearchAction\",\"target\":{\"@type\":\"EntryPoint\",\"urlTemplate\":\"https:\/\/diaki-experiences.com\/?s={search_term_string}\"},\"query-input\":{\"@type\":\"PropertyValueSpecification\",\"valueRequired\":true,\"valueName\":\"search_term_string\"}}],\"inLanguage\":\"fr-FR\"}]}<\/script>\n<!-- \/ Yoast SEO plugin. -->","yoast_head_json":{"title":"Sur Rita - Diaki Experiences","robots":{"index":"index","follow":"follow","max-snippet":"max-snippet:-1","max-image-preview":"max-image-preview:large","max-video-preview":"max-video-preview:-1"},"canonical":"https:\/\/diaki-experiences.com\/fr\/about-rita\/","og_locale":"fr_FR","og_type":"article","og_title":"Sur Rita - Diaki Experiences","og_description":"Dans cette vid\u00e9o, nous plongerons plus profond\u00e9ment dans le parcours personnel de Rita et explorerons le fonctionnement de notre entreprise, tout en d\u00e9couvrant comment nous donnons le pouvoir aux leaders individuels de s\u2019\u00e9panouir. Lib\u00e9rez le potentiel de votre \u00e9quipe et favorisez un environnement psychologiquement s\u00fbr gr\u00e2ce \u00e0 nos conseils d\u2019experts. Prenez rendez-vous avec nous d\u00e8s [&hellip;]","og_url":"https:\/\/diaki-experiences.com\/fr\/about-rita\/","og_site_name":"Diaki Experiences","article_modified_time":"2023-11-29T15:16:49+00:00","og_image":[{"width":2560,"height":1707,"url":"https:\/\/diaki-experiences.com\/wp-content\/uploads\/2023\/09\/Birds-with-duck-leading-pointing-right-scaled-e1693924939325.jpg","type":"image\/jpeg"}],"twitter_card":"summary_large_image","schema":{"@context":"https:\/\/schema.org","@graph":[{"@type":"WebPage","@id":"https:\/\/diaki-experiences.com\/fr\/about-rita\/","url":"https:\/\/diaki-experiences.com\/fr\/about-rita\/","name":"Sur Rita - Diaki Experiences","isPartOf":{"@id":"https:\/\/diaki-experiences.com\/#website"},"primaryImageOfPage":{"@id":"https:\/\/diaki-experiences.com\/fr\/about-rita\/#primaryimage"},"image":{"@id":"https:\/\/diaki-experiences.com\/fr\/about-rita\/#primaryimage"},"thumbnailUrl":"https:\/\/diaki-experiences.com\/wp-content\/uploads\/2023\/09\/Birds-with-duck-leading-pointing-right-scaled-e1693924939325.jpg","datePublished":"2023-11-22T16:45:03+00:00","dateModified":"2023-11-29T15:16:49+00:00","breadcrumb":{"@id":"https:\/\/diaki-experiences.com\/fr\/about-rita\/#breadcrumb"},"inLanguage":"fr-FR","potentialAction":[{"@type":"ReadAction","target":["https:\/\/diaki-experiences.com\/fr\/about-rita\/"]}]},{"@type":"ImageObject","inLanguage":"fr-FR","@id":"https:\/\/diaki-experiences.com\/fr\/about-rita\/#primaryimage","url":"https:\/\/diaki-experiences.com\/wp-content\/uploads\/2023\/09\/Birds-with-duck-leading-pointing-right-scaled-e1693924939325.jpg","contentUrl":"https:\/\/diaki-experiences.com\/wp-content\/uploads\/2023\/09\/Birds-with-duck-leading-pointing-right-scaled-e1693924939325.jpg","width":2560,"height":1707},{"@type":"BreadcrumbList","@id":"https:\/\/diaki-experiences.com\/fr\/about-rita\/#breadcrumb","itemListElement":[{"@type":"ListItem","position":1,"name":"Home","item":"https:\/\/diaki-experiences.com\/fr\/"},{"@type":"ListItem","position":2,"name":"Sur Rita"}]},{"@type":"WebSite","@id":"https:\/\/diaki-experiences.com\/#website","url":"https:\/\/diaki-experiences.com\/","name":"Diaki Experiences","description":"","potentialAction":[{"@type":"SearchAction","target":{"@type":"EntryPoint","urlTemplate":"https:\/\/diaki-experiences.com\/?s={search_term_string}"},"query-input":{"@type":"PropertyValueSpecification","valueRequired":true,"valueName":"search_term_string"}}],"inLanguage":"fr-FR"}]}},"_links":{"self":[{"href":"https:\/\/diaki-experiences.com\/fr\/wp-json\/wp\/v2\/pages\/2886","targetHints":{"allow":["GET"]}}],"collection":[{"href":"https:\/\/diaki-experiences.com\/fr\/wp-json\/wp\/v2\/pages"}],"about":[{"href":"https:\/\/diaki-experiences.com\/fr\/wp-json\/wp\/v2\/types\/page"}],"author":[{"embeddable":true,"href":"https:\/\/diaki-experiences.com\/fr\/wp-json\/wp\/v2\/users\/2"}],"replies":[{"embeddable":true,"href":"https:\/\/diaki-experiences.com\/fr\/wp-json\/wp\/v2\/comments?post=2886"}],"version-history":[{"count":0,"href":"https:\/\/diaki-experiences.com\/fr\/wp-json\/wp\/v2\/pages\/2886\/revisions"}],"wp:featuredmedia":[{"embeddable":true,"href":"https:\/\/diaki-experiences.com\/fr\/wp-json\/wp\/v2\/media\/1348"}],"wp:attachment":[{"href":"https:\/\/diaki-experiences.com\/fr\/wp-json\/wp\/v2\/media?parent=2886"}],"curies":[{"name":"wp","href":"https:\/\/api.w.org\/{rel}","templated":true}]}}