{"id":649,"date":"2020-09-05T13:08:51","date_gmt":"2020-09-05T13:08:51","guid":{"rendered":"https:\/\/dev.diaki-experiences.com\/leadership-workshop\/"},"modified":"2023-11-15T14:01:30","modified_gmt":"2023-11-15T14:01:30","slug":"leadership-workshop","status":"publish","type":"page","link":"https:\/\/diaki-experiences.com\/fr\/leadership-workshop\/","title":{"rendered":"Atelier de leadership"},"content":{"rendered":"<h3>Dans l\u2019environnement dynamique d\u2019aujourd\u2019hui, les organisations visent \u00e0 accro\u00eetre leur efficacit\u00e9 et \u00e0 atteindre leurs objectifs tout en \u00e9conomisant temps, argent et \u00e9nergie. Cela est \u00e9galement vrai lorsqu\u2019il s\u2019agit de d\u00e9velopper leurs leaders : votre organisation veut-elle am\u00e9liorer la gestion de son \u00e9quipe et maximiser le potentiel de chacun de ses membres?<\/h3>\n<p class=\"p1\">En travaillant main dans la main avec les besoins de l&rsquo;organisation et en utilisant <b>notre exp\u00e9rience de leadership de directions d\u2019\u00e9quipes<\/b>, nous cr\u00e9ons des ateliers de leadership personnalis\u00e9s, selon vos besoins, en valorisant le style de leadership de chaque participant.<\/p>\n<p class=\"p1\">En pr\u00e9sentiel ou \u00e0 distance, les ateliers sont con\u00e7us en fonction de chaque participant. Ceux-ci seront invit\u00e9s \u00e0 d\u00e9couvrir leurs propres styles de leadership, les styles des autres, ainsi que de puissants outils de communication.<\/p>\n<p class=\"p1\">L\u2019expertise de DIAKI et sa <a href=\"https:\/\/diaki-experiences.com\/fr\/how-it-works\/experiential-learning\/\"><span class=\"s1\">m\u00e9thode originale<\/span><\/a>\u00a0donneront aux participants un regain de confiance en leurs capacit\u00e9s de leadership. \u00c0 la suite de l\u2019atelier de formation, les participants b\u00e9n\u00e9ficient d\u2019un outil de leadership autod\u00e9velopp\u00e9 et pratique qu\u2019ils pourront utiliser pour le reste de leur carri\u00e8re.<\/p>\n<p class=\"p1\">\n","protected":false},"excerpt":{"rendered":"<p>Dans l\u2019environnement dynamique d\u2019aujourd\u2019hui, les organisations visent \u00e0 accro\u00eetre leur efficacit\u00e9 et \u00e0 atteindre leurs objectifs tout en \u00e9conomisant temps, argent et \u00e9nergie. Cela est \u00e9galement vrai lorsqu\u2019il s\u2019agit de d\u00e9velopper leurs leaders : votre organisation veut-elle am\u00e9liorer la gestion de son \u00e9quipe et maximiser le potentiel de chacun de ses membres? En travaillant main [&hellip;]<\/p>\n","protected":false},"author":1,"featured_media":650,"parent":0,"menu_order":0,"comment_status":"closed","ping_status":"closed","template":"","meta":{"_acf_changed":false,"footnotes":""},"class_list":["post-649","page","type-page","status-publish","has-post-thumbnail","hentry"],"acf":[],"yoast_head":"<!-- This site is optimized with the Yoast SEO plugin v25.2 - https:\/\/yoast.com\/wordpress\/plugins\/seo\/ -->\n<title>Atelier de leadership - Diaki Experiences<\/title>\n<meta name=\"robots\" content=\"index, follow, max-snippet:-1, max-image-preview:large, max-video-preview:-1\" \/>\n<link rel=\"canonical\" href=\"https:\/\/diaki-experiences.com\/customized\/leadership-workshop\/\" \/>\n<meta property=\"og:locale\" content=\"fr_FR\" \/>\n<meta property=\"og:type\" content=\"article\" \/>\n<meta property=\"og:title\" content=\"Atelier de leadership - Diaki Experiences\" \/>\n<meta property=\"og:description\" content=\"Dans l\u2019environnement dynamique d\u2019aujourd\u2019hui, les organisations visent \u00e0 accro\u00eetre leur efficacit\u00e9 et \u00e0 atteindre leurs objectifs tout en \u00e9conomisant temps, argent et \u00e9nergie. Cela est \u00e9galement vrai lorsqu\u2019il s\u2019agit de d\u00e9velopper leurs leaders : votre organisation veut-elle am\u00e9liorer la gestion de son \u00e9quipe et maximiser le potentiel de chacun de ses membres? En travaillant main [&hellip;]\" \/>\n<meta property=\"og:url\" content=\"https:\/\/diaki-experiences.com\/customized\/leadership-workshop\/\" \/>\n<meta property=\"og:site_name\" content=\"Diaki Experiences\" \/>\n<meta property=\"article:modified_time\" content=\"2023-11-15T14:01:30+00:00\" \/>\n<meta property=\"og:image\" content=\"https:\/\/diaki-experiences.com\/wp-content\/uploads\/2020\/09\/DIAKI-HEADER-LEADERSHIP_WORKSHOP.jpg\" \/>\n\t<meta property=\"og:image:width\" content=\"1600\" \/>\n\t<meta property=\"og:image:height\" content=\"900\" \/>\n\t<meta property=\"og:image:type\" content=\"image\/jpeg\" \/>\n<meta name=\"twitter:card\" content=\"summary_large_image\" \/>\n<meta name=\"twitter:label1\" content=\"Dur\u00e9e de lecture estim\u00e9e\" \/>\n\t<meta name=\"twitter:data1\" content=\"1 minute\" \/>\n<script type=\"application\/ld+json\" class=\"yoast-schema-graph\">{\"@context\":\"https:\/\/schema.org\",\"@graph\":[{\"@type\":\"WebPage\",\"@id\":\"https:\/\/diaki-experiences.com\/customized\/leadership-workshop\/\",\"url\":\"https:\/\/diaki-experiences.com\/customized\/leadership-workshop\/\",\"name\":\"Atelier de leadership - Diaki Experiences\",\"isPartOf\":{\"@id\":\"https:\/\/diaki-experiences.com\/#website\"},\"primaryImageOfPage\":{\"@id\":\"https:\/\/diaki-experiences.com\/customized\/leadership-workshop\/#primaryimage\"},\"image\":{\"@id\":\"https:\/\/diaki-experiences.com\/customized\/leadership-workshop\/#primaryimage\"},\"thumbnailUrl\":\"https:\/\/diaki-experiences.com\/wp-content\/uploads\/2020\/09\/DIAKI-HEADER-LEADERSHIP_WORKSHOP.jpg\",\"datePublished\":\"2020-09-05T13:08:51+00:00\",\"dateModified\":\"2023-11-15T14:01:30+00:00\",\"breadcrumb\":{\"@id\":\"https:\/\/diaki-experiences.com\/customized\/leadership-workshop\/#breadcrumb\"},\"inLanguage\":\"fr-FR\",\"potentialAction\":[{\"@type\":\"ReadAction\",\"target\":[\"https:\/\/diaki-experiences.com\/customized\/leadership-workshop\/\"]}]},{\"@type\":\"ImageObject\",\"inLanguage\":\"fr-FR\",\"@id\":\"https:\/\/diaki-experiences.com\/customized\/leadership-workshop\/#primaryimage\",\"url\":\"https:\/\/diaki-experiences.com\/wp-content\/uploads\/2020\/09\/DIAKI-HEADER-LEADERSHIP_WORKSHOP.jpg\",\"contentUrl\":\"https:\/\/diaki-experiences.com\/wp-content\/uploads\/2020\/09\/DIAKI-HEADER-LEADERSHIP_WORKSHOP.jpg\",\"width\":1600,\"height\":900,\"caption\":\"Group of colleagues being led through a presentation on a tablet\"},{\"@type\":\"BreadcrumbList\",\"@id\":\"https:\/\/diaki-experiences.com\/customized\/leadership-workshop\/#breadcrumb\",\"itemListElement\":[{\"@type\":\"ListItem\",\"position\":1,\"name\":\"Home\",\"item\":\"https:\/\/diaki-experiences.com\/fr\/\"},{\"@type\":\"ListItem\",\"position\":2,\"name\":\"Atelier de leadership\"}]},{\"@type\":\"WebSite\",\"@id\":\"https:\/\/diaki-experiences.com\/#website\",\"url\":\"https:\/\/diaki-experiences.com\/\",\"name\":\"Diaki Experiences\",\"description\":\"\",\"potentialAction\":[{\"@type\":\"SearchAction\",\"target\":{\"@type\":\"EntryPoint\",\"urlTemplate\":\"https:\/\/diaki-experiences.com\/?s={search_term_string}\"},\"query-input\":{\"@type\":\"PropertyValueSpecification\",\"valueRequired\":true,\"valueName\":\"search_term_string\"}}],\"inLanguage\":\"fr-FR\"}]}<\/script>\n<!-- \/ Yoast SEO plugin. -->","yoast_head_json":{"title":"Atelier de leadership - Diaki Experiences","robots":{"index":"index","follow":"follow","max-snippet":"max-snippet:-1","max-image-preview":"max-image-preview:large","max-video-preview":"max-video-preview:-1"},"canonical":"https:\/\/diaki-experiences.com\/customized\/leadership-workshop\/","og_locale":"fr_FR","og_type":"article","og_title":"Atelier de leadership - Diaki Experiences","og_description":"Dans l\u2019environnement dynamique d\u2019aujourd\u2019hui, les organisations visent \u00e0 accro\u00eetre leur efficacit\u00e9 et \u00e0 atteindre leurs objectifs tout en \u00e9conomisant temps, argent et \u00e9nergie. Cela est \u00e9galement vrai lorsqu\u2019il s\u2019agit de d\u00e9velopper leurs leaders : votre organisation veut-elle am\u00e9liorer la gestion de son \u00e9quipe et maximiser le potentiel de chacun de ses membres? En travaillant main [&hellip;]","og_url":"https:\/\/diaki-experiences.com\/customized\/leadership-workshop\/","og_site_name":"Diaki Experiences","article_modified_time":"2023-11-15T14:01:30+00:00","og_image":[{"width":1600,"height":900,"url":"https:\/\/diaki-experiences.com\/wp-content\/uploads\/2020\/09\/DIAKI-HEADER-LEADERSHIP_WORKSHOP.jpg","type":"image\/jpeg"}],"twitter_card":"summary_large_image","twitter_misc":{"Dur\u00e9e de lecture estim\u00e9e":"1 minute"},"schema":{"@context":"https:\/\/schema.org","@graph":[{"@type":"WebPage","@id":"https:\/\/diaki-experiences.com\/customized\/leadership-workshop\/","url":"https:\/\/diaki-experiences.com\/customized\/leadership-workshop\/","name":"Atelier de leadership - Diaki Experiences","isPartOf":{"@id":"https:\/\/diaki-experiences.com\/#website"},"primaryImageOfPage":{"@id":"https:\/\/diaki-experiences.com\/customized\/leadership-workshop\/#primaryimage"},"image":{"@id":"https:\/\/diaki-experiences.com\/customized\/leadership-workshop\/#primaryimage"},"thumbnailUrl":"https:\/\/diaki-experiences.com\/wp-content\/uploads\/2020\/09\/DIAKI-HEADER-LEADERSHIP_WORKSHOP.jpg","datePublished":"2020-09-05T13:08:51+00:00","dateModified":"2023-11-15T14:01:30+00:00","breadcrumb":{"@id":"https:\/\/diaki-experiences.com\/customized\/leadership-workshop\/#breadcrumb"},"inLanguage":"fr-FR","potentialAction":[{"@type":"ReadAction","target":["https:\/\/diaki-experiences.com\/customized\/leadership-workshop\/"]}]},{"@type":"ImageObject","inLanguage":"fr-FR","@id":"https:\/\/diaki-experiences.com\/customized\/leadership-workshop\/#primaryimage","url":"https:\/\/diaki-experiences.com\/wp-content\/uploads\/2020\/09\/DIAKI-HEADER-LEADERSHIP_WORKSHOP.jpg","contentUrl":"https:\/\/diaki-experiences.com\/wp-content\/uploads\/2020\/09\/DIAKI-HEADER-LEADERSHIP_WORKSHOP.jpg","width":1600,"height":900,"caption":"Group of colleagues being led through a presentation on a tablet"},{"@type":"BreadcrumbList","@id":"https:\/\/diaki-experiences.com\/customized\/leadership-workshop\/#breadcrumb","itemListElement":[{"@type":"ListItem","position":1,"name":"Home","item":"https:\/\/diaki-experiences.com\/fr\/"},{"@type":"ListItem","position":2,"name":"Atelier de leadership"}]},{"@type":"WebSite","@id":"https:\/\/diaki-experiences.com\/#website","url":"https:\/\/diaki-experiences.com\/","name":"Diaki Experiences","description":"","potentialAction":[{"@type":"SearchAction","target":{"@type":"EntryPoint","urlTemplate":"https:\/\/diaki-experiences.com\/?s={search_term_string}"},"query-input":{"@type":"PropertyValueSpecification","valueRequired":true,"valueName":"search_term_string"}}],"inLanguage":"fr-FR"}]}},"_links":{"self":[{"href":"https:\/\/diaki-experiences.com\/fr\/wp-json\/wp\/v2\/pages\/649","targetHints":{"allow":["GET"]}}],"collection":[{"href":"https:\/\/diaki-experiences.com\/fr\/wp-json\/wp\/v2\/pages"}],"about":[{"href":"https:\/\/diaki-experiences.com\/fr\/wp-json\/wp\/v2\/types\/page"}],"author":[{"embeddable":true,"href":"https:\/\/diaki-experiences.com\/fr\/wp-json\/wp\/v2\/users\/1"}],"replies":[{"embeddable":true,"href":"https:\/\/diaki-experiences.com\/fr\/wp-json\/wp\/v2\/comments?post=649"}],"version-history":[{"count":0,"href":"https:\/\/diaki-experiences.com\/fr\/wp-json\/wp\/v2\/pages\/649\/revisions"}],"wp:featuredmedia":[{"embeddable":true,"href":"https:\/\/diaki-experiences.com\/fr\/wp-json\/wp\/v2\/media\/650"}],"wp:attachment":[{"href":"https:\/\/diaki-experiences.com\/fr\/wp-json\/wp\/v2\/media?parent=649"}],"curies":[{"name":"wp","href":"https:\/\/api.w.org\/{rel}","templated":true}]}}