{"id":671,"date":"2020-09-05T13:55:25","date_gmt":"2020-09-05T13:55:25","guid":{"rendered":"https:\/\/dev.diaki-experiences.com\/team-mobilization\/"},"modified":"2023-11-15T14:04:10","modified_gmt":"2023-11-15T14:04:10","slug":"team-mobilization","status":"publish","type":"page","link":"https:\/\/diaki-experiences.com\/fr\/team-mobilization\/","title":{"rendered":"Atelier de mobilisation d\u2019\u00e9quipes"},"content":{"rendered":"<h3>Dans le monde tr\u00e9pidant d\u2019aujourd\u2019hui, les organisations r\u00eavent d\u2019un environnement de travail efficace, productif, respectueux et convivial o\u00f9 les \u00e9quipes accueillent et surmontent tous les d\u00e9fis qui se pr\u00e9sentent \u00e0 eux. La collaboration entre les membres de l\u2019\u00e9quipe permet des \u00e9conomies de temps, d\u2019argent et d\u2019\u00e9nergie. Selon ce contexte, comment une \u00e9quipe peut-elle atteindre sa synergie optimale ?<\/h3>\r\n<!-- \/wp:post-content -->\r\n\r\n<!-- wp:paragraph -->\r\n<p class=\"p1\">Chaque organisation a des besoins diff\u00e9rents et nous comprenons \u00e7a ! Nous avons dirig\u00e9 des gens du Grand Nord canadien aux Balkans et nous savons que chaque individu et chaque environnement n\u00e9cessitent une approche de leadership diff\u00e9rente. Gr\u00e2ce \u00e0 notre exp\u00e9rience sur le terrain, nous aidons nos clients \u00e0 b\u00e2tir une \u00e9quipe efficace, productive et capable de relever tous les d\u00e9fis, peu importe l\u2019environnement. Afin de cr\u00e9er une synergie d\u2019\u00e9quipe, nous avons d\u00e9velopp\u00e9 le mod\u00e8le 4C permettant d\u2019optimiser l\u2019efficacit\u00e9 de groupe.<\/p>\r\n<p><img loading=\"lazy\" decoding=\"async\" class=\"wp-image-676 size-large aligncenter\" src=\"https:\/\/diaki-experiences.com\/wp-content\/uploads\/2020\/10\/optimal_team_efficiency-FR-1024x679.png\" alt=\"\" width=\"800\" height=\"530\" srcset=\"https:\/\/diaki-experiences.com\/wp-content\/uploads\/2020\/10\/optimal_team_efficiency-FR-1024x679.png 1024w, https:\/\/diaki-experiences.com\/wp-content\/uploads\/2020\/10\/optimal_team_efficiency-FR-300x199.png 300w, https:\/\/diaki-experiences.com\/wp-content\/uploads\/2020\/10\/optimal_team_efficiency-FR-768x509.png 768w, https:\/\/diaki-experiences.com\/wp-content\/uploads\/2020\/10\/optimal_team_efficiency-FR-1536x1018.png 1536w, https:\/\/diaki-experiences.com\/wp-content\/uploads\/2020\/10\/optimal_team_efficiency-FR-2048x1357.png 2048w\" sizes=\"auto, (max-width: 800px) 100vw, 800px\" \/><\/p>\r\n<p>\u00a0<\/p>\r\n<p class=\"p1\">Comme chaque atelier est fait sur mesure, ce mod\u00e8le est personnalis\u00e9 pour r\u00e9pondre aux besoins et d\u00e9fis sp\u00e9cifiques de chaque \u00e9quipe. L\u2019expertise de DIAKI et sa <a href=\"https:\/\/diaki-experiences.com\/fr\/how-it-works\/experiential-learning\/\">m\u00e9thode originale<\/a>\u00a0donneront aux \u00e9quipes une perspective renouvel\u00e9e de leurs forces et leur potentiel. \u00c0 la suite de l\u2019atelier de formation, chaque membre b\u00e9n\u00e9ficie d\u2019un outil de communication co-cr\u00e9\u00e9 et pratique qu\u2019il peut r\u00e9utiliser \u00e0 son lieu de travail.<\/p>\r\n<p>\u00a0<\/p>\r\n<!-- \/wp:paragraph -->","protected":false},"excerpt":{"rendered":"<p>Dans le monde tr\u00e9pidant d\u2019aujourd\u2019hui, les organisations r\u00eavent d\u2019un environnement de travail efficace, productif, respectueux et convivial o\u00f9 les \u00e9quipes accueillent et surmontent tous les d\u00e9fis qui se pr\u00e9sentent \u00e0 eux. La collaboration entre les membres de l\u2019\u00e9quipe permet des \u00e9conomies de temps, d\u2019argent et d\u2019\u00e9nergie. Selon ce contexte, comment une \u00e9quipe peut-elle atteindre sa [&hellip;]<\/p>\n","protected":false},"author":1,"featured_media":673,"parent":0,"menu_order":0,"comment_status":"closed","ping_status":"closed","template":"","meta":{"_acf_changed":false,"footnotes":""},"class_list":["post-671","page","type-page","status-publish","has-post-thumbnail","hentry"],"acf":[],"yoast_head":"<!-- This site is optimized with the Yoast SEO plugin v25.2 - https:\/\/yoast.com\/wordpress\/plugins\/seo\/ -->\n<title>Atelier de mobilisation d\u2019\u00e9quipes - Diaki Experiences<\/title>\n<meta name=\"robots\" content=\"index, follow, max-snippet:-1, max-image-preview:large, max-video-preview:-1\" \/>\n<link rel=\"canonical\" href=\"https:\/\/diaki-experiences.com\/customized\/team-mobilization\/\" \/>\n<meta property=\"og:locale\" content=\"fr_FR\" \/>\n<meta property=\"og:type\" content=\"article\" \/>\n<meta property=\"og:title\" content=\"Atelier de mobilisation d\u2019\u00e9quipes - Diaki Experiences\" \/>\n<meta property=\"og:description\" content=\"Dans le monde tr\u00e9pidant d\u2019aujourd\u2019hui, les organisations r\u00eavent d\u2019un environnement de travail efficace, productif, respectueux et convivial o\u00f9 les \u00e9quipes accueillent et surmontent tous les d\u00e9fis qui se pr\u00e9sentent \u00e0 eux. La collaboration entre les membres de l\u2019\u00e9quipe permet des \u00e9conomies de temps, d\u2019argent et d\u2019\u00e9nergie. Selon ce contexte, comment une \u00e9quipe peut-elle atteindre sa [&hellip;]\" \/>\n<meta property=\"og:url\" content=\"https:\/\/diaki-experiences.com\/customized\/team-mobilization\/\" \/>\n<meta property=\"og:site_name\" content=\"Diaki Experiences\" \/>\n<meta property=\"article:modified_time\" content=\"2023-11-15T14:04:10+00:00\" \/>\n<meta property=\"og:image\" content=\"https:\/\/diaki-experiences.com\/wp-content\/uploads\/2020\/09\/DIAKI-HEADER-TEAMMOBILIZATION.jpg\" \/>\n\t<meta property=\"og:image:width\" content=\"1600\" \/>\n\t<meta property=\"og:image:height\" content=\"900\" \/>\n\t<meta property=\"og:image:type\" content=\"image\/jpeg\" \/>\n<meta name=\"twitter:card\" content=\"summary_large_image\" \/>\n<meta name=\"twitter:label1\" content=\"Dur\u00e9e de lecture estim\u00e9e\" \/>\n\t<meta name=\"twitter:data1\" content=\"1 minute\" \/>\n<script type=\"application\/ld+json\" class=\"yoast-schema-graph\">{\"@context\":\"https:\/\/schema.org\",\"@graph\":[{\"@type\":\"WebPage\",\"@id\":\"https:\/\/diaki-experiences.com\/customized\/team-mobilization\/\",\"url\":\"https:\/\/diaki-experiences.com\/customized\/team-mobilization\/\",\"name\":\"Atelier de mobilisation d\u2019\u00e9quipes - Diaki Experiences\",\"isPartOf\":{\"@id\":\"https:\/\/diaki-experiences.com\/#website\"},\"primaryImageOfPage\":{\"@id\":\"https:\/\/diaki-experiences.com\/customized\/team-mobilization\/#primaryimage\"},\"image\":{\"@id\":\"https:\/\/diaki-experiences.com\/customized\/team-mobilization\/#primaryimage\"},\"thumbnailUrl\":\"https:\/\/diaki-experiences.com\/wp-content\/uploads\/2020\/09\/DIAKI-HEADER-TEAMMOBILIZATION.jpg\",\"datePublished\":\"2020-09-05T13:55:25+00:00\",\"dateModified\":\"2023-11-15T14:04:10+00:00\",\"breadcrumb\":{\"@id\":\"https:\/\/diaki-experiences.com\/customized\/team-mobilization\/#breadcrumb\"},\"inLanguage\":\"fr-FR\",\"potentialAction\":[{\"@type\":\"ReadAction\",\"target\":[\"https:\/\/diaki-experiences.com\/customized\/team-mobilization\/\"]}]},{\"@type\":\"ImageObject\",\"inLanguage\":\"fr-FR\",\"@id\":\"https:\/\/diaki-experiences.com\/customized\/team-mobilization\/#primaryimage\",\"url\":\"https:\/\/diaki-experiences.com\/wp-content\/uploads\/2020\/09\/DIAKI-HEADER-TEAMMOBILIZATION.jpg\",\"contentUrl\":\"https:\/\/diaki-experiences.com\/wp-content\/uploads\/2020\/09\/DIAKI-HEADER-TEAMMOBILIZATION.jpg\",\"width\":1600,\"height\":900,\"caption\":\"a group of diverse individuals high fiving\"},{\"@type\":\"BreadcrumbList\",\"@id\":\"https:\/\/diaki-experiences.com\/customized\/team-mobilization\/#breadcrumb\",\"itemListElement\":[{\"@type\":\"ListItem\",\"position\":1,\"name\":\"Home\",\"item\":\"https:\/\/diaki-experiences.com\/fr\/\"},{\"@type\":\"ListItem\",\"position\":2,\"name\":\"Atelier de mobilisation d\u2019\u00e9quipes\"}]},{\"@type\":\"WebSite\",\"@id\":\"https:\/\/diaki-experiences.com\/#website\",\"url\":\"https:\/\/diaki-experiences.com\/\",\"name\":\"Diaki Experiences\",\"description\":\"\",\"potentialAction\":[{\"@type\":\"SearchAction\",\"target\":{\"@type\":\"EntryPoint\",\"urlTemplate\":\"https:\/\/diaki-experiences.com\/?s={search_term_string}\"},\"query-input\":{\"@type\":\"PropertyValueSpecification\",\"valueRequired\":true,\"valueName\":\"search_term_string\"}}],\"inLanguage\":\"fr-FR\"}]}<\/script>\n<!-- \/ Yoast SEO plugin. -->","yoast_head_json":{"title":"Atelier de mobilisation d\u2019\u00e9quipes - Diaki Experiences","robots":{"index":"index","follow":"follow","max-snippet":"max-snippet:-1","max-image-preview":"max-image-preview:large","max-video-preview":"max-video-preview:-1"},"canonical":"https:\/\/diaki-experiences.com\/customized\/team-mobilization\/","og_locale":"fr_FR","og_type":"article","og_title":"Atelier de mobilisation d\u2019\u00e9quipes - Diaki Experiences","og_description":"Dans le monde tr\u00e9pidant d\u2019aujourd\u2019hui, les organisations r\u00eavent d\u2019un environnement de travail efficace, productif, respectueux et convivial o\u00f9 les \u00e9quipes accueillent et surmontent tous les d\u00e9fis qui se pr\u00e9sentent \u00e0 eux. La collaboration entre les membres de l\u2019\u00e9quipe permet des \u00e9conomies de temps, d\u2019argent et d\u2019\u00e9nergie. Selon ce contexte, comment une \u00e9quipe peut-elle atteindre sa [&hellip;]","og_url":"https:\/\/diaki-experiences.com\/customized\/team-mobilization\/","og_site_name":"Diaki Experiences","article_modified_time":"2023-11-15T14:04:10+00:00","og_image":[{"width":1600,"height":900,"url":"https:\/\/diaki-experiences.com\/wp-content\/uploads\/2020\/09\/DIAKI-HEADER-TEAMMOBILIZATION.jpg","type":"image\/jpeg"}],"twitter_card":"summary_large_image","twitter_misc":{"Dur\u00e9e de lecture estim\u00e9e":"1 minute"},"schema":{"@context":"https:\/\/schema.org","@graph":[{"@type":"WebPage","@id":"https:\/\/diaki-experiences.com\/customized\/team-mobilization\/","url":"https:\/\/diaki-experiences.com\/customized\/team-mobilization\/","name":"Atelier de mobilisation d\u2019\u00e9quipes - Diaki Experiences","isPartOf":{"@id":"https:\/\/diaki-experiences.com\/#website"},"primaryImageOfPage":{"@id":"https:\/\/diaki-experiences.com\/customized\/team-mobilization\/#primaryimage"},"image":{"@id":"https:\/\/diaki-experiences.com\/customized\/team-mobilization\/#primaryimage"},"thumbnailUrl":"https:\/\/diaki-experiences.com\/wp-content\/uploads\/2020\/09\/DIAKI-HEADER-TEAMMOBILIZATION.jpg","datePublished":"2020-09-05T13:55:25+00:00","dateModified":"2023-11-15T14:04:10+00:00","breadcrumb":{"@id":"https:\/\/diaki-experiences.com\/customized\/team-mobilization\/#breadcrumb"},"inLanguage":"fr-FR","potentialAction":[{"@type":"ReadAction","target":["https:\/\/diaki-experiences.com\/customized\/team-mobilization\/"]}]},{"@type":"ImageObject","inLanguage":"fr-FR","@id":"https:\/\/diaki-experiences.com\/customized\/team-mobilization\/#primaryimage","url":"https:\/\/diaki-experiences.com\/wp-content\/uploads\/2020\/09\/DIAKI-HEADER-TEAMMOBILIZATION.jpg","contentUrl":"https:\/\/diaki-experiences.com\/wp-content\/uploads\/2020\/09\/DIAKI-HEADER-TEAMMOBILIZATION.jpg","width":1600,"height":900,"caption":"a group of diverse individuals high fiving"},{"@type":"BreadcrumbList","@id":"https:\/\/diaki-experiences.com\/customized\/team-mobilization\/#breadcrumb","itemListElement":[{"@type":"ListItem","position":1,"name":"Home","item":"https:\/\/diaki-experiences.com\/fr\/"},{"@type":"ListItem","position":2,"name":"Atelier de mobilisation d\u2019\u00e9quipes"}]},{"@type":"WebSite","@id":"https:\/\/diaki-experiences.com\/#website","url":"https:\/\/diaki-experiences.com\/","name":"Diaki Experiences","description":"","potentialAction":[{"@type":"SearchAction","target":{"@type":"EntryPoint","urlTemplate":"https:\/\/diaki-experiences.com\/?s={search_term_string}"},"query-input":{"@type":"PropertyValueSpecification","valueRequired":true,"valueName":"search_term_string"}}],"inLanguage":"fr-FR"}]}},"_links":{"self":[{"href":"https:\/\/diaki-experiences.com\/fr\/wp-json\/wp\/v2\/pages\/671","targetHints":{"allow":["GET"]}}],"collection":[{"href":"https:\/\/diaki-experiences.com\/fr\/wp-json\/wp\/v2\/pages"}],"about":[{"href":"https:\/\/diaki-experiences.com\/fr\/wp-json\/wp\/v2\/types\/page"}],"author":[{"embeddable":true,"href":"https:\/\/diaki-experiences.com\/fr\/wp-json\/wp\/v2\/users\/1"}],"replies":[{"embeddable":true,"href":"https:\/\/diaki-experiences.com\/fr\/wp-json\/wp\/v2\/comments?post=671"}],"version-history":[{"count":0,"href":"https:\/\/diaki-experiences.com\/fr\/wp-json\/wp\/v2\/pages\/671\/revisions"}],"wp:featuredmedia":[{"embeddable":true,"href":"https:\/\/diaki-experiences.com\/fr\/wp-json\/wp\/v2\/media\/673"}],"wp:attachment":[{"href":"https:\/\/diaki-experiences.com\/fr\/wp-json\/wp\/v2\/media?parent=671"}],"curies":[{"name":"wp","href":"https:\/\/api.w.org\/{rel}","templated":true}]}}