{"id":681,"date":"2020-09-05T19:09:46","date_gmt":"2020-09-05T19:09:46","guid":{"rendered":"https:\/\/dev.diaki-experiences.com\/career-inspiration-for-students-workshop\/"},"modified":"2023-11-15T14:03:05","modified_gmt":"2023-11-15T14:03:05","slug":"inspiration-de-carriere-pour-les-etudiants","status":"publish","type":"page","link":"https:\/\/diaki-experiences.com\/fr\/inspiration-de-carriere-pour-les-etudiants\/","title":{"rendered":"Inspiration de carri\u00e8re pour les \u00e9tudiants"},"content":{"rendered":"<h3>Dans un environnement de travail o\u00f9 il existe de nombreuses possibilit\u00e9s de carri\u00e8re, il est difficile pour les jeunes \u00e9tudiants de se d\u00e9cider, encore moins de choisir une carri\u00e8re qui correspond \u00e0 leurs pr\u00e9f\u00e9rences, motivations et valeurs.<\/h3>\n<p class=\"p1\">Les dirigeants de groupes jeunesse et les parents veulent \u00e9viter des pertes de temps, d\u2019argent et d\u2019\u00e9nergie pour leurs jeunes adultes en exploration de carri\u00e8re. Ils veulent leur \u00e9pargner le cercle vicieux d\u2019essais-erreurs, en souhaitant qu\u2019ils puissent trouver une carri\u00e8re optimale qui leur convient le mieux. Comment pouvez-vous les soutenir dans cette qu\u00eate?<\/p>\n<p>En travaillant avec vous, nous d\u00e9veloppons un atelier dynamique o\u00f9 chaque participant s&rsquo;appuie sur ses forces, ses talents et ses int\u00e9r\u00eats pour orienter son propre cheminement de carri\u00e8re.<\/p>\n<p class=\"p2\">L\u2019expertise de DIAKI et sa <a href=\"https:\/\/diaki-experiences.com\/fr\/how-it-works\/experiential-learning\/\">m\u00e9thode originale<\/a> donneront aux participants un regain de confiance en soi dans leur qu\u00eate de carri\u00e8re. \u00c0 la suite de l\u2019atelier, les participants b\u00e9n\u00e9ficient d\u2019un outil de carri\u00e8re autod\u00e9velopp\u00e9 qu\u2019ils utilisent pour le reste de leur vie professionnelle.<\/p>\n","protected":false},"excerpt":{"rendered":"<p>Dans un environnement de travail o\u00f9 il existe de nombreuses possibilit\u00e9s de carri\u00e8re, il est difficile pour les jeunes \u00e9tudiants de se d\u00e9cider, encore moins de choisir une carri\u00e8re qui correspond \u00e0 leurs pr\u00e9f\u00e9rences, motivations et valeurs. Les dirigeants de groupes jeunesse et les parents veulent \u00e9viter des pertes de temps, d\u2019argent et d\u2019\u00e9nergie pour [&hellip;]<\/p>\n","protected":false},"author":1,"featured_media":682,"parent":0,"menu_order":0,"comment_status":"closed","ping_status":"closed","template":"","meta":{"_acf_changed":false,"footnotes":""},"class_list":["post-681","page","type-page","status-publish","has-post-thumbnail","hentry"],"acf":[],"yoast_head":"<!-- This site is optimized with the Yoast SEO plugin v25.2 - https:\/\/yoast.com\/wordpress\/plugins\/seo\/ -->\n<title>Inspiration de carri\u00e8re pour les \u00e9tudiants - Diaki Experiences<\/title>\n<meta name=\"robots\" content=\"index, follow, max-snippet:-1, max-image-preview:large, max-video-preview:-1\" \/>\n<link rel=\"canonical\" href=\"https:\/\/diaki-experiences.com\/career-inspiration-for-students-workshop\/\" \/>\n<meta property=\"og:locale\" content=\"fr_FR\" \/>\n<meta property=\"og:type\" content=\"article\" \/>\n<meta property=\"og:title\" content=\"Inspiration de carri\u00e8re pour les \u00e9tudiants - Diaki Experiences\" \/>\n<meta property=\"og:description\" content=\"Dans un environnement de travail o\u00f9 il existe de nombreuses possibilit\u00e9s de carri\u00e8re, il est difficile pour les jeunes \u00e9tudiants de se d\u00e9cider, encore moins de choisir une carri\u00e8re qui correspond \u00e0 leurs pr\u00e9f\u00e9rences, motivations et valeurs. Les dirigeants de groupes jeunesse et les parents veulent \u00e9viter des pertes de temps, d\u2019argent et d\u2019\u00e9nergie pour [&hellip;]\" \/>\n<meta property=\"og:url\" content=\"https:\/\/diaki-experiences.com\/career-inspiration-for-students-workshop\/\" \/>\n<meta property=\"og:site_name\" content=\"Diaki Experiences\" \/>\n<meta property=\"article:modified_time\" content=\"2023-11-15T14:03:05+00:00\" \/>\n<meta property=\"og:image\" content=\"https:\/\/diaki-experiences.com\/wp-content\/uploads\/2020\/09\/DIAKI-HEADER-STUDENTWORKSHOP.jpg\" \/>\n\t<meta property=\"og:image:width\" content=\"1600\" \/>\n\t<meta property=\"og:image:height\" content=\"900\" \/>\n\t<meta property=\"og:image:type\" content=\"image\/jpeg\" \/>\n<meta name=\"twitter:card\" content=\"summary_large_image\" \/>\n<meta name=\"twitter:label1\" content=\"Dur\u00e9e de lecture estim\u00e9e\" \/>\n\t<meta name=\"twitter:data1\" content=\"1 minute\" \/>\n<script type=\"application\/ld+json\" class=\"yoast-schema-graph\">{\"@context\":\"https:\/\/schema.org\",\"@graph\":[{\"@type\":\"WebPage\",\"@id\":\"https:\/\/diaki-experiences.com\/career-inspiration-for-students-workshop\/\",\"url\":\"https:\/\/diaki-experiences.com\/career-inspiration-for-students-workshop\/\",\"name\":\"Inspiration de carri\u00e8re pour les \u00e9tudiants - Diaki Experiences\",\"isPartOf\":{\"@id\":\"https:\/\/diaki-experiences.com\/#website\"},\"primaryImageOfPage\":{\"@id\":\"https:\/\/diaki-experiences.com\/career-inspiration-for-students-workshop\/#primaryimage\"},\"image\":{\"@id\":\"https:\/\/diaki-experiences.com\/career-inspiration-for-students-workshop\/#primaryimage\"},\"thumbnailUrl\":\"https:\/\/diaki-experiences.com\/wp-content\/uploads\/2020\/09\/DIAKI-HEADER-STUDENTWORKSHOP.jpg\",\"datePublished\":\"2020-09-05T19:09:46+00:00\",\"dateModified\":\"2023-11-15T14:03:05+00:00\",\"breadcrumb\":{\"@id\":\"https:\/\/diaki-experiences.com\/career-inspiration-for-students-workshop\/#breadcrumb\"},\"inLanguage\":\"fr-FR\",\"potentialAction\":[{\"@type\":\"ReadAction\",\"target\":[\"https:\/\/diaki-experiences.com\/career-inspiration-for-students-workshop\/\"]}]},{\"@type\":\"ImageObject\",\"inLanguage\":\"fr-FR\",\"@id\":\"https:\/\/diaki-experiences.com\/career-inspiration-for-students-workshop\/#primaryimage\",\"url\":\"https:\/\/diaki-experiences.com\/wp-content\/uploads\/2020\/09\/DIAKI-HEADER-STUDENTWORKSHOP.jpg\",\"contentUrl\":\"https:\/\/diaki-experiences.com\/wp-content\/uploads\/2020\/09\/DIAKI-HEADER-STUDENTWORKSHOP.jpg\",\"width\":1600,\"height\":900,\"caption\":\"university graduates in cap and gown sitting down at their ceremony\"},{\"@type\":\"BreadcrumbList\",\"@id\":\"https:\/\/diaki-experiences.com\/career-inspiration-for-students-workshop\/#breadcrumb\",\"itemListElement\":[{\"@type\":\"ListItem\",\"position\":1,\"name\":\"Home\",\"item\":\"https:\/\/diaki-experiences.com\/fr\/\"},{\"@type\":\"ListItem\",\"position\":2,\"name\":\"Inspiration de carri\u00e8re pour les \u00e9tudiants\"}]},{\"@type\":\"WebSite\",\"@id\":\"https:\/\/diaki-experiences.com\/#website\",\"url\":\"https:\/\/diaki-experiences.com\/\",\"name\":\"Diaki Experiences\",\"description\":\"\",\"potentialAction\":[{\"@type\":\"SearchAction\",\"target\":{\"@type\":\"EntryPoint\",\"urlTemplate\":\"https:\/\/diaki-experiences.com\/?s={search_term_string}\"},\"query-input\":{\"@type\":\"PropertyValueSpecification\",\"valueRequired\":true,\"valueName\":\"search_term_string\"}}],\"inLanguage\":\"fr-FR\"}]}<\/script>\n<!-- \/ Yoast SEO plugin. -->","yoast_head_json":{"title":"Inspiration de carri\u00e8re pour les \u00e9tudiants - Diaki Experiences","robots":{"index":"index","follow":"follow","max-snippet":"max-snippet:-1","max-image-preview":"max-image-preview:large","max-video-preview":"max-video-preview:-1"},"canonical":"https:\/\/diaki-experiences.com\/career-inspiration-for-students-workshop\/","og_locale":"fr_FR","og_type":"article","og_title":"Inspiration de carri\u00e8re pour les \u00e9tudiants - Diaki Experiences","og_description":"Dans un environnement de travail o\u00f9 il existe de nombreuses possibilit\u00e9s de carri\u00e8re, il est difficile pour les jeunes \u00e9tudiants de se d\u00e9cider, encore moins de choisir une carri\u00e8re qui correspond \u00e0 leurs pr\u00e9f\u00e9rences, motivations et valeurs. Les dirigeants de groupes jeunesse et les parents veulent \u00e9viter des pertes de temps, d\u2019argent et d\u2019\u00e9nergie pour [&hellip;]","og_url":"https:\/\/diaki-experiences.com\/career-inspiration-for-students-workshop\/","og_site_name":"Diaki Experiences","article_modified_time":"2023-11-15T14:03:05+00:00","og_image":[{"width":1600,"height":900,"url":"https:\/\/diaki-experiences.com\/wp-content\/uploads\/2020\/09\/DIAKI-HEADER-STUDENTWORKSHOP.jpg","type":"image\/jpeg"}],"twitter_card":"summary_large_image","twitter_misc":{"Dur\u00e9e de lecture estim\u00e9e":"1 minute"},"schema":{"@context":"https:\/\/schema.org","@graph":[{"@type":"WebPage","@id":"https:\/\/diaki-experiences.com\/career-inspiration-for-students-workshop\/","url":"https:\/\/diaki-experiences.com\/career-inspiration-for-students-workshop\/","name":"Inspiration de carri\u00e8re pour les \u00e9tudiants - Diaki Experiences","isPartOf":{"@id":"https:\/\/diaki-experiences.com\/#website"},"primaryImageOfPage":{"@id":"https:\/\/diaki-experiences.com\/career-inspiration-for-students-workshop\/#primaryimage"},"image":{"@id":"https:\/\/diaki-experiences.com\/career-inspiration-for-students-workshop\/#primaryimage"},"thumbnailUrl":"https:\/\/diaki-experiences.com\/wp-content\/uploads\/2020\/09\/DIAKI-HEADER-STUDENTWORKSHOP.jpg","datePublished":"2020-09-05T19:09:46+00:00","dateModified":"2023-11-15T14:03:05+00:00","breadcrumb":{"@id":"https:\/\/diaki-experiences.com\/career-inspiration-for-students-workshop\/#breadcrumb"},"inLanguage":"fr-FR","potentialAction":[{"@type":"ReadAction","target":["https:\/\/diaki-experiences.com\/career-inspiration-for-students-workshop\/"]}]},{"@type":"ImageObject","inLanguage":"fr-FR","@id":"https:\/\/diaki-experiences.com\/career-inspiration-for-students-workshop\/#primaryimage","url":"https:\/\/diaki-experiences.com\/wp-content\/uploads\/2020\/09\/DIAKI-HEADER-STUDENTWORKSHOP.jpg","contentUrl":"https:\/\/diaki-experiences.com\/wp-content\/uploads\/2020\/09\/DIAKI-HEADER-STUDENTWORKSHOP.jpg","width":1600,"height":900,"caption":"university graduates in cap and gown sitting down at their ceremony"},{"@type":"BreadcrumbList","@id":"https:\/\/diaki-experiences.com\/career-inspiration-for-students-workshop\/#breadcrumb","itemListElement":[{"@type":"ListItem","position":1,"name":"Home","item":"https:\/\/diaki-experiences.com\/fr\/"},{"@type":"ListItem","position":2,"name":"Inspiration de carri\u00e8re pour les \u00e9tudiants"}]},{"@type":"WebSite","@id":"https:\/\/diaki-experiences.com\/#website","url":"https:\/\/diaki-experiences.com\/","name":"Diaki Experiences","description":"","potentialAction":[{"@type":"SearchAction","target":{"@type":"EntryPoint","urlTemplate":"https:\/\/diaki-experiences.com\/?s={search_term_string}"},"query-input":{"@type":"PropertyValueSpecification","valueRequired":true,"valueName":"search_term_string"}}],"inLanguage":"fr-FR"}]}},"_links":{"self":[{"href":"https:\/\/diaki-experiences.com\/fr\/wp-json\/wp\/v2\/pages\/681","targetHints":{"allow":["GET"]}}],"collection":[{"href":"https:\/\/diaki-experiences.com\/fr\/wp-json\/wp\/v2\/pages"}],"about":[{"href":"https:\/\/diaki-experiences.com\/fr\/wp-json\/wp\/v2\/types\/page"}],"author":[{"embeddable":true,"href":"https:\/\/diaki-experiences.com\/fr\/wp-json\/wp\/v2\/users\/1"}],"replies":[{"embeddable":true,"href":"https:\/\/diaki-experiences.com\/fr\/wp-json\/wp\/v2\/comments?post=681"}],"version-history":[{"count":0,"href":"https:\/\/diaki-experiences.com\/fr\/wp-json\/wp\/v2\/pages\/681\/revisions"}],"wp:featuredmedia":[{"embeddable":true,"href":"https:\/\/diaki-experiences.com\/fr\/wp-json\/wp\/v2\/media\/682"}],"wp:attachment":[{"href":"https:\/\/diaki-experiences.com\/fr\/wp-json\/wp\/v2\/media?parent=681"}],"curies":[{"name":"wp","href":"https:\/\/api.w.org\/{rel}","templated":true}]}}