{"id":700,"date":"2020-09-05T19:10:02","date_gmt":"2020-09-05T19:10:02","guid":{"rendered":"https:\/\/dev.diaki-experiences.com\/coaching\/"},"modified":"2023-11-20T17:54:49","modified_gmt":"2023-11-20T17:54:49","slug":"coaching","status":"publish","type":"page","link":"https:\/\/diaki-experiences.com\/fr\/coaching\/","title":{"rendered":"Coaching"},"content":{"rendered":"\n\n\t<p>Chez DIAKI, nous nous distinguons en int\u00e9grant de mani\u00e8re transparente les avantages du coaching individuel et des ateliers d\u2019\u00e9quipe. Cette approche unique garantit que nous abordons non seulement la croissance personnelle individuelle, mais favorisons \u00e9galement une dynamique d\u2019\u00e9quipe coh\u00e9sive. En combinant un coaching individuel sur mesure avec des sessions interactives en \u00e9quipe, nous cr\u00e9ons une exp\u00e9rience d\u2019apprentissage compl\u00e8te qui autonomise les individus pour prosp\u00e9rer personnellement et am\u00e9liore les performances collectives de l\u2019\u00e9quipe. Cette strat\u00e9gie holistique nous distingue, offrant un parcours transformateur \u00e0 la fois pour les membres individuels de l\u2019\u00e9quipe et pour l\u2019\u00e9quipe dans son ensemble.\u00a0<\/p>\n<p>Bien que chaque atelier n\u2019int\u00e8gre pas n\u00e9cessairement une s\u00e9ance de coaching individuel, nous recommandons vivement son inclusion. Que vous brisiez la glace avec le profil <a href=\"https:\/\/diaki-experiences.com\/fr\/nova-profile\/\" target=\"_blank\" rel=\"noopener\">NOVA<\/a> ou participiez \u00e0 l\u2019atelier <a href=\"https:\/\/diaki-experiences.com\/fr\/optimiser-la-c2-au-sein-de-votre-equipe\/\" target=\"_blank\" rel=\"noopener\">Optimiser la C2<\/a> (Communication et Collaboration) au sein de votre \u00e9quipe, l\u2019int\u00e9gration d\u2019une s\u00e9ance de coaching personnalis\u00e9e enrichit la d\u00e9couverte de soi de chaque membre de l\u2019\u00e9quipe, posant ainsi les bases d\u2019une croissance professionnelle substantielle.<\/p>\n\n<h2><b>Sessions de coaching individuel<\/b>\u00a0<\/h2>\n<br \/>\nLes exigences professionnelles et personnelles d\u2019aujourd\u2019hui sont plus complexes que jamais. En tant que dirigeants, vous souhaitez que les membres de votre \u00e9quipe s\u2019efforcent d\u2019atteindre leur plein potentiel. Pourquoi ne pas leur proposer des s\u00e9ances de coaching personnalis\u00e9 pour les aider \u00e0 passer au niveau sup\u00e9rieur ?\n\n<h2>Une s\u00e9ance de coaching personnalis\u00e9 est b\u00e9n\u00e9fique pour les personnes qui sont pr\u00eates et d\u00e9sireuses de\u00a0:<\/h2>\n<ul>\n<li>Reconna\u00eetre leur situation actuelle ;<\/li>\n<li>Changer leur statu quo ;\u00a0\u00a0<\/li>\n<li>\u00c0 se fixer des objectifs clairs et concis ; et\u00a0<\/li>\n<li>Travailler pour atteindre le changement d\u00e9sir\u00e9.<\/li>\n<\/ul>\n\n<p>Les s\u00e9ances de coaching personnalis\u00e9 de DIAKI soutiennent le d\u00e9veloppement des employ\u00e9s, en tant que leaders, membres d\u2019\u00e9quipe et professionnels qui cherchent \u00e0 passer au niveau sup\u00e9rieur. Une \u00e9coute respectueuse, des conseils et une passion pour le changement positif, voil\u00e0 ce que les clients peuvent s\u2019attendent des s\u00e9ances de coaching virtuelles ou en direct de DIAKI. Les participants repartent avec une vision plus claire de la voie \u00e0 suivre et ont l\u2019impression qu\u2019un poids \u00e9norme a \u00e9t\u00e9 enlev\u00e9 de leurs \u00e9paules.<\/p>\n\n<h2><strong>Les coachs de DIAKI\u00a0<\/strong><\/h2>\n<br \/>\nNos coachs sont certifi\u00e9s et professionnels, et en tant qu\u2019\u00e9quipe, nous apportons une vari\u00e9t\u00e9 d\u2019approches. Des approches diverses, adapt\u00e9es aux besoins vari\u00e9s de nos clients.\u00a0\n\t\t\t\t<img loading=\"lazy\" decoding=\"async\" src=\"https:\/\/diaki-experiences.com\/wp-content\/uploads\/2023\/10\/DIAKI-Website-Assets-Headshots.pptx-4.png\" alt=\"DIAKI-Website-Assets-Headshots.pptx (4)\" itemprop=\"image\" height=\"1057\" width=\"1436\" title=\"DIAKI-Website-Assets-Headshots.pptx (4)\" onerror=\"this.style.display='none'\"  \/>\n\t<p><a href=\"https:\/\/diaki-experiences.com\/fr\/coaching-pour-les-cadres\/\" target=\"_blank\" rel=\"noopener\"><strong>Coaching pour les cadres<\/strong><\/a><\/p>\n\t\t\t\t<img loading=\"lazy\" decoding=\"async\" src=\"https:\/\/diaki-experiences.com\/wp-content\/uploads\/2023\/10\/DIAKI-Website-Assets-Headshots.pptx-5-1.png\" alt=\"DIAKI-Website-Assets-Headshots.pptx (5)\" itemprop=\"image\" height=\"1057\" width=\"1436\" title=\"DIAKI-Website-Assets-Headshots.pptx (5)\" onerror=\"this.style.display='none'\"  \/>\n\t<p><a href=\"https:\/\/diaki-experiences.com\/fr\/coaching-de-developpement-professionnel\/\" target=\"_blank\" rel=\"noopener\">Coaching de d\u00e9veloppement professionnel<\/a><\/p>\n\t<blockquote><p><strong>Nous offrons une vari\u00e9t\u00e9 de programmes de coaching pour les individus et les \u00e9quipes.\u00a0<\/strong><\/p><\/blockquote>\n\t\t\t<a href=\"https:\/\/us2.list-manage.com\/survey?u=65079c93661e4c951aa8d34a0&id=bff5d685cf&attribution=false\" target=\"_blank\" rel=\"noopener\">\n\t\t\t\t\t\t\tObtenir un devis\n\t\t\t\t\t<\/a>\n\t\t\t<a href=\"https:\/\/app.10to8.com\/book\/vywzvlnluaggeqrvzk\/?staff=250389&prevent-change-staff=true\" target=\"_blank\" rel=\"noopener\">\n\t\t\t\t\t\t\tFixer un rendez-vous\n\t\t\t\t\t<\/a>\n\n","protected":false},"excerpt":{"rendered":"<p>Chez DIAKI, nous nous distinguons en int\u00e9grant de mani\u00e8re transparente les avantages du coaching individuel et des ateliers d\u2019\u00e9quipe. Cette approche unique garantit que nous abordons non seulement la croissance personnelle individuelle, mais favorisons \u00e9galement une dynamique d\u2019\u00e9quipe coh\u00e9sive. En combinant un coaching individuel sur mesure avec des sessions interactives en \u00e9quipe, nous cr\u00e9ons une [&hellip;]<\/p>\n","protected":false},"author":1,"featured_media":2207,"parent":0,"menu_order":0,"comment_status":"closed","ping_status":"closed","template":"","meta":{"_acf_changed":false,"footnotes":""},"class_list":["post-700","page","type-page","status-publish","has-post-thumbnail","hentry"],"acf":[],"yoast_head":"<!-- This site is optimized with the Yoast SEO plugin v25.2 - https:\/\/yoast.com\/wordpress\/plugins\/seo\/ -->\n<title>Coaching - Diaki Experiences<\/title>\n<meta name=\"robots\" content=\"index, follow, max-snippet:-1, max-image-preview:large, max-video-preview:-1\" \/>\n<link rel=\"canonical\" href=\"https:\/\/diaki-experiences.com\/coaching\/\" \/>\n<meta property=\"og:locale\" content=\"fr_FR\" \/>\n<meta property=\"og:type\" content=\"article\" \/>\n<meta property=\"og:title\" content=\"Coaching - Diaki Experiences\" \/>\n<meta property=\"og:description\" content=\"Chez DIAKI, nous nous distinguons en int\u00e9grant de mani\u00e8re transparente les avantages du coaching individuel et des ateliers d\u2019\u00e9quipe. Cette approche unique garantit que nous abordons non seulement la croissance personnelle individuelle, mais favorisons \u00e9galement une dynamique d\u2019\u00e9quipe coh\u00e9sive. En combinant un coaching individuel sur mesure avec des sessions interactives en \u00e9quipe, nous cr\u00e9ons une [&hellip;]\" \/>\n<meta property=\"og:url\" content=\"https:\/\/diaki-experiences.com\/coaching\/\" \/>\n<meta property=\"og:site_name\" content=\"Diaki Experiences\" \/>\n<meta property=\"article:modified_time\" content=\"2023-11-20T17:54:49+00:00\" \/>\n<meta property=\"og:image\" content=\"https:\/\/diaki-experiences.com\/wp-content\/uploads\/2023\/10\/Copy-of-OBETNEZ-VOTRE-PROFIL-NOVA-ET-10.png\" \/>\n\t<meta property=\"og:image:width\" content=\"940\" \/>\n\t<meta property=\"og:image:height\" content=\"788\" \/>\n\t<meta property=\"og:image:type\" content=\"image\/png\" \/>\n<meta name=\"twitter:card\" content=\"summary_large_image\" \/>\n<meta name=\"twitter:label1\" content=\"Dur\u00e9e de lecture estim\u00e9e\" \/>\n\t<meta name=\"twitter:data1\" content=\"2 minutes\" \/>\n<script type=\"application\/ld+json\" class=\"yoast-schema-graph\">{\"@context\":\"https:\/\/schema.org\",\"@graph\":[{\"@type\":\"WebPage\",\"@id\":\"https:\/\/diaki-experiences.com\/coaching\/\",\"url\":\"https:\/\/diaki-experiences.com\/coaching\/\",\"name\":\"Coaching - Diaki Experiences\",\"isPartOf\":{\"@id\":\"https:\/\/diaki-experiences.com\/#website\"},\"primaryImageOfPage\":{\"@id\":\"https:\/\/diaki-experiences.com\/coaching\/#primaryimage\"},\"image\":{\"@id\":\"https:\/\/diaki-experiences.com\/coaching\/#primaryimage\"},\"thumbnailUrl\":\"https:\/\/diaki-experiences.com\/wp-content\/uploads\/2023\/10\/Copy-of-OBETNEZ-VOTRE-PROFIL-NOVA-ET-10.png\",\"datePublished\":\"2020-09-05T19:10:02+00:00\",\"dateModified\":\"2023-11-20T17:54:49+00:00\",\"breadcrumb\":{\"@id\":\"https:\/\/diaki-experiences.com\/coaching\/#breadcrumb\"},\"inLanguage\":\"fr-FR\",\"potentialAction\":[{\"@type\":\"ReadAction\",\"target\":[\"https:\/\/diaki-experiences.com\/coaching\/\"]}]},{\"@type\":\"ImageObject\",\"inLanguage\":\"fr-FR\",\"@id\":\"https:\/\/diaki-experiences.com\/coaching\/#primaryimage\",\"url\":\"https:\/\/diaki-experiences.com\/wp-content\/uploads\/2023\/10\/Copy-of-OBETNEZ-VOTRE-PROFIL-NOVA-ET-10.png\",\"contentUrl\":\"https:\/\/diaki-experiences.com\/wp-content\/uploads\/2023\/10\/Copy-of-OBETNEZ-VOTRE-PROFIL-NOVA-ET-10.png\",\"width\":940,\"height\":788},{\"@type\":\"BreadcrumbList\",\"@id\":\"https:\/\/diaki-experiences.com\/coaching\/#breadcrumb\",\"itemListElement\":[{\"@type\":\"ListItem\",\"position\":1,\"name\":\"Home\",\"item\":\"https:\/\/diaki-experiences.com\/fr\/\"},{\"@type\":\"ListItem\",\"position\":2,\"name\":\"Coaching\"}]},{\"@type\":\"WebSite\",\"@id\":\"https:\/\/diaki-experiences.com\/#website\",\"url\":\"https:\/\/diaki-experiences.com\/\",\"name\":\"Diaki Experiences\",\"description\":\"\",\"potentialAction\":[{\"@type\":\"SearchAction\",\"target\":{\"@type\":\"EntryPoint\",\"urlTemplate\":\"https:\/\/diaki-experiences.com\/?s={search_term_string}\"},\"query-input\":{\"@type\":\"PropertyValueSpecification\",\"valueRequired\":true,\"valueName\":\"search_term_string\"}}],\"inLanguage\":\"fr-FR\"}]}<\/script>\n<!-- \/ Yoast SEO plugin. -->","yoast_head_json":{"title":"Coaching - Diaki Experiences","robots":{"index":"index","follow":"follow","max-snippet":"max-snippet:-1","max-image-preview":"max-image-preview:large","max-video-preview":"max-video-preview:-1"},"canonical":"https:\/\/diaki-experiences.com\/coaching\/","og_locale":"fr_FR","og_type":"article","og_title":"Coaching - Diaki Experiences","og_description":"Chez DIAKI, nous nous distinguons en int\u00e9grant de mani\u00e8re transparente les avantages du coaching individuel et des ateliers d\u2019\u00e9quipe. Cette approche unique garantit que nous abordons non seulement la croissance personnelle individuelle, mais favorisons \u00e9galement une dynamique d\u2019\u00e9quipe coh\u00e9sive. En combinant un coaching individuel sur mesure avec des sessions interactives en \u00e9quipe, nous cr\u00e9ons une [&hellip;]","og_url":"https:\/\/diaki-experiences.com\/coaching\/","og_site_name":"Diaki Experiences","article_modified_time":"2023-11-20T17:54:49+00:00","og_image":[{"width":940,"height":788,"url":"https:\/\/diaki-experiences.com\/wp-content\/uploads\/2023\/10\/Copy-of-OBETNEZ-VOTRE-PROFIL-NOVA-ET-10.png","type":"image\/png"}],"twitter_card":"summary_large_image","twitter_misc":{"Dur\u00e9e de lecture estim\u00e9e":"2 minutes"},"schema":{"@context":"https:\/\/schema.org","@graph":[{"@type":"WebPage","@id":"https:\/\/diaki-experiences.com\/coaching\/","url":"https:\/\/diaki-experiences.com\/coaching\/","name":"Coaching - Diaki Experiences","isPartOf":{"@id":"https:\/\/diaki-experiences.com\/#website"},"primaryImageOfPage":{"@id":"https:\/\/diaki-experiences.com\/coaching\/#primaryimage"},"image":{"@id":"https:\/\/diaki-experiences.com\/coaching\/#primaryimage"},"thumbnailUrl":"https:\/\/diaki-experiences.com\/wp-content\/uploads\/2023\/10\/Copy-of-OBETNEZ-VOTRE-PROFIL-NOVA-ET-10.png","datePublished":"2020-09-05T19:10:02+00:00","dateModified":"2023-11-20T17:54:49+00:00","breadcrumb":{"@id":"https:\/\/diaki-experiences.com\/coaching\/#breadcrumb"},"inLanguage":"fr-FR","potentialAction":[{"@type":"ReadAction","target":["https:\/\/diaki-experiences.com\/coaching\/"]}]},{"@type":"ImageObject","inLanguage":"fr-FR","@id":"https:\/\/diaki-experiences.com\/coaching\/#primaryimage","url":"https:\/\/diaki-experiences.com\/wp-content\/uploads\/2023\/10\/Copy-of-OBETNEZ-VOTRE-PROFIL-NOVA-ET-10.png","contentUrl":"https:\/\/diaki-experiences.com\/wp-content\/uploads\/2023\/10\/Copy-of-OBETNEZ-VOTRE-PROFIL-NOVA-ET-10.png","width":940,"height":788},{"@type":"BreadcrumbList","@id":"https:\/\/diaki-experiences.com\/coaching\/#breadcrumb","itemListElement":[{"@type":"ListItem","position":1,"name":"Home","item":"https:\/\/diaki-experiences.com\/fr\/"},{"@type":"ListItem","position":2,"name":"Coaching"}]},{"@type":"WebSite","@id":"https:\/\/diaki-experiences.com\/#website","url":"https:\/\/diaki-experiences.com\/","name":"Diaki Experiences","description":"","potentialAction":[{"@type":"SearchAction","target":{"@type":"EntryPoint","urlTemplate":"https:\/\/diaki-experiences.com\/?s={search_term_string}"},"query-input":{"@type":"PropertyValueSpecification","valueRequired":true,"valueName":"search_term_string"}}],"inLanguage":"fr-FR"}]}},"_links":{"self":[{"href":"https:\/\/diaki-experiences.com\/fr\/wp-json\/wp\/v2\/pages\/700","targetHints":{"allow":["GET"]}}],"collection":[{"href":"https:\/\/diaki-experiences.com\/fr\/wp-json\/wp\/v2\/pages"}],"about":[{"href":"https:\/\/diaki-experiences.com\/fr\/wp-json\/wp\/v2\/types\/page"}],"author":[{"embeddable":true,"href":"https:\/\/diaki-experiences.com\/fr\/wp-json\/wp\/v2\/users\/1"}],"replies":[{"embeddable":true,"href":"https:\/\/diaki-experiences.com\/fr\/wp-json\/wp\/v2\/comments?post=700"}],"version-history":[{"count":0,"href":"https:\/\/diaki-experiences.com\/fr\/wp-json\/wp\/v2\/pages\/700\/revisions"}],"wp:featuredmedia":[{"embeddable":true,"href":"https:\/\/diaki-experiences.com\/fr\/wp-json\/wp\/v2\/media\/2207"}],"wp:attachment":[{"href":"https:\/\/diaki-experiences.com\/fr\/wp-json\/wp\/v2\/media?parent=700"}],"curies":[{"name":"wp","href":"https:\/\/api.w.org\/{rel}","templated":true}]}}