{"id":797,"date":"2020-09-05T13:56:47","date_gmt":"2020-09-05T13:56:47","guid":{"rendered":"https:\/\/dev.diaki-experiences.com\/?page_id=797"},"modified":"2020-11-10T15:34:47","modified_gmt":"2020-11-10T15:34:47","slug":"how-it-works","status":"publish","type":"page","link":"https:\/\/diaki-experiences.com\/fr\/how-it-works\/","title":{"rendered":"Comment \u00e7a fonctionne?"},"content":{"rendered":"<p>En tant que fondatrices de DIAKI Exp\u00e9riences, notre objectif est de cr\u00e9er une exp\u00e9rience positive et durable avec nos clients.<\/p>\n<p>Nous croyons profond\u00e9ment \u00e0 la citation de Maya Angelou:<\/p>\n<p style=\"text-align: center;\"><em>\u201cJ\u2019ai appris que les gens oublieront ce que vous avez dit, les gens oublieront ce que vous avez fait, mais les gens n\u2019oublieront jamais ce que vous leur avez fait ressentir\u201c (Traduction libre)<\/em><\/p>\n<p>En tant que\u00a0leaders, nous nous effor\u00e7ons de la mettre en pratique. Notre engagement envers notre \u00e9quipe et envers nos clients est bas\u00e9 sur le <strong>RESPECT<\/strong>:<\/p>\n<div class=\"word-list\">\n<h2><span class=\"h1\" style=\"color: #0f4c81;\"><strong>R<\/strong><\/span>econnaissance<\/h2>\n<h2 style=\"padding-left: 40px;\"><span class=\"h1\" style=\"color: #0f4c81;\"><strong>E<\/strong><\/span>quipes engag\u00e9es<\/h2>\n<h2 style=\"padding-left: 80px;\"><span class=\"h1\" style=\"color: #0f4c81;\"><strong>S<\/strong><\/span>pontan\u00e9it\u00e9<\/h2>\n<h2 style=\"padding-left: 120px;\"><span class=\"h1\" style=\"color: #0f4c81;\"><strong>P<\/strong><\/span>rofondeur<\/h2>\n<h2 style=\"padding-left: 160px;\"><span class=\"h1\" style=\"color: #0f4c81;\"><strong>E<\/strong><\/span>xp\u00e9rience<\/h2>\n<h2 style=\"padding-left: 200px;\"><span class=\"h1\" style=\"color: #0f4c81;\"><strong>C<\/strong><\/span>onfiance<\/h2>\n<h2 style=\"padding-left: 240px;\"><span class=\"h1\" style=\"color: #0f4c81;\"><strong>T<\/strong><\/span>ransformation<\/h2>\n<\/div>\n<p>Nous proposons aux organisations un processus en cinq phases afin de mobiliser et de maximiser le potentiel des membres de leurs \u00e9quipes. Le but de cette approche est d&rsquo;adapter chaque service \u00e0 vos besoins et d&rsquo;augmenter les performances \u00e0 long terme.<\/p>\n","protected":false},"excerpt":{"rendered":"<p>En tant que fondatrices de DIAKI Exp\u00e9riences, notre objectif est de cr\u00e9er une exp\u00e9rience positive et durable avec nos clients. Nous croyons profond\u00e9ment \u00e0 la citation de Maya Angelou: \u201cJ\u2019ai appris que les gens oublieront ce que vous avez dit, les gens oublieront ce que vous avez fait, mais les gens n\u2019oublieront jamais ce que [&hellip;]<\/p>\n","protected":false},"author":1,"featured_media":739,"parent":0,"menu_order":0,"comment_status":"closed","ping_status":"closed","template":"","meta":{"_acf_changed":false,"footnotes":""},"class_list":["post-797","page","type-page","status-publish","has-post-thumbnail","hentry"],"acf":[],"yoast_head":"<!-- This site is optimized with the Yoast SEO plugin v25.2 - https:\/\/yoast.com\/wordpress\/plugins\/seo\/ -->\n<title>Comment \u00e7a fonctionne? - Diaki Experiences<\/title>\n<meta name=\"robots\" content=\"index, follow, max-snippet:-1, max-image-preview:large, max-video-preview:-1\" \/>\n<link rel=\"canonical\" href=\"https:\/\/diaki-experiences.com\/fr\/how-it-works\/\" \/>\n<meta property=\"og:locale\" content=\"fr_FR\" \/>\n<meta property=\"og:type\" content=\"article\" \/>\n<meta property=\"og:title\" content=\"Comment \u00e7a fonctionne? - Diaki Experiences\" \/>\n<meta property=\"og:description\" content=\"En tant que fondatrices de DIAKI Exp\u00e9riences, notre objectif est de cr\u00e9er une exp\u00e9rience positive et durable avec nos clients. Nous croyons profond\u00e9ment \u00e0 la citation de Maya Angelou: \u201cJ\u2019ai appris que les gens oublieront ce que vous avez dit, les gens oublieront ce que vous avez fait, mais les gens n\u2019oublieront jamais ce que [&hellip;]\" \/>\n<meta property=\"og:url\" content=\"https:\/\/diaki-experiences.com\/fr\/how-it-works\/\" \/>\n<meta property=\"og:site_name\" content=\"Diaki Experiences\" \/>\n<meta property=\"article:modified_time\" content=\"2020-11-10T15:34:47+00:00\" \/>\n<meta property=\"og:image\" content=\"https:\/\/diaki-experiences.com\/wp-content\/uploads\/2020\/09\/DIAKI-HEADER-HOWITWORKS.jpg\" \/>\n\t<meta property=\"og:image:width\" content=\"1600\" \/>\n\t<meta property=\"og:image:height\" content=\"900\" \/>\n\t<meta property=\"og:image:type\" content=\"image\/jpeg\" \/>\n<meta name=\"twitter:card\" content=\"summary_large_image\" \/>\n<meta name=\"twitter:label1\" content=\"Dur\u00e9e de lecture estim\u00e9e\" \/>\n\t<meta name=\"twitter:data1\" content=\"1 minute\" \/>\n<script type=\"application\/ld+json\" class=\"yoast-schema-graph\">{\"@context\":\"https:\/\/schema.org\",\"@graph\":[{\"@type\":\"WebPage\",\"@id\":\"https:\/\/diaki-experiences.com\/fr\/how-it-works\/\",\"url\":\"https:\/\/diaki-experiences.com\/fr\/how-it-works\/\",\"name\":\"Comment \u00e7a fonctionne? - Diaki Experiences\",\"isPartOf\":{\"@id\":\"https:\/\/diaki-experiences.com\/#website\"},\"primaryImageOfPage\":{\"@id\":\"https:\/\/diaki-experiences.com\/fr\/how-it-works\/#primaryimage\"},\"image\":{\"@id\":\"https:\/\/diaki-experiences.com\/fr\/how-it-works\/#primaryimage\"},\"thumbnailUrl\":\"https:\/\/diaki-experiences.com\/wp-content\/uploads\/2020\/09\/DIAKI-HEADER-HOWITWORKS.jpg\",\"datePublished\":\"2020-09-05T13:56:47+00:00\",\"dateModified\":\"2020-11-10T15:34:47+00:00\",\"breadcrumb\":{\"@id\":\"https:\/\/diaki-experiences.com\/fr\/how-it-works\/#breadcrumb\"},\"inLanguage\":\"fr-FR\",\"potentialAction\":[{\"@type\":\"ReadAction\",\"target\":[\"https:\/\/diaki-experiences.com\/fr\/how-it-works\/\"]}]},{\"@type\":\"ImageObject\",\"inLanguage\":\"fr-FR\",\"@id\":\"https:\/\/diaki-experiences.com\/fr\/how-it-works\/#primaryimage\",\"url\":\"https:\/\/diaki-experiences.com\/wp-content\/uploads\/2020\/09\/DIAKI-HEADER-HOWITWORKS.jpg\",\"contentUrl\":\"https:\/\/diaki-experiences.com\/wp-content\/uploads\/2020\/09\/DIAKI-HEADER-HOWITWORKS.jpg\",\"width\":1600,\"height\":900,\"caption\":\"team members doing a brainstorm exercise with post it notes\"},{\"@type\":\"BreadcrumbList\",\"@id\":\"https:\/\/diaki-experiences.com\/fr\/how-it-works\/#breadcrumb\",\"itemListElement\":[{\"@type\":\"ListItem\",\"position\":1,\"name\":\"Home\",\"item\":\"https:\/\/diaki-experiences.com\/fr\/\"},{\"@type\":\"ListItem\",\"position\":2,\"name\":\"Comment \u00e7a fonctionne?\"}]},{\"@type\":\"WebSite\",\"@id\":\"https:\/\/diaki-experiences.com\/#website\",\"url\":\"https:\/\/diaki-experiences.com\/\",\"name\":\"Diaki Experiences\",\"description\":\"\",\"potentialAction\":[{\"@type\":\"SearchAction\",\"target\":{\"@type\":\"EntryPoint\",\"urlTemplate\":\"https:\/\/diaki-experiences.com\/?s={search_term_string}\"},\"query-input\":{\"@type\":\"PropertyValueSpecification\",\"valueRequired\":true,\"valueName\":\"search_term_string\"}}],\"inLanguage\":\"fr-FR\"}]}<\/script>\n<!-- \/ Yoast SEO plugin. -->","yoast_head_json":{"title":"Comment \u00e7a fonctionne? - Diaki Experiences","robots":{"index":"index","follow":"follow","max-snippet":"max-snippet:-1","max-image-preview":"max-image-preview:large","max-video-preview":"max-video-preview:-1"},"canonical":"https:\/\/diaki-experiences.com\/fr\/how-it-works\/","og_locale":"fr_FR","og_type":"article","og_title":"Comment \u00e7a fonctionne? - Diaki Experiences","og_description":"En tant que fondatrices de DIAKI Exp\u00e9riences, notre objectif est de cr\u00e9er une exp\u00e9rience positive et durable avec nos clients. Nous croyons profond\u00e9ment \u00e0 la citation de Maya Angelou: \u201cJ\u2019ai appris que les gens oublieront ce que vous avez dit, les gens oublieront ce que vous avez fait, mais les gens n\u2019oublieront jamais ce que [&hellip;]","og_url":"https:\/\/diaki-experiences.com\/fr\/how-it-works\/","og_site_name":"Diaki Experiences","article_modified_time":"2020-11-10T15:34:47+00:00","og_image":[{"width":1600,"height":900,"url":"https:\/\/diaki-experiences.com\/wp-content\/uploads\/2020\/09\/DIAKI-HEADER-HOWITWORKS.jpg","type":"image\/jpeg"}],"twitter_card":"summary_large_image","twitter_misc":{"Dur\u00e9e de lecture estim\u00e9e":"1 minute"},"schema":{"@context":"https:\/\/schema.org","@graph":[{"@type":"WebPage","@id":"https:\/\/diaki-experiences.com\/fr\/how-it-works\/","url":"https:\/\/diaki-experiences.com\/fr\/how-it-works\/","name":"Comment \u00e7a fonctionne? - Diaki Experiences","isPartOf":{"@id":"https:\/\/diaki-experiences.com\/#website"},"primaryImageOfPage":{"@id":"https:\/\/diaki-experiences.com\/fr\/how-it-works\/#primaryimage"},"image":{"@id":"https:\/\/diaki-experiences.com\/fr\/how-it-works\/#primaryimage"},"thumbnailUrl":"https:\/\/diaki-experiences.com\/wp-content\/uploads\/2020\/09\/DIAKI-HEADER-HOWITWORKS.jpg","datePublished":"2020-09-05T13:56:47+00:00","dateModified":"2020-11-10T15:34:47+00:00","breadcrumb":{"@id":"https:\/\/diaki-experiences.com\/fr\/how-it-works\/#breadcrumb"},"inLanguage":"fr-FR","potentialAction":[{"@type":"ReadAction","target":["https:\/\/diaki-experiences.com\/fr\/how-it-works\/"]}]},{"@type":"ImageObject","inLanguage":"fr-FR","@id":"https:\/\/diaki-experiences.com\/fr\/how-it-works\/#primaryimage","url":"https:\/\/diaki-experiences.com\/wp-content\/uploads\/2020\/09\/DIAKI-HEADER-HOWITWORKS.jpg","contentUrl":"https:\/\/diaki-experiences.com\/wp-content\/uploads\/2020\/09\/DIAKI-HEADER-HOWITWORKS.jpg","width":1600,"height":900,"caption":"team members doing a brainstorm exercise with post it notes"},{"@type":"BreadcrumbList","@id":"https:\/\/diaki-experiences.com\/fr\/how-it-works\/#breadcrumb","itemListElement":[{"@type":"ListItem","position":1,"name":"Home","item":"https:\/\/diaki-experiences.com\/fr\/"},{"@type":"ListItem","position":2,"name":"Comment \u00e7a fonctionne?"}]},{"@type":"WebSite","@id":"https:\/\/diaki-experiences.com\/#website","url":"https:\/\/diaki-experiences.com\/","name":"Diaki Experiences","description":"","potentialAction":[{"@type":"SearchAction","target":{"@type":"EntryPoint","urlTemplate":"https:\/\/diaki-experiences.com\/?s={search_term_string}"},"query-input":{"@type":"PropertyValueSpecification","valueRequired":true,"valueName":"search_term_string"}}],"inLanguage":"fr-FR"}]}},"_links":{"self":[{"href":"https:\/\/diaki-experiences.com\/fr\/wp-json\/wp\/v2\/pages\/797","targetHints":{"allow":["GET"]}}],"collection":[{"href":"https:\/\/diaki-experiences.com\/fr\/wp-json\/wp\/v2\/pages"}],"about":[{"href":"https:\/\/diaki-experiences.com\/fr\/wp-json\/wp\/v2\/types\/page"}],"author":[{"embeddable":true,"href":"https:\/\/diaki-experiences.com\/fr\/wp-json\/wp\/v2\/users\/1"}],"replies":[{"embeddable":true,"href":"https:\/\/diaki-experiences.com\/fr\/wp-json\/wp\/v2\/comments?post=797"}],"version-history":[{"count":0,"href":"https:\/\/diaki-experiences.com\/fr\/wp-json\/wp\/v2\/pages\/797\/revisions"}],"wp:featuredmedia":[{"embeddable":true,"href":"https:\/\/diaki-experiences.com\/fr\/wp-json\/wp\/v2\/media\/739"}],"wp:attachment":[{"href":"https:\/\/diaki-experiences.com\/fr\/wp-json\/wp\/v2\/media?parent=797"}],"curies":[{"name":"wp","href":"https:\/\/api.w.org\/{rel}","templated":true}]}}