{"id":817,"date":"2020-09-05T13:57:10","date_gmt":"2020-09-05T13:57:10","guid":{"rendered":"https:\/\/dev.diaki-experiences.com\/expertise\/"},"modified":"2020-11-10T15:32:02","modified_gmt":"2020-11-10T15:32:02","slug":"expertise","status":"publish","type":"page","link":"https:\/\/diaki-experiences.com\/fr\/expertise\/","title":{"rendered":"Expertise"},"content":{"rendered":"<h1>Le chemin de la d\u00e9couverte<\/h1>\n<p>En combinant plus de 60 ans d\u2019exp\u00e9rience en leadership dans plusieurs secteurs, nous avons men\u00e9 des \u00e9quipes aux quatre coins de la plan\u00e8te dans des environnements difficiles:<\/p>\n<div class=\"d-flex align-items-center\"><img loading=\"lazy\" decoding=\"async\" class=\"wp-image-762\" style=\"margin: 5px; padding: 5px;\" src=\"https:\/\/diaki-experiences.com\/wp-content\/uploads\/2020\/10\/DIAKI-DEPLOYMENT.png\" alt=\"\" width=\"80\" height=\"80\" \/><\/p>\n<p>que ce soit au pays ou \u00e0 l\u2019\u00e9tranger (y a-t-il vraiment une diff\u00e9rence?),<\/p>\n<\/div>\n<div class=\"d-flex align-items-center\">\n<img loading=\"lazy\" decoding=\"async\" class=\"wp-image-762\" style=\"margin: 5px; padding: 5px;\" src=\"https:\/\/diaki-experiences.com\/wp-content\/uploads\/2020\/10\/DIAKI-BALANCE.png\" alt=\"\" width=\"80\" height=\"80\" \/><\/p>\n<p>en tant que femmes dans un milieu d\u2019hommes,<\/p>\n<\/div>\n<div class=\"d-flex align-items-center\"><img loading=\"lazy\" decoding=\"async\" class=\"wp-image-762\" style=\"margin: 5px; padding: 5px;\" src=\"https:\/\/diaki-experiences.com\/wp-content\/uploads\/2020\/10\/DIAKI-MOUNTAIN_RANGE.png\" alt=\"\" width=\"80\" height=\"80\" srcset=\"https:\/\/diaki-experiences.com\/wp-content\/uploads\/2020\/10\/DIAKI-MOUNTAIN_RANGE.png 240w, https:\/\/diaki-experiences.com\/wp-content\/uploads\/2020\/10\/DIAKI-MOUNTAIN_RANGE-150x150.png 150w\" sizes=\"auto, (max-width: 80px) 100vw, 80px\" \/><\/p>\n<p>en tant qu\u2019officiers militaires travaillant dans des zones de guerre tel que la Bosnie et l\u2019Afghanistan,<\/p>\n<\/div>\n<div class=\"d-flex align-items-center\"><img loading=\"lazy\" decoding=\"async\" class=\"wp-image-762\" style=\"margin: 5px; padding: 5px;\" src=\"https:\/\/diaki-experiences.com\/wp-content\/uploads\/2020\/10\/DIAKI-MILITARY.png\" alt=\"\" width=\"80\" height=\"80\" \/><\/p>\n<p>en tant que sp\u00e9cialistes au sein des Forces sp\u00e9ciales, o\u00f9 nous avons eu le privil\u00e8ge de supporter directement des op\u00e9rations d\u2019une disponibilit\u00e9 op\u00e9rationnelle et d\u2019une pr\u00e9cision extr\u00eamement \u00e9lev\u00e9es.<\/p>\n<\/div>\n<p>Nous avons relev\u00e9 tous ces d\u00e9fis en accomplissant le travail le plus stimulant et le plus gratifiant de notre vie, \u00eatre parent!<\/p>\n<p>Nous avons appris \u00e0 mieux comprendre les diff\u00e9rences de chaque \u00eatre humain et, en tant que leader, \u00e0 miser sur ces diff\u00e9rences pour b\u00e2tir des \u00e9quipes diversifi\u00e9es \u00e0 vocation op\u00e9rationnelle, capables d\u2019accomplir leur mission dans des situations aust\u00e8res et difficiles.<\/p>\n<p>Notre exp\u00e9rience et expertise nous ont inspir\u00e9es \u00e0 cr\u00e9er une approche int\u00e9gr\u00e9e, DELTA, pour aider nos clients \u00e0 d\u00e9velopper et propulser leur plein potentiel. Cette approche vise \u00e0 augmenter leur confiance en eux en tant que leaders, tout en renfor\u00e7ant leurs propres comp\u00e9tences.<\/p>\n<p>Notre approche DELTA est la base du processus <a href=\"https:\/\/diaki-experiences.com\/fr\/how-it-works\/experiential-learning\/\">d\u2019apprentissage exp\u00e9rientiel<\/a> que nous utilisons.<\/p>\n<p><span id=\"DELTA\">\u00a0<\/span><\/p>\n<h1 style=\"text-align: center;\">Approche DELTA<\/h1>\n<p>\u00a0<\/p>\n<p><img loading=\"lazy\" decoding=\"async\" class=\"wp-image-820 size-large aligncenter\" src=\"https:\/\/diaki-experiences.com\/wp-content\/uploads\/2020\/10\/delta_approach-FR-1024x719.png\" alt=\"\" width=\"800\" height=\"562\" srcset=\"https:\/\/diaki-experiences.com\/wp-content\/uploads\/2020\/10\/delta_approach-FR-1024x719.png 1024w, https:\/\/diaki-experiences.com\/wp-content\/uploads\/2020\/10\/delta_approach-FR-300x211.png 300w, https:\/\/diaki-experiences.com\/wp-content\/uploads\/2020\/10\/delta_approach-FR-768x539.png 768w, https:\/\/diaki-experiences.com\/wp-content\/uploads\/2020\/10\/delta_approach-FR-1536x1078.png 1536w, https:\/\/diaki-experiences.com\/wp-content\/uploads\/2020\/10\/delta_approach-FR-2048x1438.png 2048w\" sizes=\"auto, (max-width: 800px) 100vw, 800px\" \/><\/p>\n<p>Nous offrons \u00e0 nos clients l\u2019opportunit\u00e9 de prendre le temps de s\u2019arr\u00eater et de r\u00e9fl\u00e9chir sur leur talent de leader.<\/p>\n<p>Dans un environnement convivial, nos clients\u00a0<strong>d\u00e9couvrent<\/strong>\u00a0leurs profils de leader et celui de leur co-\u00e9quipier \u00e0 travers une\u00a0 <a href=\"https:\/\/diaki-experiences.com\/fr\/nova-profile\/\">\u00e9valuation comportementale<\/a> et d\u2019autres activit\u00e9s de connaissance de soi.<\/p>\n<p>Nos clients tirent profit de leurs\u00a0<strong>exp\u00e9riences<\/strong>\u00a0pass\u00e9es, pr\u00e9sentes et partag\u00e9es. Ils ont la possibilit\u00e9 de mettre imm\u00e9diatement en pratique ce qu\u2019ils ont appris, de\u00a0<strong>le vivre\u00a0<\/strong>et de le <strong>tester<\/strong> par eux-m\u00eames.<\/p>\n<p>\u00c0 travers les suivis, nous accompagnons nos clients afin d\u2019<strong>adopter\u00a0<\/strong>les d\u00e9couvertes et les nouvelles connaissances qu\u2019ils ont apprises. Cela peut d\u00e9clencher un autre processus DELTA o\u00f9 de nouvelles d\u00e9couvertes sont faites.<\/p>\n<p>Le but de ce processus est que chaque participant puisse vivre son propre moment AHA et repartir avec une nouvelle perspective de son talent unique en tant que leader.<\/p>\n","protected":false},"excerpt":{"rendered":"<p>Le chemin de la d\u00e9couverte En combinant plus de 60 ans d\u2019exp\u00e9rience en leadership dans plusieurs secteurs, nous avons men\u00e9 des \u00e9quipes aux quatre coins de la plan\u00e8te dans des environnements difficiles: que ce soit au pays ou \u00e0 l\u2019\u00e9tranger (y a-t-il vraiment une diff\u00e9rence?), en tant que femmes dans un milieu d\u2019hommes, en tant [&hellip;]<\/p>\n","protected":false},"author":1,"featured_media":740,"parent":0,"menu_order":0,"comment_status":"closed","ping_status":"closed","template":"","meta":{"_acf_changed":false,"footnotes":""},"class_list":["post-817","page","type-page","status-publish","has-post-thumbnail","hentry"],"acf":[],"yoast_head":"<!-- This site is optimized with the Yoast SEO plugin v25.2 - https:\/\/yoast.com\/wordpress\/plugins\/seo\/ -->\n<title>Expertise - Diaki Experiences<\/title>\n<meta name=\"robots\" content=\"index, follow, max-snippet:-1, max-image-preview:large, max-video-preview:-1\" \/>\n<link rel=\"canonical\" href=\"https:\/\/diaki-experiences.com\/expertise\/\" \/>\n<meta property=\"og:locale\" content=\"fr_FR\" \/>\n<meta property=\"og:type\" content=\"article\" \/>\n<meta property=\"og:title\" content=\"Expertise - Diaki Experiences\" \/>\n<meta property=\"og:description\" content=\"Le chemin de la d\u00e9couverte En combinant plus de 60 ans d\u2019exp\u00e9rience en leadership dans plusieurs secteurs, nous avons men\u00e9 des \u00e9quipes aux quatre coins de la plan\u00e8te dans des environnements difficiles: que ce soit au pays ou \u00e0 l\u2019\u00e9tranger (y a-t-il vraiment une diff\u00e9rence?), en tant que femmes dans un milieu d\u2019hommes, en tant [&hellip;]\" \/>\n<meta property=\"og:url\" content=\"https:\/\/diaki-experiences.com\/expertise\/\" \/>\n<meta property=\"og:site_name\" content=\"Diaki Experiences\" \/>\n<meta property=\"article:modified_time\" content=\"2020-11-10T15:32:02+00:00\" \/>\n<meta property=\"og:image\" content=\"https:\/\/diaki-experiences.com\/wp-content\/uploads\/2020\/09\/DIAKI-HEADER-EXPERTISE.jpg\" \/>\n\t<meta property=\"og:image:width\" content=\"1600\" \/>\n\t<meta property=\"og:image:height\" content=\"900\" \/>\n\t<meta property=\"og:image:type\" content=\"image\/jpeg\" \/>\n<meta name=\"twitter:card\" content=\"summary_large_image\" \/>\n<meta name=\"twitter:label1\" content=\"Dur\u00e9e de lecture estim\u00e9e\" \/>\n\t<meta name=\"twitter:data1\" content=\"2 minutes\" \/>\n<script type=\"application\/ld+json\" class=\"yoast-schema-graph\">{\"@context\":\"https:\/\/schema.org\",\"@graph\":[{\"@type\":\"WebPage\",\"@id\":\"https:\/\/diaki-experiences.com\/expertise\/\",\"url\":\"https:\/\/diaki-experiences.com\/expertise\/\",\"name\":\"Expertise - Diaki Experiences\",\"isPartOf\":{\"@id\":\"https:\/\/diaki-experiences.com\/#website\"},\"primaryImageOfPage\":{\"@id\":\"https:\/\/diaki-experiences.com\/expertise\/#primaryimage\"},\"image\":{\"@id\":\"https:\/\/diaki-experiences.com\/expertise\/#primaryimage\"},\"thumbnailUrl\":\"https:\/\/diaki-experiences.com\/wp-content\/uploads\/2020\/09\/DIAKI-HEADER-EXPERTISE.jpg\",\"datePublished\":\"2020-09-05T13:57:10+00:00\",\"dateModified\":\"2020-11-10T15:32:02+00:00\",\"breadcrumb\":{\"@id\":\"https:\/\/diaki-experiences.com\/expertise\/#breadcrumb\"},\"inLanguage\":\"fr-FR\",\"potentialAction\":[{\"@type\":\"ReadAction\",\"target\":[\"https:\/\/diaki-experiences.com\/expertise\/\"]}]},{\"@type\":\"ImageObject\",\"inLanguage\":\"fr-FR\",\"@id\":\"https:\/\/diaki-experiences.com\/expertise\/#primaryimage\",\"url\":\"https:\/\/diaki-experiences.com\/wp-content\/uploads\/2020\/09\/DIAKI-HEADER-EXPERTISE.jpg\",\"contentUrl\":\"https:\/\/diaki-experiences.com\/wp-content\/uploads\/2020\/09\/DIAKI-HEADER-EXPERTISE.jpg\",\"width\":1600,\"height\":900,\"caption\":\"a meeting being lead\"},{\"@type\":\"BreadcrumbList\",\"@id\":\"https:\/\/diaki-experiences.com\/expertise\/#breadcrumb\",\"itemListElement\":[{\"@type\":\"ListItem\",\"position\":1,\"name\":\"Home\",\"item\":\"https:\/\/diaki-experiences.com\/fr\/\"},{\"@type\":\"ListItem\",\"position\":2,\"name\":\"Expertise\"}]},{\"@type\":\"WebSite\",\"@id\":\"https:\/\/diaki-experiences.com\/#website\",\"url\":\"https:\/\/diaki-experiences.com\/\",\"name\":\"Diaki Experiences\",\"description\":\"\",\"potentialAction\":[{\"@type\":\"SearchAction\",\"target\":{\"@type\":\"EntryPoint\",\"urlTemplate\":\"https:\/\/diaki-experiences.com\/?s={search_term_string}\"},\"query-input\":{\"@type\":\"PropertyValueSpecification\",\"valueRequired\":true,\"valueName\":\"search_term_string\"}}],\"inLanguage\":\"fr-FR\"}]}<\/script>\n<!-- \/ Yoast SEO plugin. -->","yoast_head_json":{"title":"Expertise - Diaki Experiences","robots":{"index":"index","follow":"follow","max-snippet":"max-snippet:-1","max-image-preview":"max-image-preview:large","max-video-preview":"max-video-preview:-1"},"canonical":"https:\/\/diaki-experiences.com\/expertise\/","og_locale":"fr_FR","og_type":"article","og_title":"Expertise - Diaki Experiences","og_description":"Le chemin de la d\u00e9couverte En combinant plus de 60 ans d\u2019exp\u00e9rience en leadership dans plusieurs secteurs, nous avons men\u00e9 des \u00e9quipes aux quatre coins de la plan\u00e8te dans des environnements difficiles: que ce soit au pays ou \u00e0 l\u2019\u00e9tranger (y a-t-il vraiment une diff\u00e9rence?), en tant que femmes dans un milieu d\u2019hommes, en tant [&hellip;]","og_url":"https:\/\/diaki-experiences.com\/expertise\/","og_site_name":"Diaki Experiences","article_modified_time":"2020-11-10T15:32:02+00:00","og_image":[{"width":1600,"height":900,"url":"https:\/\/diaki-experiences.com\/wp-content\/uploads\/2020\/09\/DIAKI-HEADER-EXPERTISE.jpg","type":"image\/jpeg"}],"twitter_card":"summary_large_image","twitter_misc":{"Dur\u00e9e de lecture estim\u00e9e":"2 minutes"},"schema":{"@context":"https:\/\/schema.org","@graph":[{"@type":"WebPage","@id":"https:\/\/diaki-experiences.com\/expertise\/","url":"https:\/\/diaki-experiences.com\/expertise\/","name":"Expertise - Diaki Experiences","isPartOf":{"@id":"https:\/\/diaki-experiences.com\/#website"},"primaryImageOfPage":{"@id":"https:\/\/diaki-experiences.com\/expertise\/#primaryimage"},"image":{"@id":"https:\/\/diaki-experiences.com\/expertise\/#primaryimage"},"thumbnailUrl":"https:\/\/diaki-experiences.com\/wp-content\/uploads\/2020\/09\/DIAKI-HEADER-EXPERTISE.jpg","datePublished":"2020-09-05T13:57:10+00:00","dateModified":"2020-11-10T15:32:02+00:00","breadcrumb":{"@id":"https:\/\/diaki-experiences.com\/expertise\/#breadcrumb"},"inLanguage":"fr-FR","potentialAction":[{"@type":"ReadAction","target":["https:\/\/diaki-experiences.com\/expertise\/"]}]},{"@type":"ImageObject","inLanguage":"fr-FR","@id":"https:\/\/diaki-experiences.com\/expertise\/#primaryimage","url":"https:\/\/diaki-experiences.com\/wp-content\/uploads\/2020\/09\/DIAKI-HEADER-EXPERTISE.jpg","contentUrl":"https:\/\/diaki-experiences.com\/wp-content\/uploads\/2020\/09\/DIAKI-HEADER-EXPERTISE.jpg","width":1600,"height":900,"caption":"a meeting being lead"},{"@type":"BreadcrumbList","@id":"https:\/\/diaki-experiences.com\/expertise\/#breadcrumb","itemListElement":[{"@type":"ListItem","position":1,"name":"Home","item":"https:\/\/diaki-experiences.com\/fr\/"},{"@type":"ListItem","position":2,"name":"Expertise"}]},{"@type":"WebSite","@id":"https:\/\/diaki-experiences.com\/#website","url":"https:\/\/diaki-experiences.com\/","name":"Diaki Experiences","description":"","potentialAction":[{"@type":"SearchAction","target":{"@type":"EntryPoint","urlTemplate":"https:\/\/diaki-experiences.com\/?s={search_term_string}"},"query-input":{"@type":"PropertyValueSpecification","valueRequired":true,"valueName":"search_term_string"}}],"inLanguage":"fr-FR"}]}},"_links":{"self":[{"href":"https:\/\/diaki-experiences.com\/fr\/wp-json\/wp\/v2\/pages\/817","targetHints":{"allow":["GET"]}}],"collection":[{"href":"https:\/\/diaki-experiences.com\/fr\/wp-json\/wp\/v2\/pages"}],"about":[{"href":"https:\/\/diaki-experiences.com\/fr\/wp-json\/wp\/v2\/types\/page"}],"author":[{"embeddable":true,"href":"https:\/\/diaki-experiences.com\/fr\/wp-json\/wp\/v2\/users\/1"}],"replies":[{"embeddable":true,"href":"https:\/\/diaki-experiences.com\/fr\/wp-json\/wp\/v2\/comments?post=817"}],"version-history":[{"count":0,"href":"https:\/\/diaki-experiences.com\/fr\/wp-json\/wp\/v2\/pages\/817\/revisions"}],"wp:featuredmedia":[{"embeddable":true,"href":"https:\/\/diaki-experiences.com\/fr\/wp-json\/wp\/v2\/media\/740"}],"wp:attachment":[{"href":"https:\/\/diaki-experiences.com\/fr\/wp-json\/wp\/v2\/media?parent=817"}],"curies":[{"name":"wp","href":"https:\/\/api.w.org\/{rel}","templated":true}]}}