{"id":826,"date":"2020-09-10T20:06:59","date_gmt":"2020-09-10T20:06:59","guid":{"rendered":"https:\/\/dev.diaki-experiences.com\/how-it-works\/experiential-learning\/"},"modified":"2020-11-10T15:26:48","modified_gmt":"2020-11-10T15:26:48","slug":"experiential-learning","status":"publish","type":"page","link":"https:\/\/diaki-experiences.com\/fr\/how-it-works\/experiential-learning\/","title":{"rendered":"Apprentissage exp\u00e9rientiel"},"content":{"rendered":"<p>Les activit\u00e9s d\u2019apprentissage exp\u00e9rientiel sont utilis\u00e9es depuis plus de 40 ans dans le but d\u2019augmenter l\u2019apprentissage des \u00e9l\u00e8ves. Selon l\u2019\u00e9dition du \u00ab\u00a0Decision Sciences Journal of Innovative Education\u2019 de juillet 2019, une m\u00e9ta-analyse de 89 \u00e9tudes montre que les \u00e9tudiants ont obtenu des r\u00e9sultats d\u2019apprentissage sup\u00e9rieurs lorsque des p\u00e9dagogies exp\u00e9rientielles ont \u00e9t\u00e9 utilis\u00e9es \u2026 Cette revue montre clairement et quantitativement l\u2019importance des activit\u00e9s d\u2019apprentissage exp\u00e9rientiel.\u00a0\u00bb (Traduction libre).<\/p>\n<p>Au cours de nos vies, nous voyons d\u2019innombrables concepts et id\u00e9es incroyables, mais est-ce que nous les retenons vraiment? Selon la pyramide ci-dessous, 75% \u00e0 90% des informations sont conserv\u00e9es lorsque nous les pratiquons ou encore mieux, lorsque nous les enseignons \u00e0 quelqu\u2019un d\u2019autre.<\/p>\n<p>\u00a0<\/p>\n<h2 style=\"text-align: center;\">Taux de r\u00e9tention moyen<\/h2>\n<p>\u00a0<\/p>\n<p><img loading=\"lazy\" decoding=\"async\" class=\"alignleft size-full wp-image-832\" src=\"https:\/\/diaki-experiences.com\/wp-content\/uploads\/2020\/10\/avg_retention_rate-FR.png\" alt=\"\" width=\"2658\" height=\"1833\" srcset=\"https:\/\/diaki-experiences.com\/wp-content\/uploads\/2020\/10\/avg_retention_rate-FR.png 2658w, https:\/\/diaki-experiences.com\/wp-content\/uploads\/2020\/10\/avg_retention_rate-FR-300x207.png 300w, https:\/\/diaki-experiences.com\/wp-content\/uploads\/2020\/10\/avg_retention_rate-FR-1024x706.png 1024w, https:\/\/diaki-experiences.com\/wp-content\/uploads\/2020\/10\/avg_retention_rate-FR-768x530.png 768w, https:\/\/diaki-experiences.com\/wp-content\/uploads\/2020\/10\/avg_retention_rate-FR-1536x1059.png 1536w, https:\/\/diaki-experiences.com\/wp-content\/uploads\/2020\/10\/avg_retention_rate-FR-2048x1412.png 2048w\" sizes=\"auto, (max-width: 2658px) 100vw, 2658px\" \/><\/p>\n<h5><\/h5>\n<h5 style=\"text-align: center;\">Adapt\u00e9 de la <em>NTL Institute of Applied Behavioural Science Learning Pyramid<\/em> (Traduction libre)<\/h5>\n<p>\u00a0<\/p>\n<p>Chez DIAKI Exp\u00e9riences, nous avons d\u00e9cid\u00e9 d\u2019aller plus loin et d\u2019offrir \u00e0 nos participants la possibilit\u00e9 de non seulement mettre en pratique ce qu\u2019ils ont appris, mais de le vivre \u00e0 travers une exp\u00e9rience. En fait, lorsque nous apprenons d\u2019une exp\u00e9rience personnelle (que ce soit en faisant des liens avec des exp\u00e9riences du pass\u00e9 ou une exp\u00e9rience que nous vivons en groupe pendant une formation), nous nous en souvenons beaucoup plus puisque nous l\u2019avons v\u00e9cue \u00e0 travers nos sens et qu\u2019elle fait d\u00e9sormais partie de nous.<\/p>\n<p>Sur la base de cette pr\u00e9misse, nous avons d\u00e9velopp\u00e9 <a href=\"https:\/\/diaki-experiences.com\/fr\/expertise#DELTA\">l\u2019approche DELTA<\/a>, qui est un processus interconnect\u00e9 o\u00f9 les participants se voient proposer diff\u00e9rents sc\u00e9narios interactifs divertissants pour leur permettre de faire l\u2019exp\u00e9rience, vivre et tester ce qu\u2019ils viennent d\u2019apprendre.<\/p>\n<p>Nous accompagnons \u00e9galement nos clients avec des suivis r\u00e9guliers pour surmonter la courbe de l\u2019oubli. Les rappels rapides peuvent grandement contribuer \u00e0 conserver et \u00e0 utiliser des enseignements pr\u00e9cieux \u00e0 long terme.<\/p>\n","protected":false},"excerpt":{"rendered":"<p>Les activit\u00e9s d\u2019apprentissage exp\u00e9rientiel sont utilis\u00e9es depuis plus de 40 ans dans le but d\u2019augmenter l\u2019apprentissage des \u00e9l\u00e8ves. Selon l\u2019\u00e9dition du \u00ab\u00a0Decision Sciences Journal of Innovative Education\u2019 de juillet 2019, une m\u00e9ta-analyse de 89 \u00e9tudes montre que les \u00e9tudiants ont obtenu des r\u00e9sultats d\u2019apprentissage sup\u00e9rieurs lorsque des p\u00e9dagogies exp\u00e9rientielles ont \u00e9t\u00e9 utilis\u00e9es \u2026 Cette revue [&hellip;]<\/p>\n","protected":false},"author":1,"featured_media":741,"parent":797,"menu_order":0,"comment_status":"closed","ping_status":"closed","template":"","meta":{"_acf_changed":false,"footnotes":""},"class_list":["post-826","page","type-page","status-publish","has-post-thumbnail","hentry"],"acf":[],"yoast_head":"<!-- This site is optimized with the Yoast SEO plugin v25.2 - https:\/\/yoast.com\/wordpress\/plugins\/seo\/ -->\n<title>Apprentissage exp\u00e9rientiel - Diaki Experiences<\/title>\n<meta name=\"robots\" content=\"index, follow, max-snippet:-1, max-image-preview:large, max-video-preview:-1\" \/>\n<link rel=\"canonical\" href=\"https:\/\/diaki-experiences.com\/how-it-works\/experiential-learning\/\" \/>\n<meta property=\"og:locale\" content=\"fr_FR\" \/>\n<meta property=\"og:type\" content=\"article\" \/>\n<meta property=\"og:title\" content=\"Apprentissage exp\u00e9rientiel - Diaki Experiences\" \/>\n<meta property=\"og:description\" content=\"Les activit\u00e9s d\u2019apprentissage exp\u00e9rientiel sont utilis\u00e9es depuis plus de 40 ans dans le but d\u2019augmenter l\u2019apprentissage des \u00e9l\u00e8ves. Selon l\u2019\u00e9dition du \u00ab\u00a0Decision Sciences Journal of Innovative Education\u2019 de juillet 2019, une m\u00e9ta-analyse de 89 \u00e9tudes montre que les \u00e9tudiants ont obtenu des r\u00e9sultats d\u2019apprentissage sup\u00e9rieurs lorsque des p\u00e9dagogies exp\u00e9rientielles ont \u00e9t\u00e9 utilis\u00e9es \u2026 Cette revue [&hellip;]\" \/>\n<meta property=\"og:url\" content=\"https:\/\/diaki-experiences.com\/how-it-works\/experiential-learning\/\" \/>\n<meta property=\"og:site_name\" content=\"Diaki Experiences\" \/>\n<meta property=\"article:modified_time\" content=\"2020-11-10T15:26:48+00:00\" \/>\n<meta property=\"og:image\" content=\"https:\/\/diaki-experiences.com\/wp-content\/uploads\/2020\/09\/DIAKI-HEADER-EXPERIENTIAL.jpg\" \/>\n\t<meta property=\"og:image:width\" content=\"1600\" \/>\n\t<meta property=\"og:image:height\" content=\"900\" \/>\n\t<meta property=\"og:image:type\" content=\"image\/jpeg\" \/>\n<meta name=\"twitter:card\" content=\"summary_large_image\" \/>\n<meta name=\"twitter:label1\" content=\"Dur\u00e9e de lecture estim\u00e9e\" \/>\n\t<meta name=\"twitter:data1\" content=\"2 minutes\" \/>\n<script type=\"application\/ld+json\" class=\"yoast-schema-graph\">{\"@context\":\"https:\/\/schema.org\",\"@graph\":[{\"@type\":\"WebPage\",\"@id\":\"https:\/\/diaki-experiences.com\/how-it-works\/experiential-learning\/\",\"url\":\"https:\/\/diaki-experiences.com\/how-it-works\/experiential-learning\/\",\"name\":\"Apprentissage exp\u00e9rientiel - Diaki Experiences\",\"isPartOf\":{\"@id\":\"https:\/\/diaki-experiences.com\/#website\"},\"primaryImageOfPage\":{\"@id\":\"https:\/\/diaki-experiences.com\/how-it-works\/experiential-learning\/#primaryimage\"},\"image\":{\"@id\":\"https:\/\/diaki-experiences.com\/how-it-works\/experiential-learning\/#primaryimage\"},\"thumbnailUrl\":\"https:\/\/diaki-experiences.com\/wp-content\/uploads\/2020\/09\/DIAKI-HEADER-EXPERIENTIAL.jpg\",\"datePublished\":\"2020-09-10T20:06:59+00:00\",\"dateModified\":\"2020-11-10T15:26:48+00:00\",\"breadcrumb\":{\"@id\":\"https:\/\/diaki-experiences.com\/how-it-works\/experiential-learning\/#breadcrumb\"},\"inLanguage\":\"fr-FR\",\"potentialAction\":[{\"@type\":\"ReadAction\",\"target\":[\"https:\/\/diaki-experiences.com\/how-it-works\/experiential-learning\/\"]}]},{\"@type\":\"ImageObject\",\"inLanguage\":\"fr-FR\",\"@id\":\"https:\/\/diaki-experiences.com\/how-it-works\/experiential-learning\/#primaryimage\",\"url\":\"https:\/\/diaki-experiences.com\/wp-content\/uploads\/2020\/09\/DIAKI-HEADER-EXPERIENTIAL.jpg\",\"contentUrl\":\"https:\/\/diaki-experiences.com\/wp-content\/uploads\/2020\/09\/DIAKI-HEADER-EXPERIENTIAL.jpg\",\"width\":1600,\"height\":900,\"caption\":\"A group building a puzzle together\"},{\"@type\":\"BreadcrumbList\",\"@id\":\"https:\/\/diaki-experiences.com\/how-it-works\/experiential-learning\/#breadcrumb\",\"itemListElement\":[{\"@type\":\"ListItem\",\"position\":1,\"name\":\"Home\",\"item\":\"https:\/\/diaki-experiences.com\/fr\/\"},{\"@type\":\"ListItem\",\"position\":2,\"name\":\"Comment \u00e7a fonctionne?\",\"item\":\"https:\/\/diaki-experiences.com\/fr\/how-it-works\/\"},{\"@type\":\"ListItem\",\"position\":3,\"name\":\"Apprentissage exp\u00e9rientiel\"}]},{\"@type\":\"WebSite\",\"@id\":\"https:\/\/diaki-experiences.com\/#website\",\"url\":\"https:\/\/diaki-experiences.com\/\",\"name\":\"Diaki Experiences\",\"description\":\"\",\"potentialAction\":[{\"@type\":\"SearchAction\",\"target\":{\"@type\":\"EntryPoint\",\"urlTemplate\":\"https:\/\/diaki-experiences.com\/?s={search_term_string}\"},\"query-input\":{\"@type\":\"PropertyValueSpecification\",\"valueRequired\":true,\"valueName\":\"search_term_string\"}}],\"inLanguage\":\"fr-FR\"}]}<\/script>\n<!-- \/ Yoast SEO plugin. -->","yoast_head_json":{"title":"Apprentissage exp\u00e9rientiel - Diaki Experiences","robots":{"index":"index","follow":"follow","max-snippet":"max-snippet:-1","max-image-preview":"max-image-preview:large","max-video-preview":"max-video-preview:-1"},"canonical":"https:\/\/diaki-experiences.com\/how-it-works\/experiential-learning\/","og_locale":"fr_FR","og_type":"article","og_title":"Apprentissage exp\u00e9rientiel - Diaki Experiences","og_description":"Les activit\u00e9s d\u2019apprentissage exp\u00e9rientiel sont utilis\u00e9es depuis plus de 40 ans dans le but d\u2019augmenter l\u2019apprentissage des \u00e9l\u00e8ves. Selon l\u2019\u00e9dition du \u00ab\u00a0Decision Sciences Journal of Innovative Education\u2019 de juillet 2019, une m\u00e9ta-analyse de 89 \u00e9tudes montre que les \u00e9tudiants ont obtenu des r\u00e9sultats d\u2019apprentissage sup\u00e9rieurs lorsque des p\u00e9dagogies exp\u00e9rientielles ont \u00e9t\u00e9 utilis\u00e9es \u2026 Cette revue [&hellip;]","og_url":"https:\/\/diaki-experiences.com\/how-it-works\/experiential-learning\/","og_site_name":"Diaki Experiences","article_modified_time":"2020-11-10T15:26:48+00:00","og_image":[{"width":1600,"height":900,"url":"https:\/\/diaki-experiences.com\/wp-content\/uploads\/2020\/09\/DIAKI-HEADER-EXPERIENTIAL.jpg","type":"image\/jpeg"}],"twitter_card":"summary_large_image","twitter_misc":{"Dur\u00e9e de lecture estim\u00e9e":"2 minutes"},"schema":{"@context":"https:\/\/schema.org","@graph":[{"@type":"WebPage","@id":"https:\/\/diaki-experiences.com\/how-it-works\/experiential-learning\/","url":"https:\/\/diaki-experiences.com\/how-it-works\/experiential-learning\/","name":"Apprentissage exp\u00e9rientiel - Diaki Experiences","isPartOf":{"@id":"https:\/\/diaki-experiences.com\/#website"},"primaryImageOfPage":{"@id":"https:\/\/diaki-experiences.com\/how-it-works\/experiential-learning\/#primaryimage"},"image":{"@id":"https:\/\/diaki-experiences.com\/how-it-works\/experiential-learning\/#primaryimage"},"thumbnailUrl":"https:\/\/diaki-experiences.com\/wp-content\/uploads\/2020\/09\/DIAKI-HEADER-EXPERIENTIAL.jpg","datePublished":"2020-09-10T20:06:59+00:00","dateModified":"2020-11-10T15:26:48+00:00","breadcrumb":{"@id":"https:\/\/diaki-experiences.com\/how-it-works\/experiential-learning\/#breadcrumb"},"inLanguage":"fr-FR","potentialAction":[{"@type":"ReadAction","target":["https:\/\/diaki-experiences.com\/how-it-works\/experiential-learning\/"]}]},{"@type":"ImageObject","inLanguage":"fr-FR","@id":"https:\/\/diaki-experiences.com\/how-it-works\/experiential-learning\/#primaryimage","url":"https:\/\/diaki-experiences.com\/wp-content\/uploads\/2020\/09\/DIAKI-HEADER-EXPERIENTIAL.jpg","contentUrl":"https:\/\/diaki-experiences.com\/wp-content\/uploads\/2020\/09\/DIAKI-HEADER-EXPERIENTIAL.jpg","width":1600,"height":900,"caption":"A group building a puzzle together"},{"@type":"BreadcrumbList","@id":"https:\/\/diaki-experiences.com\/how-it-works\/experiential-learning\/#breadcrumb","itemListElement":[{"@type":"ListItem","position":1,"name":"Home","item":"https:\/\/diaki-experiences.com\/fr\/"},{"@type":"ListItem","position":2,"name":"Comment \u00e7a fonctionne?","item":"https:\/\/diaki-experiences.com\/fr\/how-it-works\/"},{"@type":"ListItem","position":3,"name":"Apprentissage exp\u00e9rientiel"}]},{"@type":"WebSite","@id":"https:\/\/diaki-experiences.com\/#website","url":"https:\/\/diaki-experiences.com\/","name":"Diaki Experiences","description":"","potentialAction":[{"@type":"SearchAction","target":{"@type":"EntryPoint","urlTemplate":"https:\/\/diaki-experiences.com\/?s={search_term_string}"},"query-input":{"@type":"PropertyValueSpecification","valueRequired":true,"valueName":"search_term_string"}}],"inLanguage":"fr-FR"}]}},"_links":{"self":[{"href":"https:\/\/diaki-experiences.com\/fr\/wp-json\/wp\/v2\/pages\/826","targetHints":{"allow":["GET"]}}],"collection":[{"href":"https:\/\/diaki-experiences.com\/fr\/wp-json\/wp\/v2\/pages"}],"about":[{"href":"https:\/\/diaki-experiences.com\/fr\/wp-json\/wp\/v2\/types\/page"}],"author":[{"embeddable":true,"href":"https:\/\/diaki-experiences.com\/fr\/wp-json\/wp\/v2\/users\/1"}],"replies":[{"embeddable":true,"href":"https:\/\/diaki-experiences.com\/fr\/wp-json\/wp\/v2\/comments?post=826"}],"version-history":[{"count":0,"href":"https:\/\/diaki-experiences.com\/fr\/wp-json\/wp\/v2\/pages\/826\/revisions"}],"up":[{"embeddable":true,"href":"https:\/\/diaki-experiences.com\/fr\/wp-json\/wp\/v2\/pages\/797"}],"wp:featuredmedia":[{"embeddable":true,"href":"https:\/\/diaki-experiences.com\/fr\/wp-json\/wp\/v2\/media\/741"}],"wp:attachment":[{"href":"https:\/\/diaki-experiences.com\/fr\/wp-json\/wp\/v2\/media?parent=826"}],"curies":[{"name":"wp","href":"https:\/\/api.w.org\/{rel}","templated":true}]}}