{"id":839,"date":"2020-09-05T13:57:18","date_gmt":"2020-09-05T13:57:18","guid":{"rendered":"https:\/\/dev.diaki-experiences.com\/nova-profile\/"},"modified":"2023-11-07T23:24:36","modified_gmt":"2023-11-07T23:24:36","slug":"nova-profile","status":"publish","type":"page","link":"https:\/\/diaki-experiences.com\/fr\/nova-profile\/","title":{"rendered":"Profil personnalis\u00e9 NOVA"},"content":{"rendered":"\n\n\t<span class=\"pum-stp-trigger pum-stp-trigger-2528\"><\/span>\n\t<h1>Ce qu\u2019est le profil NOVA<sup>MC<\/sup><\/h1>\n<p>Nous utilisons l\u2019outil d\u2019\u00e9valuation comportementale \u2018Profil NOVA<sup>MC<\/sup>\u2018 comme outil de d\u00e9couverte de soi pour nos ateliers de leadership, de carri\u00e8re et de mobilisation d\u2019\u00e9quipes ainsi que pour nos s\u00e9ances de coaching.<\/p>\n\t\t\t<a href=\"https:\/\/drive.google.com\/file\/d\/19u-sSdwE23j7tX6y4DtK6bxkaJrlV3GY\/view?usp=sharing\" target=\"_blank\" rel=\"noopener\">\n\t\t\t\t\t\t\tT\u00e9l\u00e9chargez un Exemple de Profil NOVA Gratuit \n\t\t\t\t\t<\/a>\n\t<h2>Le profil NOVA est un outil de d\u00e9veloppement personnel et professionnel valid\u00e9 qui mesure:<\/h2>\n<ul>\n<li>Pr\u00e9f\u00e9rences comportementales;<\/li>\n<li>Pr\u00e9f\u00e9rences cognitives;<\/li>\n<li>Style naturel (la vraie nature des gens) vs style adapt\u00e9 (le masque social)<\/li>\n<li>Motivations et valeurs<\/li>\n<\/ul>\n\n<section class=\"container optimal-efficiency-section\">\n        <h1>L\u2019efficacit\u00e9 optimale du Profil NOVA<\/h1>\n        <p class=\"sub-title\">Le concept NOVA est une m\u00e9thode d\u2019efficacit\u00e9 optimale pour\u00a0:<\/p>\n        <div class=\"row methods\">\n                            <div class=\"col-sm-12 col-md-4\">\n                    <div class=\"icon-container\">\n                        <img decoding=\"async\" class=\"icon\" src=\"https:\/\/diaki-experiences.com\/wp-content\/uploads\/2020\/10\/adaptability-FR.png\" alt=\"\">\n                    <\/div>\n                    <h2>Identit\u00e9<\/h3>\n                    <p>Mieux se conna\u00eetre<\/p>\n                <\/div>\n                            <div class=\"col-sm-12 col-md-4\">\n                    <div class=\"icon-container\">\n                        <img decoding=\"async\" class=\"icon\" src=\"https:\/\/diaki-experiences.com\/wp-content\/uploads\/2020\/10\/identity_icon-FR.png\" alt=\"\">\n                    <\/div>\n                    <h2>Adaptabilit\u00e9<\/h3>\n                    <p>Mieux reconna\u00eetre et comprendre autrui<\/p>\n                <\/div>\n                            <div class=\"col-sm-12 col-md-4\">\n                    <div class=\"icon-container\">\n                        <img decoding=\"async\" class=\"icon\" src=\"https:\/\/diaki-experiences.com\/wp-content\/uploads\/2020\/10\/effectiveness_icon-FR.png\" alt=\"\">\n                    <\/div>\n                    <h2>Efficacit\u00e9<\/h3>\n                    <p>Mieux interagir en fonction de soi, autrui et la situation \r\n\r\n\r\n<\/p>\n                <\/div>\n                    <\/div>\n        <p class=\"info-text text-center\">L\u00e9gende\u00a0: Moi (M)  Autrui (A)  Situation (S)<\/p>\n<\/section>\n\n<h1>Le profil NOVA synth\u00e9tise trois des travaux les plus marquants sur les comportements humains:<\/h1>\n<ul>\n<li>Inspir\u00e9 du questionnaire original DISC de William Moulton MARSTON (les expressions comportementales) \u2013 associ\u00e9 au \u2018Langage des couleurs\u2019 (voir image ci-dessous)<\/li>\n<li>Int\u00e9grant les travaux de Carl Gustav JUNG (les types psychologiques)<\/li>\n<li>Incluant les principes d\u2019Eduard SPRANGER (les motivations et valeurs)<\/li>\n<\/ul>\n<p><img loading=\"lazy\" decoding=\"async\" src=\"https:\/\/diaki-experiences.com\/wp-content\/uploads\/2020\/10\/NOVA_behaviour_patterns-FR-1024x764.png\" alt=\"\" width=\"800\" height=\"597\" \/><\/p>\n<h1>Informations obtenues gr\u00e2ce au Profil NOVA<sup>MC<\/sup><\/h1>\n<h4>Comment et pourquoi une personne\u00a0:<\/h4>\n<ul>\n<li>fait-elle les choses<\/li>\n<li>aborde-t-elle les probl\u00e8mes et les d\u00e9fis<\/li>\n<li>se comporte-t-elle face au changement<\/li>\n<li>recueille-t-elle l\u2019information<\/li>\n<li>prend-elle ses d\u00e9cisions<\/li>\n<\/ul>\n<p>\u00a0<\/p>\n<h4>Quel est son style de:<\/h4>\n<ul>\n<li>communication<\/li>\n<li>gestion<\/li>\n<li>leadership<\/li>\n<li>ventes<\/li>\n<\/ul>\n<p>\u00a0<\/p>\n<h4>Quelles sont ses:<\/h4>\n<ul>\n<li>contributions dans l\u2019\u00e9quipe<\/li>\n<li>perceptions dominantes<\/li>\n<li>pr\u00e9f\u00e9rences comportementales<\/li>\n<\/ul>\n<p>\u00a0<\/p>\n<h2>Plusieurs profils sont disponibles et peuvent servir \u00e0 de multiples applications telles que:<\/h2>\n<ul>\n<li>Coaching (ex\u00e9cutif, d\u2019affaire, de vie, etc.)<\/li>\n<li>D\u00e9veloppement personnel<\/li>\n<li>Gestion<\/li>\n<li>Leadership<\/li>\n<li>Communication<\/li>\n<li>Synergie d\u2019\u00e9quipe<\/li>\n<li>Orientation de carri\u00e8re<\/li>\n<li>D\u00e9veloppement organisationnel<\/li>\n<\/ul>\n<p>\u00a0<\/p>\n<p>Le questionnaire est disponible en ligne, ne prend que 15 minutes pour r\u00e9pondre et g\u00e9n\u00e8re un rapport allant jusqu\u2019\u00e0 40 pages (le questionnaire est accessible en cinq langues, dont le fran\u00e7ais, l\u2019anglais, l\u2019allemand, l\u2019espagnol et l\u2019arabe).<\/p>\n\t\t\t<a href=\"https:\/\/drive.google.com\/file\/d\/19u-sSdwE23j7tX6y4DtK6bxkaJrlV3GY\/view?usp=sharing\" target=\"_blank\" rel=\"noopener\">\n\t\t\t\t\t\t\tT\u00e9l\u00e9chargez un Exemple de Profil NOVA Gratuit \n\t\t\t\t\t<\/a>\n\t\t\t<a href=\"https:\/\/diaki-experiences.com\/fr\/?post_type=e-landing-page&p=2536\" target=\"_blank\" rel=\"noopener\">\n\t\t\t\t\t\t\tCommandez un Profil NOVA\n\t\t\t\t\t<\/a>\n\t<blockquote>\n<p><strong>\u00cates-vous un professionnel militaire ou un ancien combattant qui traverse une p\u00e9riode de transition ?<\/strong><\/p>\n<p>D\u00e9couvrez comment votre NOVA peut vous apporter un soutien inestimable pendant cette p\u00e9riode cruciale de votre vie.\u00a0<\/p>\n<\/blockquote>\n\t\t\t<a href=\"https:\/\/drive.google.com\/file\/d\/1G7uq1HikUXC4iRptmf6EGUeRvmscJNRr\/view?usp=sharing\" target=\"_blank\" rel=\"noopener\">\n\t\t\t\t\t\t\tCliquez ici\n\t\t\t\t\t<\/a>\n\n","protected":false},"excerpt":{"rendered":"<p>Ce qu\u2019est le profil NOVAMC Nous utilisons l\u2019outil d\u2019\u00e9valuation comportementale \u2018Profil NOVAMC\u2018 comme outil de d\u00e9couverte de soi pour nos ateliers de leadership, de carri\u00e8re et de mobilisation d\u2019\u00e9quipes ainsi que pour nos s\u00e9ances de coaching. T\u00e9l\u00e9chargez un Exemple de Profil NOVA Gratuit Le profil NOVA est un outil de d\u00e9veloppement personnel et professionnel valid\u00e9 [&hellip;]<\/p>\n","protected":false},"author":1,"featured_media":738,"parent":0,"menu_order":0,"comment_status":"closed","ping_status":"closed","template":"","meta":{"_acf_changed":false,"footnotes":""},"class_list":["post-839","page","type-page","status-publish","has-post-thumbnail","hentry"],"acf":[],"yoast_head":"<!-- This site is optimized with the Yoast SEO plugin v25.2 - https:\/\/yoast.com\/wordpress\/plugins\/seo\/ -->\n<title>Profil personnalis\u00e9 NOVA - Diaki Experiences<\/title>\n<meta name=\"robots\" content=\"index, follow, max-snippet:-1, max-image-preview:large, max-video-preview:-1\" \/>\n<link rel=\"canonical\" href=\"https:\/\/diaki-experiences.com\/fr\/nova-profile\/\" \/>\n<meta property=\"og:locale\" content=\"fr_FR\" \/>\n<meta property=\"og:type\" content=\"article\" \/>\n<meta property=\"og:title\" content=\"Profil personnalis\u00e9 NOVA - Diaki Experiences\" \/>\n<meta property=\"og:description\" content=\"Ce qu\u2019est le profil NOVAMC Nous utilisons l\u2019outil d\u2019\u00e9valuation comportementale \u2018Profil NOVAMC\u2018 comme outil de d\u00e9couverte de soi pour nos ateliers de leadership, de carri\u00e8re et de mobilisation d\u2019\u00e9quipes ainsi que pour nos s\u00e9ances de coaching. T\u00e9l\u00e9chargez un Exemple de Profil NOVA Gratuit Le profil NOVA est un outil de d\u00e9veloppement personnel et professionnel valid\u00e9 [&hellip;]\" \/>\n<meta property=\"og:url\" content=\"https:\/\/diaki-experiences.com\/fr\/nova-profile\/\" \/>\n<meta property=\"og:site_name\" content=\"Diaki Experiences\" \/>\n<meta property=\"article:modified_time\" content=\"2023-11-07T23:24:36+00:00\" \/>\n<meta property=\"og:image\" content=\"https:\/\/diaki-experiences.com\/wp-content\/uploads\/2020\/09\/DIAKI-HEADER-NOVA.jpg\" \/>\n\t<meta property=\"og:image:width\" content=\"1600\" \/>\n\t<meta property=\"og:image:height\" content=\"900\" \/>\n\t<meta property=\"og:image:type\" content=\"image\/jpeg\" \/>\n<meta name=\"twitter:card\" content=\"summary_large_image\" \/>\n<meta name=\"twitter:label1\" content=\"Dur\u00e9e de lecture estim\u00e9e\" \/>\n\t<meta name=\"twitter:data1\" content=\"2 minutes\" \/>\n<script type=\"application\/ld+json\" class=\"yoast-schema-graph\">{\"@context\":\"https:\/\/schema.org\",\"@graph\":[{\"@type\":\"WebPage\",\"@id\":\"https:\/\/diaki-experiences.com\/fr\/nova-profile\/\",\"url\":\"https:\/\/diaki-experiences.com\/fr\/nova-profile\/\",\"name\":\"Profil personnalis\u00e9 NOVA - Diaki Experiences\",\"isPartOf\":{\"@id\":\"https:\/\/diaki-experiences.com\/#website\"},\"primaryImageOfPage\":{\"@id\":\"https:\/\/diaki-experiences.com\/fr\/nova-profile\/#primaryimage\"},\"image\":{\"@id\":\"https:\/\/diaki-experiences.com\/fr\/nova-profile\/#primaryimage\"},\"thumbnailUrl\":\"https:\/\/diaki-experiences.com\/wp-content\/uploads\/2020\/09\/DIAKI-HEADER-NOVA.jpg\",\"datePublished\":\"2020-09-05T13:57:18+00:00\",\"dateModified\":\"2023-11-07T23:24:36+00:00\",\"breadcrumb\":{\"@id\":\"https:\/\/diaki-experiences.com\/fr\/nova-profile\/#breadcrumb\"},\"inLanguage\":\"fr-FR\",\"potentialAction\":[{\"@type\":\"ReadAction\",\"target\":[\"https:\/\/diaki-experiences.com\/fr\/nova-profile\/\"]}]},{\"@type\":\"ImageObject\",\"inLanguage\":\"fr-FR\",\"@id\":\"https:\/\/diaki-experiences.com\/fr\/nova-profile\/#primaryimage\",\"url\":\"https:\/\/diaki-experiences.com\/wp-content\/uploads\/2020\/09\/DIAKI-HEADER-NOVA.jpg\",\"contentUrl\":\"https:\/\/diaki-experiences.com\/wp-content\/uploads\/2020\/09\/DIAKI-HEADER-NOVA.jpg\",\"width\":1600,\"height\":900,\"caption\":\"individual portraits of diverse individuals\"},{\"@type\":\"BreadcrumbList\",\"@id\":\"https:\/\/diaki-experiences.com\/fr\/nova-profile\/#breadcrumb\",\"itemListElement\":[{\"@type\":\"ListItem\",\"position\":1,\"name\":\"Home\",\"item\":\"https:\/\/diaki-experiences.com\/fr\/\"},{\"@type\":\"ListItem\",\"position\":2,\"name\":\"Profil personnalis\u00e9 NOVA\"}]},{\"@type\":\"WebSite\",\"@id\":\"https:\/\/diaki-experiences.com\/#website\",\"url\":\"https:\/\/diaki-experiences.com\/\",\"name\":\"Diaki Experiences\",\"description\":\"\",\"potentialAction\":[{\"@type\":\"SearchAction\",\"target\":{\"@type\":\"EntryPoint\",\"urlTemplate\":\"https:\/\/diaki-experiences.com\/?s={search_term_string}\"},\"query-input\":{\"@type\":\"PropertyValueSpecification\",\"valueRequired\":true,\"valueName\":\"search_term_string\"}}],\"inLanguage\":\"fr-FR\"}]}<\/script>\n<!-- \/ Yoast SEO plugin. -->","yoast_head_json":{"title":"Profil personnalis\u00e9 NOVA - Diaki Experiences","robots":{"index":"index","follow":"follow","max-snippet":"max-snippet:-1","max-image-preview":"max-image-preview:large","max-video-preview":"max-video-preview:-1"},"canonical":"https:\/\/diaki-experiences.com\/fr\/nova-profile\/","og_locale":"fr_FR","og_type":"article","og_title":"Profil personnalis\u00e9 NOVA - Diaki Experiences","og_description":"Ce qu\u2019est le profil NOVAMC Nous utilisons l\u2019outil d\u2019\u00e9valuation comportementale \u2018Profil NOVAMC\u2018 comme outil de d\u00e9couverte de soi pour nos ateliers de leadership, de carri\u00e8re et de mobilisation d\u2019\u00e9quipes ainsi que pour nos s\u00e9ances de coaching. T\u00e9l\u00e9chargez un Exemple de Profil NOVA Gratuit Le profil NOVA est un outil de d\u00e9veloppement personnel et professionnel valid\u00e9 [&hellip;]","og_url":"https:\/\/diaki-experiences.com\/fr\/nova-profile\/","og_site_name":"Diaki Experiences","article_modified_time":"2023-11-07T23:24:36+00:00","og_image":[{"width":1600,"height":900,"url":"https:\/\/diaki-experiences.com\/wp-content\/uploads\/2020\/09\/DIAKI-HEADER-NOVA.jpg","type":"image\/jpeg"}],"twitter_card":"summary_large_image","twitter_misc":{"Dur\u00e9e de lecture estim\u00e9e":"2 minutes"},"schema":{"@context":"https:\/\/schema.org","@graph":[{"@type":"WebPage","@id":"https:\/\/diaki-experiences.com\/fr\/nova-profile\/","url":"https:\/\/diaki-experiences.com\/fr\/nova-profile\/","name":"Profil personnalis\u00e9 NOVA - Diaki Experiences","isPartOf":{"@id":"https:\/\/diaki-experiences.com\/#website"},"primaryImageOfPage":{"@id":"https:\/\/diaki-experiences.com\/fr\/nova-profile\/#primaryimage"},"image":{"@id":"https:\/\/diaki-experiences.com\/fr\/nova-profile\/#primaryimage"},"thumbnailUrl":"https:\/\/diaki-experiences.com\/wp-content\/uploads\/2020\/09\/DIAKI-HEADER-NOVA.jpg","datePublished":"2020-09-05T13:57:18+00:00","dateModified":"2023-11-07T23:24:36+00:00","breadcrumb":{"@id":"https:\/\/diaki-experiences.com\/fr\/nova-profile\/#breadcrumb"},"inLanguage":"fr-FR","potentialAction":[{"@type":"ReadAction","target":["https:\/\/diaki-experiences.com\/fr\/nova-profile\/"]}]},{"@type":"ImageObject","inLanguage":"fr-FR","@id":"https:\/\/diaki-experiences.com\/fr\/nova-profile\/#primaryimage","url":"https:\/\/diaki-experiences.com\/wp-content\/uploads\/2020\/09\/DIAKI-HEADER-NOVA.jpg","contentUrl":"https:\/\/diaki-experiences.com\/wp-content\/uploads\/2020\/09\/DIAKI-HEADER-NOVA.jpg","width":1600,"height":900,"caption":"individual portraits of diverse individuals"},{"@type":"BreadcrumbList","@id":"https:\/\/diaki-experiences.com\/fr\/nova-profile\/#breadcrumb","itemListElement":[{"@type":"ListItem","position":1,"name":"Home","item":"https:\/\/diaki-experiences.com\/fr\/"},{"@type":"ListItem","position":2,"name":"Profil personnalis\u00e9 NOVA"}]},{"@type":"WebSite","@id":"https:\/\/diaki-experiences.com\/#website","url":"https:\/\/diaki-experiences.com\/","name":"Diaki Experiences","description":"","potentialAction":[{"@type":"SearchAction","target":{"@type":"EntryPoint","urlTemplate":"https:\/\/diaki-experiences.com\/?s={search_term_string}"},"query-input":{"@type":"PropertyValueSpecification","valueRequired":true,"valueName":"search_term_string"}}],"inLanguage":"fr-FR"}]}},"_links":{"self":[{"href":"https:\/\/diaki-experiences.com\/fr\/wp-json\/wp\/v2\/pages\/839","targetHints":{"allow":["GET"]}}],"collection":[{"href":"https:\/\/diaki-experiences.com\/fr\/wp-json\/wp\/v2\/pages"}],"about":[{"href":"https:\/\/diaki-experiences.com\/fr\/wp-json\/wp\/v2\/types\/page"}],"author":[{"embeddable":true,"href":"https:\/\/diaki-experiences.com\/fr\/wp-json\/wp\/v2\/users\/1"}],"replies":[{"embeddable":true,"href":"https:\/\/diaki-experiences.com\/fr\/wp-json\/wp\/v2\/comments?post=839"}],"version-history":[{"count":0,"href":"https:\/\/diaki-experiences.com\/fr\/wp-json\/wp\/v2\/pages\/839\/revisions"}],"wp:featuredmedia":[{"embeddable":true,"href":"https:\/\/diaki-experiences.com\/fr\/wp-json\/wp\/v2\/media\/738"}],"wp:attachment":[{"href":"https:\/\/diaki-experiences.com\/fr\/wp-json\/wp\/v2\/media?parent=839"}],"curies":[{"name":"wp","href":"https:\/\/api.w.org\/{rel}","templated":true}]}}