{"id":943,"date":"2020-10-18T21:31:08","date_gmt":"2020-10-18T21:31:08","guid":{"rendered":"https:\/\/dev.diaki-experiences.com\/military-veteran-support\/"},"modified":"2022-09-23T00:34:40","modified_gmt":"2022-09-23T00:34:40","slug":"military-veteran-support","status":"publish","type":"page","link":"https:\/\/diaki-experiences.com\/fr\/military-veteran-support\/","title":{"rendered":"Soutenir les militaires et les v\u00e9t\u00e9rans<BR\/><BR\/>"},"content":{"rendered":"<h1>La contribution de DIAKI<\/h1>\n<p>Avec notre longue histoire en uniforme et notre d\u00e9sir de servir, nous soutenons les membres actifs et anciens des Forces arm\u00e9es canadiennes.\u00a0 Pour se faire, nous sommes des membres d\u00e9vou\u00e9s de diff\u00e9rentes causes qui nous tiennent \u00e0 coeur, via les organisations suivantes:<\/p>\n<p>Women\u2019s Mentoring Network<br \/>\n<img decoding=\"async\" class=\"alignnone size-full wp-image-729\" src=\"https:\/\/diaki-experiences.com\/wp-content\/uploads\/2020\/10\/DIAKI-WMN-1.jpg\" alt=\"\" width=\"30%\" height=\"30%\" srcset=\"https:\/\/diaki-experiences.com\/wp-content\/uploads\/2020\/10\/DIAKI-WMN-1.jpg 568w, https:\/\/diaki-experiences.com\/wp-content\/uploads\/2020\/10\/DIAKI-WMN-1-300x99.jpg 300w\" sizes=\"(max-width: 568px) 100vw, 568px\" \/><\/p>\n<p>R\u00e9seau Athena Network<br \/>\n<img decoding=\"async\" class=\"alignnone size-full wp-image-723\" src=\"https:\/\/diaki-experiences.com\/wp-content\/uploads\/2020\/10\/DIAKI-ATHENA-1.jpg\" alt=\"\" width=\"30%\" height=\"30%\" srcset=\"https:\/\/diaki-experiences.com\/wp-content\/uploads\/2020\/10\/DIAKI-ATHENA-1.jpg 568w, https:\/\/diaki-experiences.com\/wp-content\/uploads\/2020\/10\/DIAKI-ATHENA-1-300x99.jpg 300w\" sizes=\"(max-width: 568px) 100vw, 568px\" \/><\/p>\n<p>Nous nous engageons \u00e9galement en tant que coach et coordonatrice des \u2018Transition Lifeshops\u2019<br \/>\n<img decoding=\"async\" class=\"alignnone size-full wp-image-727\" src=\"https:\/\/diaki-experiences.com\/wp-content\/uploads\/2020\/10\/DIAKI-TRANSITIONS-1.jpg\" alt=\"\" width=\"30%\" height=\"30%\" srcset=\"https:\/\/diaki-experiences.com\/wp-content\/uploads\/2020\/10\/DIAKI-TRANSITIONS-1.jpg 568w, https:\/\/diaki-experiences.com\/wp-content\/uploads\/2020\/10\/DIAKI-TRANSITIONS-1-300x99.jpg 300w\" sizes=\"(max-width: 568px) 100vw, 568px\" \/><\/p>\n<p>\u00a0<\/p>\n<h1>Le soutien de DIAKI<\/h1>\n<h3>Nous avons \u00e9t\u00e9 dans vos bottes et accumul\u00e9 plusieurs t-shirts!<\/h3>\n<p>Nous avons \u00e9t\u00e9 militaires, \u00e9pouse et fianc\u00e9e qui ont d\u00e9ploy\u00e9s pendant que nous \u00e9tions l\u2019arri\u00e8re garde, avons \u00e9lev\u00e9 des \u2018military brats\u2019\u2026. Nous savons que la vie de militaires peut quelques fois \u00eatre chaotiques, remplies de d\u00e9fis, mais le plus important est qu\u2019elle est remplie d\u2019aventure et de rencontres incroyables.<\/p>\n<p>Maintenant que nous sommes retrait\u00e9es des Forces canadiennes, nous avons b\u00e2ti un coffre \u00e0 outil qui peut vous soutenir. \u00c7a vous int\u00e9resse? <a href=\"https:\/\/diaki-experiences.com\/fr\/contact\/\">Contactez-nous<\/a><\/p>\n<p>\u00a0<\/p>\n<h2>Achetons V\u00e9t\u00e9ran<\/h2>\n<p>Nous soutenons les entreprises d\u00e9tenues par les membres de la communaut\u00e9 militaire et les v\u00e9t\u00e9rans.<\/p>\n<p>En plus d\u2019accompagner les v\u00e9t\u00e9rans, DIAKI est \u00e9galement membre de la communaut\u00e9 canadienne<br \/>\n<a href=\"http:\/\/www.princesoperationentrepreneur.ca\/fr\">#Achetonsv\u00e9t\u00e9ran<\/a>.<br \/>\n<img decoding=\"async\" class=\"alignnone size-full wp-image-752\" src=\"https:\/\/diaki-experiences.com\/wp-content\/uploads\/2020\/10\/DIAKI-BUYVETERAN.png\" alt=\"Buy Veteran Logo\" width=\"35%\" height=\"35%\" srcset=\"https:\/\/diaki-experiences.com\/wp-content\/uploads\/2020\/10\/DIAKI-BUYVETERAN.png 3300w, https:\/\/diaki-experiences.com\/wp-content\/uploads\/2020\/10\/DIAKI-BUYVETERAN-300x83.png 300w, https:\/\/diaki-experiences.com\/wp-content\/uploads\/2020\/10\/DIAKI-BUYVETERAN-1024x285.png 1024w, https:\/\/diaki-experiences.com\/wp-content\/uploads\/2020\/10\/DIAKI-BUYVETERAN-768x213.png 768w, https:\/\/diaki-experiences.com\/wp-content\/uploads\/2020\/10\/DIAKI-BUYVETERAN-1536x427.png 1536w, https:\/\/diaki-experiences.com\/wp-content\/uploads\/2020\/10\/DIAKI-BUYVETERAN-2048x569.png 2048w\" sizes=\"(max-width: 3300px) 100vw, 3300px\" \/><\/p>\n","protected":false},"excerpt":{"rendered":"<p>La contribution de DIAKI Avec notre longue histoire en uniforme et notre d\u00e9sir de servir, nous soutenons les membres actifs et anciens des Forces arm\u00e9es canadiennes.\u00a0 Pour se faire, nous sommes des membres d\u00e9vou\u00e9s de diff\u00e9rentes causes qui nous tiennent \u00e0 coeur, via les organisations suivantes: Women\u2019s Mentoring Network R\u00e9seau Athena Network Nous nous engageons [&hellip;]<\/p>\n","protected":false},"author":1,"featured_media":733,"parent":0,"menu_order":0,"comment_status":"closed","ping_status":"closed","template":"","meta":{"_acf_changed":false,"footnotes":""},"class_list":["post-943","page","type-page","status-publish","has-post-thumbnail","hentry"],"acf":[],"yoast_head":"<!-- This site is optimized with the Yoast SEO plugin v25.2 - https:\/\/yoast.com\/wordpress\/plugins\/seo\/ -->\n<title>Soutenir les militaires et les v\u00e9t\u00e9rans - Diaki Experiences<\/title>\n<meta name=\"robots\" content=\"index, follow, max-snippet:-1, max-image-preview:large, max-video-preview:-1\" \/>\n<link rel=\"canonical\" href=\"https:\/\/diaki-experiences.com\/military-veteran-support\/\" \/>\n<meta property=\"og:locale\" content=\"fr_FR\" \/>\n<meta property=\"og:type\" content=\"article\" \/>\n<meta property=\"og:title\" content=\"Soutenir les militaires et les v\u00e9t\u00e9rans - Diaki Experiences\" \/>\n<meta property=\"og:description\" content=\"La contribution de DIAKI Avec notre longue histoire en uniforme et notre d\u00e9sir de servir, nous soutenons les membres actifs et anciens des Forces arm\u00e9es canadiennes.\u00a0 Pour se faire, nous sommes des membres d\u00e9vou\u00e9s de diff\u00e9rentes causes qui nous tiennent \u00e0 coeur, via les organisations suivantes: Women\u2019s Mentoring Network R\u00e9seau Athena Network Nous nous engageons [&hellip;]\" \/>\n<meta property=\"og:url\" content=\"https:\/\/diaki-experiences.com\/military-veteran-support\/\" \/>\n<meta property=\"og:site_name\" content=\"Diaki Experiences\" \/>\n<meta property=\"article:modified_time\" content=\"2022-09-23T00:34:40+00:00\" \/>\n<meta property=\"og:image\" content=\"https:\/\/diaki-experiences.com\/wp-content\/uploads\/2020\/10\/DIAKI-HEADER-VETERAN.jpg\" \/>\n\t<meta property=\"og:image:width\" content=\"1600\" \/>\n\t<meta property=\"og:image:height\" content=\"900\" \/>\n\t<meta property=\"og:image:type\" content=\"image\/jpeg\" \/>\n<meta name=\"twitter:card\" content=\"summary_large_image\" \/>\n<meta name=\"twitter:label1\" content=\"Dur\u00e9e de lecture estim\u00e9e\" \/>\n\t<meta name=\"twitter:data1\" content=\"1 minute\" \/>\n<script type=\"application\/ld+json\" class=\"yoast-schema-graph\">{\"@context\":\"https:\/\/schema.org\",\"@graph\":[{\"@type\":\"WebPage\",\"@id\":\"https:\/\/diaki-experiences.com\/military-veteran-support\/\",\"url\":\"https:\/\/diaki-experiences.com\/military-veteran-support\/\",\"name\":\"Soutenir les militaires et les v\u00e9t\u00e9rans - Diaki Experiences\",\"isPartOf\":{\"@id\":\"https:\/\/diaki-experiences.com\/#website\"},\"primaryImageOfPage\":{\"@id\":\"https:\/\/diaki-experiences.com\/military-veteran-support\/#primaryimage\"},\"image\":{\"@id\":\"https:\/\/diaki-experiences.com\/military-veteran-support\/#primaryimage\"},\"thumbnailUrl\":\"https:\/\/diaki-experiences.com\/wp-content\/uploads\/2020\/10\/DIAKI-HEADER-VETERAN.jpg\",\"datePublished\":\"2020-10-18T21:31:08+00:00\",\"dateModified\":\"2022-09-23T00:34:40+00:00\",\"breadcrumb\":{\"@id\":\"https:\/\/diaki-experiences.com\/military-veteran-support\/#breadcrumb\"},\"inLanguage\":\"fr-FR\",\"potentialAction\":[{\"@type\":\"ReadAction\",\"target\":[\"https:\/\/diaki-experiences.com\/military-veteran-support\/\"]}]},{\"@type\":\"ImageObject\",\"inLanguage\":\"fr-FR\",\"@id\":\"https:\/\/diaki-experiences.com\/military-veteran-support\/#primaryimage\",\"url\":\"https:\/\/diaki-experiences.com\/wp-content\/uploads\/2020\/10\/DIAKI-HEADER-VETERAN.jpg\",\"contentUrl\":\"https:\/\/diaki-experiences.com\/wp-content\/uploads\/2020\/10\/DIAKI-HEADER-VETERAN.jpg\",\"width\":1600,\"height\":900,\"caption\":\"A Platoon of Canadian Armed Forces members standing at attention outside\"},{\"@type\":\"BreadcrumbList\",\"@id\":\"https:\/\/diaki-experiences.com\/military-veteran-support\/#breadcrumb\",\"itemListElement\":[{\"@type\":\"ListItem\",\"position\":1,\"name\":\"Home\",\"item\":\"https:\/\/diaki-experiences.com\/fr\/\"},{\"@type\":\"ListItem\",\"position\":2,\"name\":\"Soutenir les militaires et les v\u00e9t\u00e9rans\"}]},{\"@type\":\"WebSite\",\"@id\":\"https:\/\/diaki-experiences.com\/#website\",\"url\":\"https:\/\/diaki-experiences.com\/\",\"name\":\"Diaki Experiences\",\"description\":\"\",\"potentialAction\":[{\"@type\":\"SearchAction\",\"target\":{\"@type\":\"EntryPoint\",\"urlTemplate\":\"https:\/\/diaki-experiences.com\/?s={search_term_string}\"},\"query-input\":{\"@type\":\"PropertyValueSpecification\",\"valueRequired\":true,\"valueName\":\"search_term_string\"}}],\"inLanguage\":\"fr-FR\"}]}<\/script>\n<!-- \/ Yoast SEO plugin. -->","yoast_head_json":{"title":"Soutenir les militaires et les v\u00e9t\u00e9rans - Diaki Experiences","robots":{"index":"index","follow":"follow","max-snippet":"max-snippet:-1","max-image-preview":"max-image-preview:large","max-video-preview":"max-video-preview:-1"},"canonical":"https:\/\/diaki-experiences.com\/military-veteran-support\/","og_locale":"fr_FR","og_type":"article","og_title":"Soutenir les militaires et les v\u00e9t\u00e9rans - Diaki Experiences","og_description":"La contribution de DIAKI Avec notre longue histoire en uniforme et notre d\u00e9sir de servir, nous soutenons les membres actifs et anciens des Forces arm\u00e9es canadiennes.\u00a0 Pour se faire, nous sommes des membres d\u00e9vou\u00e9s de diff\u00e9rentes causes qui nous tiennent \u00e0 coeur, via les organisations suivantes: Women\u2019s Mentoring Network R\u00e9seau Athena Network Nous nous engageons [&hellip;]","og_url":"https:\/\/diaki-experiences.com\/military-veteran-support\/","og_site_name":"Diaki Experiences","article_modified_time":"2022-09-23T00:34:40+00:00","og_image":[{"width":1600,"height":900,"url":"https:\/\/diaki-experiences.com\/wp-content\/uploads\/2020\/10\/DIAKI-HEADER-VETERAN.jpg","type":"image\/jpeg"}],"twitter_card":"summary_large_image","twitter_misc":{"Dur\u00e9e de lecture estim\u00e9e":"1 minute"},"schema":{"@context":"https:\/\/schema.org","@graph":[{"@type":"WebPage","@id":"https:\/\/diaki-experiences.com\/military-veteran-support\/","url":"https:\/\/diaki-experiences.com\/military-veteran-support\/","name":"Soutenir les militaires et les v\u00e9t\u00e9rans - Diaki Experiences","isPartOf":{"@id":"https:\/\/diaki-experiences.com\/#website"},"primaryImageOfPage":{"@id":"https:\/\/diaki-experiences.com\/military-veteran-support\/#primaryimage"},"image":{"@id":"https:\/\/diaki-experiences.com\/military-veteran-support\/#primaryimage"},"thumbnailUrl":"https:\/\/diaki-experiences.com\/wp-content\/uploads\/2020\/10\/DIAKI-HEADER-VETERAN.jpg","datePublished":"2020-10-18T21:31:08+00:00","dateModified":"2022-09-23T00:34:40+00:00","breadcrumb":{"@id":"https:\/\/diaki-experiences.com\/military-veteran-support\/#breadcrumb"},"inLanguage":"fr-FR","potentialAction":[{"@type":"ReadAction","target":["https:\/\/diaki-experiences.com\/military-veteran-support\/"]}]},{"@type":"ImageObject","inLanguage":"fr-FR","@id":"https:\/\/diaki-experiences.com\/military-veteran-support\/#primaryimage","url":"https:\/\/diaki-experiences.com\/wp-content\/uploads\/2020\/10\/DIAKI-HEADER-VETERAN.jpg","contentUrl":"https:\/\/diaki-experiences.com\/wp-content\/uploads\/2020\/10\/DIAKI-HEADER-VETERAN.jpg","width":1600,"height":900,"caption":"A Platoon of Canadian Armed Forces members standing at attention outside"},{"@type":"BreadcrumbList","@id":"https:\/\/diaki-experiences.com\/military-veteran-support\/#breadcrumb","itemListElement":[{"@type":"ListItem","position":1,"name":"Home","item":"https:\/\/diaki-experiences.com\/fr\/"},{"@type":"ListItem","position":2,"name":"Soutenir les militaires et les v\u00e9t\u00e9rans"}]},{"@type":"WebSite","@id":"https:\/\/diaki-experiences.com\/#website","url":"https:\/\/diaki-experiences.com\/","name":"Diaki Experiences","description":"","potentialAction":[{"@type":"SearchAction","target":{"@type":"EntryPoint","urlTemplate":"https:\/\/diaki-experiences.com\/?s={search_term_string}"},"query-input":{"@type":"PropertyValueSpecification","valueRequired":true,"valueName":"search_term_string"}}],"inLanguage":"fr-FR"}]}},"_links":{"self":[{"href":"https:\/\/diaki-experiences.com\/fr\/wp-json\/wp\/v2\/pages\/943","targetHints":{"allow":["GET"]}}],"collection":[{"href":"https:\/\/diaki-experiences.com\/fr\/wp-json\/wp\/v2\/pages"}],"about":[{"href":"https:\/\/diaki-experiences.com\/fr\/wp-json\/wp\/v2\/types\/page"}],"author":[{"embeddable":true,"href":"https:\/\/diaki-experiences.com\/fr\/wp-json\/wp\/v2\/users\/1"}],"replies":[{"embeddable":true,"href":"https:\/\/diaki-experiences.com\/fr\/wp-json\/wp\/v2\/comments?post=943"}],"version-history":[{"count":0,"href":"https:\/\/diaki-experiences.com\/fr\/wp-json\/wp\/v2\/pages\/943\/revisions"}],"wp:featuredmedia":[{"embeddable":true,"href":"https:\/\/diaki-experiences.com\/fr\/wp-json\/wp\/v2\/media\/733"}],"wp:attachment":[{"href":"https:\/\/diaki-experiences.com\/fr\/wp-json\/wp\/v2\/media?parent=943"}],"curies":[{"name":"wp","href":"https:\/\/api.w.org\/{rel}","templated":true}]}}